{"id":927,"date":"2020-06-03T15:14:25","date_gmt":"2020-06-03T18:14:25","guid":{"rendered":"https:\/\/ispef-cha.infd.edu.ar\/sitio\/?page_id=927"},"modified":"2026-03-26T22:20:22","modified_gmt":"2026-03-27T01:20:22","slug":"horarios-2020","status":"publish","type":"page","link":"https:\/\/ispef-cha.infd.edu.ar\/sitio\/horarios-2020\/","title":{"rendered":"PRFESORADO EN EDUCACI\u00d3N F\u00cdSICA-HORARIOS 2026"},"content":{"rendered":"<h2>\u00a0<\/h2>\n<h1>\u00a0<\/h1>\n<h1 style=\"text-align: center;\"><span style=\"color: #000000;\"><strong>HORARIOS <\/strong><strong>2026- PLAN DE ESTUDIOS 2017\u00a0<\/strong><\/span><\/h1>\n<h1 style=\"text-align: center;\"><span style=\"color: #0000ff;\"><strong><span style=\"color: #000000;\">\u00a0UNIDADES CURRICULARES ANUALES Y CUATRIMESTRALES<\/span><\/strong><\/span><\/h1>\n<h3 style=\"text-align: center;\"><a href=\"https:\/\/ispef-cha.infd.edu.ar\/sitio\/wp-content\/uploads\/2026\/03\/1-PRIMER-ANO-2026.pdf\">1- HORARIOS 2026 PRIMER A\u00d1O<\/a><\/h3>\n<h3 style=\"text-align: center;\"><a href=\"https:\/\/ispef-cha.infd.edu.ar\/sitio\/wp-content\/uploads\/2026\/03\/2-SEGUNDO-ANO-2026.pdf\">2- HORARIOS 2026 SEGUNDO A\u00d1O<\/a><\/h3>\n<h3 style=\"text-align: center;\"><a href=\"https:\/\/ispef-cha.infd.edu.ar\/sitio\/wp-content\/uploads\/2026\/03\/3-TERCER-ANO-2026.pdf\">3-HORARIOS 2026 TERCER-A\u00d1O<\/a><\/h3>\n<h3 style=\"text-align: center;\"><a href=\"https:\/\/ispef-cha.infd.edu.ar\/sitio\/wp-content\/uploads\/2026\/03\/4-CUARTO-ANO-2026.pdf\">4-HORARIOS 2026 CUARTO A\u00d1O<\/a><\/h3>\n<h3 style=\"text-align: center;\"><a href=\"https:\/\/ispef-cha.infd.edu.ar\/sitio\/wp-content\/uploads\/2026\/03\/5-QUINTO-ANO-2026.pdf\">5-HORARIOS 2026 QUINTO-A\u00d1O<\/a><\/h3>\n<h1>\u00a0<\/h1>\n<h1 style=\"text-align: center;\">\u00a0<\/h1>\n\n\n<p><\/p>\n","protected":false},"excerpt":{"rendered":"<p>\u00a0 \u00a0 HORARIOS 2026- PLAN DE ESTUDIOS 2017\u00a0 \u00a0UNIDADES CURRICULARES ANUALES Y CUATRIMESTRALES 1- HORARIOS 2026 PRIMER A\u00d1O 2- HORARIOS 2026 SEGUNDO A\u00d1O 3-HORARIOS 2026 TERCER-A\u00d1O 4-HORARIOS 2026 CUARTO A\u00d1O 5-HORARIOS 2026 QUINTO-A\u00d1O \u00a0 \u00a0<\/p>\n","protected":false},"author":2184,"featured_media":0,"parent":0,"menu_order":0,"comment_status":"closed","ping_status":"closed","template":"","meta":[],"acf":[],"_links":{"self":[{"href":"https:\/\/ispef-cha.infd.edu.ar\/sitio\/wp-json\/wp\/v2\/pages\/927"}],"collection":[{"href":"https:\/\/ispef-cha.infd.edu.ar\/sitio\/wp-json\/wp\/v2\/pages"}],"about":[{"href":"https:\/\/ispef-cha.infd.edu.ar\/sitio\/wp-json\/wp\/v2\/types\/page"}],"author":[{"embeddable":true,"href":"https:\/\/ispef-cha.infd.edu.ar\/sitio\/wp-json\/wp\/v2\/users\/2184"}],"replies":[{"embeddable":true,"href":"https:\/\/ispef-cha.infd.edu.ar\/sitio\/wp-json\/wp\/v2\/comments?post=927"}],"version-history":[{"count":29,"href":"https:\/\/ispef-cha.infd.edu.ar\/sitio\/wp-json\/wp\/v2\/pages\/927\/revisions"}],"predecessor-version":[{"id":2599,"href":"https:\/\/ispef-cha.infd.edu.ar\/sitio\/wp-json\/wp\/v2\/pages\/927\/revisions\/2599"}],"wp:attachment":[{"href":"https:\/\/ispef-cha.infd.edu.ar\/sitio\/wp-json\/wp\/v2\/media?parent=927"}],"curies":[{"name":"wp","href":"https:\/\/api.w.org\/{rel}","templated":true}]}}