{"id":879,"date":"2020-06-03T11:02:45","date_gmt":"2020-06-03T14:02:45","guid":{"rendered":"https:\/\/ispef-cha.infd.edu.ar\/sitio\/?page_id=879"},"modified":"2020-06-03T12:19:17","modified_gmt":"2020-06-03T15:19:17","slug":"como-ingresar-al-aula-virtual","status":"publish","type":"page","link":"https:\/\/ispef-cha.infd.edu.ar\/sitio\/como-ingresar-al-aula-virtual\/","title":{"rendered":"COMO INGRESAR AL AULA VIRTUAL"},"content":{"rendered":"<p>Este espacio es un lugar de comunicaci\u00f3n con el fin de que docentes y alumnos podamos interactuar a distancia.<\/p>\n<p>Para ingresar al campus deber\u00e1s seleccionar Campus Virtual en el inicio de la p\u00e1gina o dirigirte al siguiente enlace: <a href=\"https:\/\/ispef-cha.infd.edu.ar\/aula\/acceso.cgi\">https:\/\/ispef-cha.infd.edu.ar\/aula\/acceso.cgi<\/a> una vez ingresado all\u00ed te aparecer\u00e1 la siguiente imagen:<img decoding=\"async\" loading=\"lazy\" class=\"size-full wp-image-892 aligncenter\" src=\"https:\/\/ispef-cha.infd.edu.ar\/sitio\/wp-content\/uploads\/2020\/06\/1.jpg\" alt=\"\" width=\"559\" height=\"266\" \/><\/p>\n<p>Deber\u00e1s completar los datos de Usuario (generalmente es el DNI) y la clave se te proporcionar\u00e1 a tu correo electr\u00f3nico personal.<\/p>\n<p>Una vez ingresados los datos tendr\u00e1s acceso al escritorio donde ver\u00e1s todas las aulas habilitadas como unidades o espacios curriculares te hayas inscripto a cursar.<\/p>\n<p><img decoding=\"async\" loading=\"lazy\" class=\"alignnone size-full wp-image-893 aligncenter\" src=\"https:\/\/ispef-cha.infd.edu.ar\/sitio\/wp-content\/uploads\/2020\/06\/2.jpg\" alt=\"\" width=\"571\" height=\"277\" \/><\/p>\n<p>A la derecha aparecen todos los sucesos recientes de las aulas en las cuales est\u00e1s habilitado para el cursado.<\/p>\n<p>En la parte superior ver\u00e1s una barra que te permite acceder de manera r\u00e1pida a todas las aulas, al portafolio, a la mensajer\u00eda interna cuando tengas mensajes sin leer \u00a0y el perfil.<\/p>\n<p><img decoding=\"async\" loading=\"lazy\" class=\"size-full wp-image-894 aligncenter\" src=\"https:\/\/ispef-cha.infd.edu.ar\/sitio\/wp-content\/uploads\/2020\/06\/3.jpg\" alt=\"\" width=\"416\" height=\"66\" \/><\/p>\n<p>En la esquina derecha de\u00a0la barra superior, haciendo clic en la imagen donde ir\u00e1 la foto del perfil, podemos completar los datos personales y preferencias, y tambi\u00e9n cerrar la sesi\u00f3n al terminar el trabajo en el campus.<\/p>\n<p>En Perfil y Preferencias \u00a0vemos que algunos datos ya est\u00e1n cargados, pero falta la foto personal que es una forma de darnos a conocer al grupo con el que compartiremos el cursado.<\/p>\n<p><strong><u>El Aula<\/u><\/strong><\/p>\n<p>El interior del aula est\u00e1 estructurado de la siguiente manera:<\/p>\n<ol>\n<li><strong> Men\u00fa superior<\/strong>: Aulas, el nombre del aula, el Portafolio, la secci\u00f3n de Mensajes no le\u00eddos, Perfil y Preferencias y el Cierre de sesi\u00f3n.<\/li>\n<li><strong> Barra izquierda<\/strong>: acceso r\u00e1pido a las secciones del aula.<\/li>\n<li><strong> \u00c1rea de contenido o de trabajo:<\/strong> muestra el material espec\u00edfico de la secci\u00f3n seleccionada en la Barra izquierda y es donde desarrollar\u00e1s tu actividad.<\/li>\n<li><strong> Barra de estado:<\/strong> en cada secci\u00f3n muestra informaci\u00f3n relacionada con tu avance.<\/li>\n<\/ol>\n<p><img decoding=\"async\" loading=\"lazy\" class=\"alignnone size-full wp-image-895 aligncenter\" src=\"https:\/\/ispef-cha.infd.edu.ar\/sitio\/wp-content\/uploads\/2020\/06\/4.jpg\" alt=\"\" width=\"617\" height=\"294\" \/><\/p>\n<p>Ahora s\u00f3lo falta que completes tus datos en el siguiente formulario para que puedas actualizar tus datos en el aula virtual.<\/p>\n<p style=\"text-align: center;\"><a href=\"https:\/\/docs.google.com\/forms\/d\/1J5tQ-Qc4uNK08gNgcMSzNK2BVLkKPPYAKrMsM33ud7k\/edit?usp=sharing\">https:\/\/docs.google.com\/forms\/d\/1J5tQ-Qc4uNK08gNgcMSzNK2BVLkKPPYAKrMsM33ud7k\/edit?usp=sharing<\/a><\/p>\n<p>&nbsp;<\/p>\n","protected":false},"excerpt":{"rendered":"<p>Este espacio es un lugar de comunicaci\u00f3n con el fin de que docentes y alumnos podamos interactuar a distancia. Para ingresar al campus deber\u00e1s seleccionar Campus Virtual en el inicio de la p\u00e1gina o dirigirte al siguiente enlace: https:\/\/ispef-cha.infd.edu.ar\/aula\/acceso.cgi una vez ingresado all\u00ed te aparecer\u00e1 la siguiente imagen: Deber\u00e1s completar los datos de Usuario (generalmente &#8230; <a title=\"COMO INGRESAR AL AULA VIRTUAL\" class=\"read-more\" href=\"https:\/\/ispef-cha.infd.edu.ar\/sitio\/como-ingresar-al-aula-virtual\/\" aria-label=\"More on COMO INGRESAR AL AULA VIRTUAL\">[+]<\/a><\/p>\n","protected":false},"author":2184,"featured_media":0,"parent":0,"menu_order":0,"comment_status":"closed","ping_status":"closed","template":"","meta":[],"acf":[],"_links":{"self":[{"href":"https:\/\/ispef-cha.infd.edu.ar\/sitio\/wp-json\/wp\/v2\/pages\/879"}],"collection":[{"href":"https:\/\/ispef-cha.infd.edu.ar\/sitio\/wp-json\/wp\/v2\/pages"}],"about":[{"href":"https:\/\/ispef-cha.infd.edu.ar\/sitio\/wp-json\/wp\/v2\/types\/page"}],"author":[{"embeddable":true,"href":"https:\/\/ispef-cha.infd.edu.ar\/sitio\/wp-json\/wp\/v2\/users\/2184"}],"replies":[{"embeddable":true,"href":"https:\/\/ispef-cha.infd.edu.ar\/sitio\/wp-json\/wp\/v2\/comments?post=879"}],"version-history":[{"count":7,"href":"https:\/\/ispef-cha.infd.edu.ar\/sitio\/wp-json\/wp\/v2\/pages\/879\/revisions"}],"predecessor-version":[{"id":898,"href":"https:\/\/ispef-cha.infd.edu.ar\/sitio\/wp-json\/wp\/v2\/pages\/879\/revisions\/898"}],"wp:attachment":[{"href":"https:\/\/ispef-cha.infd.edu.ar\/sitio\/wp-json\/wp\/v2\/media?parent=879"}],"curies":[{"name":"wp","href":"https:\/\/api.w.org\/{rel}","templated":true}]}}