{"id":807,"date":"2022-05-01T17:24:00","date_gmt":"2022-05-01T20:24:00","guid":{"rendered":"https:\/\/ispef-cha.infd.edu.ar\/sitio\/biblioteca-especializada\/"},"modified":"2022-05-01T17:36:52","modified_gmt":"2022-05-01T20:36:52","slug":"biblioteca-especializada","status":"publish","type":"page","link":"https:\/\/ispef-cha.infd.edu.ar\/sitio\/biblioteca-especializada\/","title":{"rendered":"Docentes"},"content":{"rendered":"\n<p>Prof.&nbsp; Acosta, Jos\u00e9 Luis<\/p>\n\n\n\n<p>Prof.&nbsp; Aguirre, Walter A.<\/p>\n\n\n\n<p>Prof.&nbsp; Arias, Mariana<\/p>\n\n\n\n<p>Prof.&nbsp; Augier, Mar\u00eda Josefina<\/p>\n\n\n\n<p>Prof.&nbsp; Ayala, Sergio<\/p>\n\n\n\n<p>Prof.&nbsp; Barrientos, Lilian<\/p>\n\n\n\n<p>Prof.&nbsp; Ben\u00edtez, Fabiana<\/p>\n\n\n\n<p>Prof.&nbsp; Brite, Valeria<\/p>\n\n\n\n<p>Prof.&nbsp; Calvo, Carolina<\/p>\n\n\n\n<p>Prof.&nbsp; Camacho, Ricardo<\/p>\n\n\n\n<p>Prof.&nbsp; Carri\u00f3, Gustavo<\/p>\n\n\n\n<p>Prof.&nbsp; Castro, Marcelo<\/p>\n\n\n\n<p>Prof.\u00a0 Collado, Daniel<\/p>\n\n\n\n<p>Prof.  Cotichelli, Carolina<\/p>\n\n\n\n<p>Prof.&nbsp; Cristaldo, Miriam N<\/p>\n\n\n\n<p>Prof.&nbsp; Dimitroff, Sof\u00eda<\/p>\n\n\n\n<p>Prof.&nbsp; Fabro, Noelia<\/p>\n\n\n\n<p>Prof.&nbsp; Fern\u00e1ndez, Ana Rosal\u00eda<\/p>\n\n\n\n<p>Prof.&nbsp; Fern\u00e1ndez, Jorge<\/p>\n\n\n\n<p>Prof.&nbsp; Garc\u00eda, Rosana<\/p>\n\n\n\n<p>Prof.&nbsp; Gauna, Mario<\/p>\n\n\n\n<p>Prof.  Gonz\u00e1lez, Ninfa Carolina<\/p>\n\n\n\n<p>Prof.&nbsp; Insaurralde, Natalia Gabriela<\/p>\n\n\n\n<p>Prof.&nbsp; Ksionzek, Silvia Viviana<\/p>\n\n\n\n<p>Prof.&nbsp; Latorre, Marina Daniela<\/p>\n\n\n\n<p>Prof.&nbsp; Ledesma, Ivana Anabel<\/p>\n\n\n\n<p>Prof.&nbsp; Ledesma, M\u00f3nica<\/p>\n\n\n\n<p>Prof.\u00a0 Ledesma, Sandra Karina<\/p>\n\n\n\n<p>Prof.  Mac Rae, Daniela <\/p>\n\n\n\n<p>Prof.&nbsp; Mart\u00ednez, Andrea Yanina<\/p>\n\n\n\n<p>Prof.&nbsp; Mart\u00ednez, Orlando<\/p>\n\n\n\n<p>Prof.&nbsp; Mazzo, Cristian Alejandro<\/p>\n\n\n\n<p>Prof.&nbsp; Meza, Alberto<\/p>\n\n\n\n<p>Prof.&nbsp; Meza, Andr\u00e9s<\/p>\n\n\n\n<p>Prof.&nbsp; Montesinos, Walter Denis<\/p>\n\n\n\n<p>Prof.\u00a0 Moreira, Rolando Antonio<\/p>\n\n\n\n<p>Prof. Mor\u00ednigo, Gabriela Antonia<\/p>\n\n\n\n<p>Prof.&nbsp; Oporto, Francisco Antonio<\/p>\n\n\n\n<p>Prof.&nbsp; Paetz, Roberto<\/p>\n\n\n\n<p>Prof.&nbsp; Pe\u00f1alver, Marta Mariela<\/p>\n\n\n\n<p>Prof.&nbsp; P\u00e9rez, Elizabeth Oderay<\/p>\n\n\n\n<p>Prof.&nbsp; Rol\u00f3n, Griselda Noem\u00ed<\/p>\n\n\n\n<p>Prof.&nbsp; Sager, Susana<\/p>\n\n\n\n<p>Prof.&nbsp; Santill\u00e1n, \u00c1ngela<\/p>\n\n\n\n<p>Prof.&nbsp; Soto, Julieta<\/p>\n\n\n\n<p>Prof.&nbsp; Stieg, Guillermo<\/p>\n\n\n\n<p>Prof.&nbsp; Venutti, Andrea Alejandra<\/p>\n\n\n\n<p>Prof.&nbsp; Villalba, Jorge<\/p>\n\n\n\n<p>Prof.&nbsp; Yurca, Julio Andr\u00e9s<\/p>\n","protected":false},"excerpt":{"rendered":"<p>Prof.&nbsp; Acosta, Jos\u00e9 Luis Prof.&nbsp; Aguirre, Walter A. Prof.&nbsp; Arias, Mariana Prof.&nbsp; Augier, Mar\u00eda Josefina Prof.&nbsp; Ayala, Sergio Prof.&nbsp; Barrientos, Lilian Prof.&nbsp; Ben\u00edtez, Fabiana Prof.&nbsp; Brite, Valeria Prof.&nbsp; Calvo, Carolina Prof.&nbsp; Camacho, Ricardo Prof.&nbsp; Carri\u00f3, Gustavo Prof.&nbsp; Castro, Marcelo Prof.\u00a0 Collado, Daniel Prof. Cotichelli, Carolina Prof.&nbsp; Cristaldo, Miriam N Prof.&nbsp; Dimitroff, Sof\u00eda Prof.&nbsp; Fabro, Noelia &#8230; <a title=\"Docentes\" class=\"read-more\" href=\"https:\/\/ispef-cha.infd.edu.ar\/sitio\/biblioteca-especializada\/\" aria-label=\"More on Docentes\">[+]<\/a><\/p>\n","protected":false},"author":2184,"featured_media":0,"parent":0,"menu_order":0,"comment_status":"closed","ping_status":"closed","template":"","meta":[],"acf":[],"_links":{"self":[{"href":"https:\/\/ispef-cha.infd.edu.ar\/sitio\/wp-json\/wp\/v2\/pages\/807"}],"collection":[{"href":"https:\/\/ispef-cha.infd.edu.ar\/sitio\/wp-json\/wp\/v2\/pages"}],"about":[{"href":"https:\/\/ispef-cha.infd.edu.ar\/sitio\/wp-json\/wp\/v2\/types\/page"}],"author":[{"embeddable":true,"href":"https:\/\/ispef-cha.infd.edu.ar\/sitio\/wp-json\/wp\/v2\/users\/2184"}],"replies":[{"embeddable":true,"href":"https:\/\/ispef-cha.infd.edu.ar\/sitio\/wp-json\/wp\/v2\/comments?post=807"}],"version-history":[{"count":10,"href":"https:\/\/ispef-cha.infd.edu.ar\/sitio\/wp-json\/wp\/v2\/pages\/807\/revisions"}],"predecessor-version":[{"id":1148,"href":"https:\/\/ispef-cha.infd.edu.ar\/sitio\/wp-json\/wp\/v2\/pages\/807\/revisions\/1148"}],"wp:attachment":[{"href":"https:\/\/ispef-cha.infd.edu.ar\/sitio\/wp-json\/wp\/v2\/media?parent=807"}],"curies":[{"name":"wp","href":"https:\/\/api.w.org\/{rel}","templated":true}]}}