{"id":798,"date":"2018-07-03T13:44:59","date_gmt":"2018-07-03T16:44:59","guid":{"rendered":"https:\/\/ispef-cha.infd.edu.ar\/sitio\/ubicacion\/"},"modified":"2021-12-30T08:57:34","modified_gmt":"2021-12-30T11:57:34","slug":"ubicacion","status":"publish","type":"page","link":"https:\/\/ispef-cha.infd.edu.ar\/sitio\/ubicacion\/","title":{"rendered":"Ubicaci\u00f3n"},"content":{"rendered":"<p style=\"text-align: left;\"><span style=\"color: #ff0000;\"><strong>SECCI\u00d3N ADMINISTRATIVA (RECTORIA, SECRETARIA ADMINISTRATIVA, SECRETARIA ACAD\u00c9MICA, DIRECCI\u00d3N DE ESTUDIOS, BEDELIA y BIBLIOTECA):<\/strong><\/span><\/p>\n<p><span style=\"color: #ff0000;\"><strong>MOMENTANEAMENTE NOS ENCONTRAMOS EN EL SUM DEL IES SAN FERNANDO REY- AV. CASTELLI 1150 RESISTENCIA-CHACO<\/strong><\/span><\/p>\n<p><a href=\"https:\/\/goo.gl\/maps\/yi13P2JvdmghppY29\">C\u00f3mo llegar<\/a><\/p>\n<p style=\"text-align: center;\"><strong><span style=\"color: #ff0000;\">&#8212;&#8212;&#8212;&#8212;&#8212;&#8212;&#8212;&#8212;&#8212;&#8212;&#8212;&#8212;&#8212;&#8212;&#8212;&#8212;&#8212;<\/span><\/strong><\/p>\n<p><span style=\"font-family: Arial, sans-serif; font-size: 16px; border-collapse: collapse;\">El Instituto de Nivel Terciario de Educaci\u00f3n F\u00edsica se encuentra en Avenida Lavalle 700 de la ciudad de<a title=\"http:\/\/www.mr.gov.ar\" href=\"http:\/\/www.mr.gov.ar\"> Resistencia<\/a>.\u00a0\u00a0provincia del Chaco. Comparte parte del edificio con el Centro de Educaci\u00f3n F\u00edsica N\u00ba 1 y est\u00e1 circundado por el Parque 2 de febrero.<\/span><\/p>\n<p><span style=\"font-family: Arial, sans-serif; font-size: 16px; border-collapse: collapse;\"> Para llegar al predio se cuenta con dos l\u00edneas de transporte p\u00fablico: la l\u00ednea 5 y la l\u00ednea 9. Ambas tienen parada sobre la avenida Lavalle.\u00a0<\/span><\/p>\n<p style=\"text-align: justify;\">\n<p style=\"text-align: justify;\"><span style=\"font-family: Arial, sans-serif; font-size: 12pt;\"><span style=\"font-size: 13px;\">\u00a0<\/span><\/span><\/p>\n<p style=\"text-align: justify;\">\n","protected":false},"excerpt":{"rendered":"<p>SECCI\u00d3N ADMINISTRATIVA (RECTORIA, SECRETARIA ADMINISTRATIVA, SECRETARIA ACAD\u00c9MICA, DIRECCI\u00d3N DE ESTUDIOS, BEDELIA y BIBLIOTECA): MOMENTANEAMENTE NOS ENCONTRAMOS EN EL SUM DEL IES SAN FERNANDO REY- AV. CASTELLI 1150 RESISTENCIA-CHACO C\u00f3mo llegar &#8212;&#8212;&#8212;&#8212;&#8212;&#8212;&#8212;&#8212;&#8212;&#8212;&#8212;&#8212;&#8212;&#8212;&#8212;&#8212;&#8212; El Instituto de Nivel Terciario de Educaci\u00f3n F\u00edsica se encuentra en Avenida Lavalle 700 de la ciudad de Resistencia.\u00a0\u00a0provincia del Chaco. Comparte parte del &#8230; <a title=\"Ubicaci\u00f3n\" class=\"read-more\" href=\"https:\/\/ispef-cha.infd.edu.ar\/sitio\/ubicacion\/\" aria-label=\"More on Ubicaci\u00f3n\">[+]<\/a><\/p>\n","protected":false},"author":2184,"featured_media":0,"parent":0,"menu_order":0,"comment_status":"closed","ping_status":"closed","template":"","meta":[],"acf":[],"_links":{"self":[{"href":"https:\/\/ispef-cha.infd.edu.ar\/sitio\/wp-json\/wp\/v2\/pages\/798"}],"collection":[{"href":"https:\/\/ispef-cha.infd.edu.ar\/sitio\/wp-json\/wp\/v2\/pages"}],"about":[{"href":"https:\/\/ispef-cha.infd.edu.ar\/sitio\/wp-json\/wp\/v2\/types\/page"}],"author":[{"embeddable":true,"href":"https:\/\/ispef-cha.infd.edu.ar\/sitio\/wp-json\/wp\/v2\/users\/2184"}],"replies":[{"embeddable":true,"href":"https:\/\/ispef-cha.infd.edu.ar\/sitio\/wp-json\/wp\/v2\/comments?post=798"}],"version-history":[{"count":4,"href":"https:\/\/ispef-cha.infd.edu.ar\/sitio\/wp-json\/wp\/v2\/pages\/798\/revisions"}],"predecessor-version":[{"id":1118,"href":"https:\/\/ispef-cha.infd.edu.ar\/sitio\/wp-json\/wp\/v2\/pages\/798\/revisions\/1118"}],"wp:attachment":[{"href":"https:\/\/ispef-cha.infd.edu.ar\/sitio\/wp-json\/wp\/v2\/media?parent=798"}],"curies":[{"name":"wp","href":"https:\/\/api.w.org\/{rel}","templated":true}]}}