{"id":797,"date":"2018-07-10T12:54:36","date_gmt":"2018-07-10T15:54:36","guid":{"rendered":"https:\/\/ispef-cha.infd.edu.ar\/sitio\/?page_id=797"},"modified":"2026-03-17T16:54:12","modified_gmt":"2026-03-17T19:54:12","slug":"calendario-academico","status":"publish","type":"page","link":"https:\/\/ispef-cha.infd.edu.ar\/sitio\/calendario-academico\/","title":{"rendered":"Calendario Acad\u00e9mico 2026"},"content":{"rendered":"\n<figure class=\"wp-block-table is-style-stripes has-medium-font-size\"><table class=\"has-contrast-color has-pale-ocean-gradient-background has-text-color has-background\"><tbody><tr><td><strong>INSCRIPCIONES A EX\u00c1MENES TURNO FEBRERO MARZO<\/strong>: 23 de febrero<\/td><td><strong>TURNO DE EX\u00c1MENES DICIEMBRE<\/strong>: 26 de febrero al 13 de marzo.<\/td><\/tr><tr><td><strong>PRIMER CUATRIMESTRE<\/strong>: 06 de Abril al 17 de Julio<\/td><td><strong>SEGUNDO CUATRIMESTRE<\/strong>: 24 de Agosto al 30 de Noviembre<\/td><\/tr><\/tbody><\/table><\/figure>\n\n\n\n<p>&nbsp;<\/p>\n\n\n\n<figure class=\"wp-block-image size-large is-resized is-style-default\"><img decoding=\"async\" loading=\"lazy\" src=\"https:\/\/ispn.edu.ar\/wp-content\/uploads\/2019\/12\/inscripciones-1024x462.jpg\" alt=\"\" width=\"907\" height=\"409\"\/><\/figure>\n\n\n\n<p class=\"has-text-align-center has-contrast-2-color has-text-color has-large-font-size\"><strong>READMISI\u00d3N A LA CARRERA<\/strong><\/p>\n\n\n\n<p class=\"has-contrast-color has-text-color\">Los alumnos que hayan abandonado la carrera por mas de 2 a\u00f1os deben solicitar la readmisi\u00f3n a la carrera mediante <a href=\"https:\/\/ispef-cha.infd.edu.ar\/sitio\/wp-content\/uploads\/2026\/03\/MODELO-READMISION-.docx\" data-type=\"attachment\" data-id=\"2541\">nota <\/a>y ficha m\u00e9dica de readmisi\u00f3n (la cual debe presentarse al 30\/04\/2026 en Bedel\u00eda). <\/p>\n\n\n\n<p class=\"has-text-align-center has-contrast-2-color has-text-color has-large-font-size\"><strong>INSCRIPCIONES DE ALUMNOS REGULARES DE SEGUNDO A QUINTO A\u00d1O<\/strong><\/p>\n\n\n\n<p>Desde el <strong>27 de marzo inician las inscripciones<\/strong> al cursado de las unidades curriculares, tanto anuales, como cuatrimestrales (esto incluye primer y segundo cuatrimestre), y <strong>finaliza el d\u00eda 01 de abril a las 23.59 hs<\/strong>.<\/p>\n\n\n\n<p class=\"has-text-align-center has-accent-color has-base-3-background-color has-text-color has-background has-large-font-size\">Se recuerda a todos los estudiantes de segundo a quinto a\u00f1o que deben presentar la <strong>ficha m\u00e9dica<\/strong> anual al <strong>30\/04\/2026 en Bedel\u00eda<\/strong>.<\/p>\n\n\n<div class=\"wp-block-image is-style-default\">\n<figure class=\"aligncenter size-large\"><img decoding=\"async\" src=\"data:image\/jpeg;base64,\/9j\/4AAQSkZJRgABAQAAAQABAAD\/2wCEAAkGBxIQEhUTExIWFhUXFhkYGRgXFxoaHRYaGhgYFxoaFx0dHyggGx4mGxcXITEiJSkrLi4uGB8zODMtNygtLysBCgoKDg0OGxAQGy8mICUtLS8tLTU1Ly0vKy0tLS0tLS0tLS0yLy8tLS01LS0tLS0tLS0vLS0tLS0tLS0tLS0tLf\/AABEIAJ4BQAMBEQACEQEDEQH\/xAAcAAEAAgIDAQAAAAAAAAAAAAAABAUGBwEDCAL\/xABKEAABAwIDBAcFBAYIAwkAAAABAAIDBBEFEiEGBzFBEyJRYXGBkTJyobHBFFKywiNCYoKSoggVM0NEU9Hhc4OTFyRjZKPD4\/Dx\/8QAGwEBAAIDAQEAAAAAAAAAAAAAAAIEAQMFBgf\/xABBEQACAQMBBAcGBQIEBAcAAAAAAQIDBBEFEiExQQZRYXGBkbETMqHB0fAUIkJS4SPxJDNichVDgsIWkqKy0uLy\/9oADAMBAAIRAxEAPwDeKAIAgCAIAgCAIAgCAIAgCAIAgCAIAgCAIAgCAIAgCAIAgCAIAgCAIAgCAIAgCAIAgCAIAgCAIAgCAIAgCAIAgCAIAgCAIAgCAIAgCAIAgCAIAgCAIAgCAIAgOLoD5fIG6kgeJsmTKTfA4ZO13suB8CCsZRlwlHijsWSIQBAEAQBAEAQBAEAQBAEAQBAEAQBAEAQBAEAQBAEAQBAcE2QEaTEYW+1LGPF7R9VHaXWbY0KsuEW\/BkWbaKjZo6qhv2dI0n0BusOrBc0bo2FzLhTl5MjSbX0Y1Erne5FI\/wCLWkKLrQNsdLuXxjjvaXqyLPtvTt\/uqjxdEWC3bd+VYdePabY6PWl+qPnn0yUlRvThabNgce8yx\/Qn42Wt3S6i\/Do5Ua3z+D\/ggy72uOWmAt96Xj4WaoO86kb49Gf3VPJfyRHby611iyBmXujkdx4C9wo\/iZvgjeuj9pHdKbz3pfUrqjbvE3HRxZwv+ia23b7RKi69Qsw0axiuGfFv0Kyfa+ukF3VUmtwQ17GegaLqDqzfMtQ0y0g91NeTfqVs2MVDuM8pA5OleeHmoucnzLUbWjHhBeSIDnXOYgHW5vfXx1v8VDCN6WFhHIfY3abG9wRoR4WOizgYysSMx2U3gVFM5rJnGWIkXzklzBzLXcT22PYt9OvKO570cTUNEo105U1sy7OD70blw+tjnjbJE4OY4XBHP\/flZdCMlJZR4irSnRm4TWGiSsmsIAgCAIAgCAIAgCAxHHd5eF0b3xy1QMjDZzI2ueQeYuBlBFtQTpzQGMxb9sNMgaYqlrb2zljLDvIDy63gL9yA2kx4cAQbgi4I5goD6QC6A4ugOUB0S1kbDZz2g9hcAVhtInGlOSzFNlfW7SUkN89RECOWdpPkAb\/BQdWC4ss0tPuavuwfk\/Uppt4tE0Xz\/wC\/kAT6ha3cwL0dBum8Y+\/T4kF29GmIJa12nba58ASFH8XEsLo7X3Jv7+J1t3iyP1io53DuhJ+TysfiXyiyT0KEd06sU\/8Ad\/B9P2urnjq0FS3jYua1g7rl7Tp3p7ab\/SzC0y0i\/wA1aL8c+jRW1O02IjR3RREn+8q4AbdwBHyUHVqc93ii1DT7J745l3QkUU+LTn262n11sZqiTy6tx6aLVtyfGS+LL8Laivdoy\/8ALBeuCvlrIr5nTwvPYKZz9f8AmAcVFtdfwLMaVTGFCS\/6semT5fi0RGV00tgeEMEMQ8je\/qEclzfojKtqieYxXjKUmP65YbNYax3d07RflwawnhZNtcs+Y\/Cz4y2F\/wBLfqzrlleeFJL+8+Y699rarG98vUlGMVxqLwUf5IbrgW6GFhvzcL+Ye8lR8DesP9Un99iwTI6Cqfq2NljwLIWu9MrHH0U9mXJGh1qEd0pPxbXq0TocFxSTQCpH7kjR3auDVJQqPrNEruwhvzHzT9MnaNgcQlN3RyE9r3R\/MyE\/BS9hUZB61ZQWIyXgn9Cwi3W1JAvlB53kAsPJjllWsitLpFQT3Z8v5ROh3Uvt1powe0B7vq1TVq+s0S6Swzui\/gvqWEO6qIe1Of3Yx+dzlJWq6ytLpJUfCHx+iROp92dG3i6R3j0Y+TAVJW0SvPpBcy4JLz+bOMR3a0r2Wjc9ruRcekHnfW3ukJK2i1uFHpBcRlmaTXZu\/jzTNTY5hUlJK6KRtiDY8+8EHmCNQfEHUEKlKLi8M9ja3MLiCqQ4ffx6zN90OOZZXUhPVeC9gPJ4HWA8Rr5Kxazw9k4PSKzzTVwuK3Pu5eXA2yrx48IAgCAIAgCA+XPAFyQB2lDKWXhHLHAi4II7QgaaeGcPvY24208UMHiGUuuc181ze\/G99b353QHygPX+76tM+G0cl7k08YJ7XNaGO+LSg3FtUQyn2ZcvgG\/VpUWmb4TprjHPn8mVWIQzAEGuyW5kMFvPqrXJP9xbozpZWKOfP+THKishvZ2KyHif0c7B5XMhWpyj+\/78zqQo1cZVsvGLf\/addS2iItJJUy35Wc+\/jaN3zWHsc2yUHdJ5hGEfJerRXy0VK63R4dO4CwBcJ2DThwDGnzN1BqL4Rfx\/gsxrXC9+vFd2y\/q\/gRpBl0jw2nYACCZWx38i+bXzWOHCK+\/E2L83vV5Puz8onEbMQbrFTUkZPOOKJx\/kDiExU5JGZOze6dSb73LHxwiWKHGZbgSmMa6MjkZf1Y0\/FS2azNPttMp79nPe0\/mz4Gx+KPF31FQe7OPrN9Fj2NV8W\/vxM\/8AFLCL\/LCPl\/8AU+v+y+VxzOe4k6nM9oPmQ1yfhW+Jj\/xFTjuS3dz+qJdJusA9st8ekcfgGNUladZpqdI2\/dz5JfNkxm66G2r237Q15t6y29QpfhV9\/wBzS+kdXkviv\/iS4t2tKLXe7yZDY+rCpfhYmiWv13wS85fVFhDsLSN5SeAeWD\/08qmqEEV5azcvq8s+uSdBstSMFhGSP2pJHfNxUlSguRonqVzJ5cvgl6I7YdnKNlstJACOfRMv62WVTguCRCV\/dS41JebLCKBjPZa1vgAPkpJJFaU5S4vJ2LJEIAgCAIAgCAIDVu+SnAdE+3tMIJ9x7cvwkd6qldLemes6NTbjKPU\/VPPojENgXEYhTW\/zD8WuB+C0Uf8AMR2tXS\/BVO75noALqHzk5QBAEAQBAU2MYu5sjaaBofUPFwD7MTOHSS25dg4uOmnFa5zaezHj6F23tVKDrVXiC85PqXb1vkfVHgEbSHzOdUScc8uoaf8Aw2exHxPsi\/eUVNcXvZipeza2aa2I9S+b4vxLNwdysPEEqZVWOZyA7mR5D\/dDDa5HkLbqgFPidVE64aKh56vEMc7OLX55XBZMFJVSC5a2xaDZrstiQLgE9hIOvl2ID0RuMayowtjSX3hmkZYSPaNSJODXAfrqLimboV5QWFjyXq0Z\/Ls\/TP8AbhY8\/tjP8HErHs4vijbG+rx92TXdu9MH3DgsDBZsUbey0bBbws1FCK4IjK7rS3uTfi\/qSPsLL3tr2gkH1Clso1+2nwH2CM8QXe85zvmSmyh7afLd3JL0PkYXBx6GO\/bkb\/osbMeoy7is1jbfmySxgaLAADsGilg1NtvLOUMBAcoD5fI1vEgeJsmTKi3wR9IYCAIAgCAIAgCAIAgCAIAgCAIDX2+KG8ETuxzx\/IXgesaq3XBHo+jksVprsXrj5msdnqnoqiF17Bs0ZPbbNY\/AlU4PEkz1d5T9pRnHri\/Q9HBdY+YnKAIAgCA+JpAxpcTYNBJPYBqVh7jMYuTSXFlBsXAXROq3j9LVO6U9oj\/umeAZb1K1UVlbT4v7R0dSmo1Fbx92nu8f1PxZkS3HNCAIDzLv\/wAP6LFS8DSaGN\/mLxn8A9UBryqYGuyji3RxzBwLgSCWlumXs1PbfVAbw\/o1V3UrIOx0cg8w5p\/C1AbtQBAU+O7TU1E5rZ5MpeCRZrnaCw1sDbitVStCn7zL9nptzdpujHOOO9L1I+0e1sFCIzI17hI0lpYAQbW0uSOIddRq3EaeM8zZYaTWvXJU2k48U\/Hs7D5rdq2NoPt0bC9lmnKSGnV4YQTqLgn4JKulT9ojNHS5yvfwc3h79\/Hlns4kLAtqZq2lnmZExj2aMDnFwJyh3X0Gmo4KFOvKpBySLN7pdG0uadKcm0+PBPGcbuJ1bG7USzU09RUlpbHmN2Dk0XNhbwt2rFCu5Qcp8ieq6ZTpXFOhbp5ljj2\/e8wWo22xKofJLE5zI2dYtY0Fsbb6ZiR8Tx1VN3NaTbjwPS09E06hGNOok5Pdlve32LP9jL9lNuzNSzGYXmgjLzYACRo5gdo0B4cQrVG62oNy4o4GpaEqNzBUvcm0u5\/fAwJ9FWYoZahuaXo9XXcNAbuDWN7gOAVLZqVsy4np1XtNOUKDxHa4burdlv5sy\/dJjkz3yUsji5rWZmZrkssQ0t15ajTlZWrKrJtwZwek1jShGNxTWG3h459ps1dA8gEAQBAEAQBAEAQBAEAQBAEBh+9KHNRd4kbbxc10Y+Lwq9z7h2tBm43Xg\/hh\/I0ex5Go5WPpqFzj3rSe5npulkzMa7taDp3i+i7CeUfK6kdmTXUztWSAQBAEBUbXX+w1Vv8AIkOnYGEn4LXV9x9xc07H4uln9y9Ts2bna+lpyNLwRG3YCxqzTacV3Eb2DjcVE\/3S9WWamVQgCA0h\/SVw\/SjnHIyRHzyvb8noDR0byL8NRbUA+l+B7xqgNn7gawRYq+IOu2SGRoNrZspDwbHUdVrigPSKAIDTm9+cmsY3SzIWm3e5zr\/ILlXz\/qJdh77ovBK0k+bk\/gkSXD7dgYPGSkd\/K3\/43fyqX+ZbdsTSv8FrX+mqvi\/5XxKzDsSvgtTCTq2aOw\/Ze5rvmxy1wn\/h5R7UXa9tjWKVVc4y80mvRozHdbBlw55+8+Q+jQ36K1Zr+kzz\/SOedQiupL1b+ZT7OUzntxOkjINzJkN7gu9ns4nKNVqpRbU4Iv39RQla3U+Wznrxx+GTG9jdo20Lp2zRvcyVuR2Wwc0jMOB94qvQrKm2muJ19W06V7GnKlJJxeVng+HV3GXUVFhzqGrkoi7P9meHh7nZgAM+rTp+rxGnHvVqMaTpydPqODWr6hG9o07vGNtNYxjq4+PB7zt3Y0YFLKGuv0rCdORGdlvG2XzKlaR\/I+0h0hrN3MG1jZf0f1Knd5XCWtiJs1\/ROYWtaRew0zHno1vmVptZZqLuL2uUHTs5pb1tJ5fb1ebNtrqHhwgCAIAgCAIAgCAIAgCAIAgKDbqDPRS9xjd\/DIxx+AWquswZ0dKns3Ue3K800efLLl8j6OekdnJg+kp3DgYWHT3RoutTeYo+YXsHC4qRfKT9SxUysEAQBARcUp+lhlj+\/G9v8TSPqsSWU0baE\/Z1Yz6mn5Mw\/YHEQ6Okbf2oHN82kj\/2iq1CW6PcdrVqDU6r6pJ+f\/6M6Vo4AQBAa33\/AFGJMJc+2sU0bx3XPR\/nQHnLD5nQ2njkYJGOsGkBx1B6wDmlpHLtBt4oC63YVvQYrRv7Z2x\/9T9F+dAeu0AKA01to+N+Llspb0eaFjiTYNYAxz7+RPquVXadfD4bj3+kxnDStqnnaxJrte9IlbtpmR1dRSON2Stc0DWzi0nke1hPos2jSm4PmaNfhOdrSuo8YtPuzj0ZhmIRvpXz0xP6+V3fkcS0+fHzVWScG4noaEoXMKdddWV4rejcu7eC2Gwg\/rB59Xu+i6tqv6KPn+vTzqE31Y+CRr7d5N0eJOvf2JQ7meqLnvcbtVG1eK2\/tPU65D2mnLHXHHLjuXdxMroKjDMZmkaaV2cNzZyMpeAct7tde+o4\/RWoujcSaxvOHXp6jpNGMvarZzjHHHPmjC9k+piL4GaskE8Fr3u3K62vPVoKp0d1XZXPKPRamtqwjWlxjsS8crPqZFu3xCOHKJJAwdE\/MXP6reu0jNewYdH6Hj38VYtZqO5vkcnX7epWy4Rz+ZY3b3ufDrXDuOvd3VxivqYmm4dK50Rbaxa0yA69mVwIHBYtZL2kkvAlrlGo7KlUlyilLPHLx8co2qukeLCAIAgCAIAgCA6p6hkYu9zWjhdxAFz4rDaXElCEpvEVl9m8rpdpqJvGrg\/6rD8itbrU1+pFuOm3kuFKXkyfRVjJmCSNwcx3Bw4HW3zC2RkpLKK1WlOlNwqLDXI71k1hAEBVbVw56KpbzMElvHISPitdVZg12Fuwls3VN\/6l6nniqP6R\/vO+JP8AquY+J9Jh7qN77uZc2HU+t7NI9HH6Lo2\/+Wj5\/rUdm9qffIyVbjlhAEAQHBQGpNnphFUU7QRaOpkj8AZJowB5ztXPpvEl3\/X6nsryDqUKknxlBP4Rf\/azbgXQPGhAEBje8bCnVmG1UDG5nuju1umrmEPaNdL3aEB5BaUBYYbXiOphmtYRyxusOQY5pA77Bo15oD2kgOCgNF1lI7EsWlja4NzyyAOtewjBAPLkweq40o+1rtdp9Jo1Vp+lwnJZxFbv939z4xiglwisjJf0kjckodqA4XILTe55W8EqRdCot+XxJWtenqlrJKOzF5jjqe7DJ29OnZ9oiqYzdlRE19+0gAX\/AISxSvIraUlzRW6N1ZKhOhPjCTX345Np7JU\/R0VM21iIWXB5EtBPxJXSorFOK7DxWpVPaXlWX+p+pgGGbM1cOLdM2F3RCd7s9wBkcXdpudHKlCjONfaS3ZPUXGp2tXS\/ZSmtrYSxv4rH0ImL7va2GZxpOtGb2LZAxzWu4tdcjQcNOIUJ2lSMvycDfa9IbOrRSud0lx3ZTa5rcy+2C2EkpZftFSRnaLMY03tcWLnHttcABb7a1cHtS4nM1rXYXNL2FD3Xxb3eCLjaPYuOqLnRyOhc4WdlHVcDxzN0vdbatsp708FCw1qdtiM4qaXDPFdWGRdmsCo8KLnyVMZmdoXvc1thza0E93io0qVOjvb3m6\/v7vU8Rp03sLkk34t4Mvp6pkgzMe1w7WkEeoVpST4HCnTnB4mmn27ipk2tpA3N0unWt1XDNlNiW3ABF9LrU68Es5Ly0q6ctnZ37ua3Z4ZwfGF7XU1TI2OMuzOzWzAD2b3trrwPDsWIXEJvCJXOk3FvTdSaWFj4\/fMit23p\/tv2MteH5+jzm2XNbhxvqdOHYsfiY+02Dc9Er\/hPxSaxjON+cenaT9sMXfR0kk7Ghzmltg69us4N1t4qdeo6cHJFbS7SF3cxozeE8\/BNlDsNthJXsmZJlbMxpc0tGhBuAbXJ6ptfxC0W9w6iafE6Ws6PCynCcMuDeH157+0oNlsaxGvZVM6Y9II2FmjWWu8XsQBYlt7HvWijUq1FJZ3nU1GysLKVKex+XLzxfLdnuZU7WYzXxSGOXpIg4ZmNL7uDfZ9prtdQeK11qlRPEtxe0yzsalPbp4k1ubxhZ48GifjmE1TcLdLUFpvJFK0AklrSCzUk6+2BbWynUpzVHMuxlWzu7Z6kqdBPhKL5ZfHh4FfshsN\/WEJlFQGZXlhbkzcA03vmHJyhQtvaxzkt6prn4Gsqbp5ys5zjr7Ow25s5hIo6eOAOLwy\/WIte7i46ctSunSp+zionhb67d1XlWaxnl3LBZLYVAgCA66iPO1zfvAj1FlhrKJQlsyT6jzPVDreLWk+JaCfjdcg+pw4efqbl3QzZqC33ZXj1s76q\/av8h4fpFDF3nrivoZurJwggCAIDgoDRWJVAiraixP6Od7wLcC17Hu8\/0JC5ct033\/fofQKMHUtaeecUvNNL\/wB2TeoXUPn5ygCAIDxptfhf2StqYLWEczw0fsZiWerS0+aAqXPJtc8BYdwuT8yUB7Wwmo6WCKT78bHfxNB+qAloDCoxhOH1YaBlqSeJzm2fvPVFweXeqi9hSnjmegk9UvbXabzTXdy+PmdW2+0lDBMI6ik6eQNBBcxhABPAF2vIm1rLFxWpxliUcsnpGm3tei6lCrsRb63xXcZZKYWRdIWs6OOMuBsLNYG36vYLAeisvZUc8jhwVWdX2ab2pPHe88zDdi9vJK6q6GSNjGlri3Le9xY217rnhyVShdOpPZaPQatoMLO29rCTbTWeHP7RUbR7d1kU5hhc05QAf0Njm1JDQSSRqNedlqq3VRSxH0L9hoNpUoKrWXH\/AFcu3csPsLDYfbuWecU9VlzOuGODS0hw\/VcOGoubrZb3UpS2ZlTWNBp0KPt7fOFxWc7utFLtfjdTX1TqWnc+zXFgjacuZzM2YuN9RpzsNPNaa9WdSexE6Ol2VtZWyuK6WWs7T34TxjBF2Mx+qoqtlNKX5HSCN8bzfIXHKHNvwsSDpoQo0Ks6c1F9fA36tYW13ayr00spbSkuaW\/D6\/kyG7C21GKyU5eWZqiYZxckG7iONuYt5qGxt1nHPNm9XUqGmRrqOcQju7NxIpGS4ViLGkts2RkbsunSRuHtEeB9QpLao1Uvtmqq6WpafKST3ptZ5NcvvkXm8PZGGnpulidJ1XgBhN2tDib5Ra\/G3Nbrm3jCG0jm6Fq9WvceyqJb1nPN46yw3X4BA1rpnNDp2Py5rnqh0bHWaPB5F1ss6UUtp8f4KvSK\/rSkqUXiDWcdeJNb\/LJrbF6l32qWVrusZnuB7xJmHd2Fc+be232nr7WlH8NCnJbtlL4YNw7SVDavCZJRwfAJPAiziPIgjyXVqtToN9h4HT6bttUjTfKWPl8TUeyeMfY6qOU+zfK8fsO0d42Gtu0BcujU9nNM93qln+LtpUlx4rvXAyndXUZa6RgIcDGW37mWAI8bN07wrNm\/6jRxOkdPNlGb3NPOO18i23ktDa2jfYm7XDTuItbwzHXldbbtYqRZR0BuVnXj2r4\/2LCuAlwEX1tSx+rA36tU5b7bwKtHNPW93738c\/U1zszj1fTsdHSBxBdmdljz2NrdhtoPgqFKrUisQPW6jYWVeanc8cYW\/H3xNwbE1dRNSMfUgiW7gczcpIDiASLDkurQlKUMy4ngtWpUKV1KND3d3B55dZfLcc0IAgBQHnDaOLLUSN4We9tuzLI9n5VyZ8WfTbOW1Ri+xfFJ\/M2ZuXkvTTN7Jr+rG\/6K5av8rPLdJo\/14P8A0\/Nmw1aPNhAEAQAoDQG1kWTEqlvAOkffnbpGnX+e65dVfnZ9F0+W1Y031JfB\/wAG79n6npaWCT78Mbj4lgJ+K6NN5imeCu6fs684dUmviWCmVwgCA82\/0hcJ6HEWzAaTxAnvezqH+XJ6oDVyA9hbvJs+GUR\/8tEP4WBv0QGQoDXW8JnR1lJNbTpGh3DW9hxPOwPcFQut04yPVaJL2lrWpc9lteBR734P+8Qy8nw2v25XE\/JwWq+X5k+w6XRaf9CpT6peq\/g6KHapxwmemceuzIxh7Y3u1HkA4eBCjGv\/AEHF\/aNtbSktUp14rc8t\/wC5L57viVm7qXJiNOe1zm+rHBarV4qou69DasKncn5NFzVZKTGmSOs2PpDdxOmuZriSdBYlbniFwnyyc2ntXWjyhHfLC3c+TR8VNQ2bHGSU\/Xa6aMgtvYgNaHkHmAA4+Sw5KVynHrX8k6dOVLRZQr7moy9XhehM2Qo7YrPJmF46iVpHPrOkbf1t281OhH+u31NlfVK2dMp08e9CL8kmR9sKhrK6UOytcyaORsjvaAytcQ2wNwLcO899412lUees26XTlKyg45acWnHlnLWX2vr7Cr2sc+kxWR7LF7ZWyt5gl1n2IHjay11swrtrryXdMUbrTIwnwcXF+G4k4FDNieJskn0sQ91gQLR2s0X7xbt4qVNSrVk5feDTeTo6dpzhR7lzf5ufz8jYe8qLNh03cYyfASNv8Ffu1mkzymgS2b+Hj6Mq92VXdlRd17CF9\/GEA37LZLW7lqtJbnns9C70gpYlTwv3L\/1fya3wR8RZUMk1cYiY7Nuc92uNyeGjSPPTiufT2cNPq3HrryNRTpzhuSl+bfyw188+pnWwFYKjDKqmPtMZKLfsyNcQR+9mV22ltUZQ7zzWt0XQ1Klccm4+cWvlg1pR0T5RIWC\/RsMjvdBaCfLNfwBXPjFvOD2NWtGm4qX6nhd+H9DJN2FZ0VexvKRrmfmH4VYtJYqrtOP0io+0sZS\/a0\/l8zLt7TXN+yysF3Nkdbxs14BHPVnDuVq9WNlo4PRlxftqc3uaXzXzJuzLOmwTI6\/9jM30L8pHlYqVL81vjsZo1B+y1jbj+6L9MmGbttpIKEz9O4gPazLZpNy0u7OHtc1Uta0aedo9D0g02teqn7FZabzy44+hsbZba+HEHSNjY9pYAevbUHS4sT\/9IXQo3EaraR5HUdIrWEYyqNPPVyZki3nKCAIAUBoDb+EMrpgP8xx\/is\/5uK5lb32fRdIntWkH2L4bvkZluUPUqdf1o9PJ2q32nM4fSf3qfc\/kbNVw8sEAQBAEBozelBkxGQ20e2N\/j1Q0\/FpXNuN1RnvtCntWMV1Nr45+ZtHd7Pnw+n7Q0sP7jnM+iuUH\/TR5TWIbN7U7XnzWTIluOYEAQGqP6RWF9JQRTgawzC57GSAtP8wYgPOaA9bbpn3wij\/4VvRzggMtQGtd8NQ5ohaALE5tbaltxa376598+CPXdFqak5y58PPD+RT7x5jNTYfMR7UJvbkbRk259q1XT2oQl2HQ0GCpXFzSXKXwyzB56dzLZmkZmhwvzaeBCptNHpIVIzzsvg8eKLbCad9LX07X6ObNCSOzMWOt6OstsE4VUn1ooXNSFzY1JR3pxljwyvkZBvLwu1WHZ7CS\/E3ykamwvoMpv4+K3XcMVM9Zyuj91\/hNnG+OPHP87jPNk9ioaA58xkktbM4AZRzyDle6vUbaNLfxZ5nUtarXq2WtmPUufezE5iKfFKhxdkvUQHlqHOY8gjiQW5te0Kq\/yVpPtR3Ip19NpxSz+SfwTS+Q2wngZi8L3OYWOiAedHZSQ9ocewi7T5BK7iq6bGlwrz0qcIp5Ut3LPB49Sm3kB0eI5x7RZE8acwAPm1arrKq57joaA41NP2HwzJPu+2ZZj2emqXBtzmlZUx62v+pIziLm+XUm1njzs1cwnhdefqcOycLi3Tlyi4P1i\/Xy8sj2oc2fDqhzHAtMD3hw4EBpd9FYrYlSeOo5OnKVG\/pxkt6kk144NcbGVQp4K9zXDWnu2xBsdQOB+9JZc+3lsxn3HrdWpOvWt4tfr3+voiLsDshHiIlMj3tDC0DLbW9yb3HcFG2t1Vzlm7W9XqWDgoRTznj4H3sdUGjxPoCDlc59O\/j1usQ1xHiG+V1mg9its+BHVaau9O9tnekprs3b16+JL3d4JUxVxEtNIIzHIx5cwhtiO0ixuQBpxupWtKcam9bt5p169t6tnmnUTlmLST3+XLBLpdgqulr45YQ0wtmDg7MAWx31DgdSctxpe9\/SatZwqpx4ZK9TXrW5sZU62VNxaxji+WPHeZltzgMtbAxkLmteyUPGfgbNc3kD96\/krVzSdSOF1nA0e+p2daUqqbTi1u48U\/kd+yeDSUtKIZXNcbm+QdUAgCwuB2dnNSoU3CGzI1aneQubn2tNNLt4mPRbqqQcZZnebR+VaFY0+tnVl0qu3wjFef1MiwDZSmoXOdC1wc5uUkuJuL3+YW+lQhTeYnKvdVubyKjWe5PPDBeLcc4IAgIOMYrDSRmSZ4a0cBzcfutHMnsUZzUVlm+3tqlxNQprL9O1nnzH8RNTO+V1rucTpwFzwB5gCzb87XXLnLaeT6PaUFQpRprkvvz4mztzWHllPLMRbpJLNPa1gtf+IuHkrlrHEWzyvSWupVo01+lb+9mw1aPNhAEAQBAaY3xMtWsNuMDfOznrn3Xv+B7jo207Vr\/U\/RGWboam9JJHe\/Rym3uva14v5krdav8AK0cbpFTxcRn1r4rcZ2rRwAgCAg45hUVZBJTzC8cjS13b3EdhBsR3hAaipP6P8Ycekrnll9AyINdbvJcRfyQG3sGwuKkgjp4QRHG0NaCbmw7TzN9UBNQGud88JMMD+yRzT5tuPwlUL9flTPWdE5pVqkexP4\/yUG0L+mwaikA\/s3mM91swufHKPVaar2reL6jp2K9lq9eDfvJP0+pe7M7O02KUFMZcwdDnjuw2JGckNNwbixHqVupUYVqUc8jm6hqNxp19VVPGJ4e\/u4lJt9hFR\/WTpIYJH3EbwWMc4aADWw01atNzTl7XMV1HQ0S8t\/8Ah6hVml7y3tLjv595k+8nBppmNMERkf0lzYA2b0eU8eVwFYu6cpL8qONoF5SpSarSxHHxzn6mdt4K6ecZRbRbNMq7ODuilHCRrQTpewN+Wp8iQtNWip7+D6zo2OpTtfytbUX+l8DF8E3alk4mqZmyAOzBrGkZnXvd3CwvyHFVqdliW1JnZu+kilQ9lbwccrGW84XZ9S62p2Ijr5mzOleyzAwhoGoBJ4nhxK3VrZVZbTZztO1upZUXSjBPfnf99haY3s5BWMY2Zrj0Zu0g2cOF9e+2q2VKMaiSkU7PUa9pKUqT97iuX2iVQ4TDDD0DG\/orOGUknRxJcNeWp0Uo04xjsrgaa11Vq1vbSf5t2\/hw4ESh2Xo4Q5scDAHizr3dcXBsbk6XA07lGNCnHgjfW1O7rNOdR7uHL0LGko4oRljjYwdjGho4W5dynGKjwRUq1qlV5qSbfa8ndlCka8nKAjVOJQRi75o2D9p7R8youSXFm2FCrN4jFvuTZWz7YUDONXD+68O\/DdQdemuaLUdLvJcKUvLHqV1RvGw5mnSucewRSD8TQou5plmGg3sv0peK+TK2o3rUjfZimd5MA\/ESPRQd1HkmWodG7l+9KK8\/oV1Rvc+5SebpLfANPzUHd9SLMOjH7qnkv5K2fevVn2YYW+OZ31Ci7qfUi1Do1br3pSfkvkyvqN5GIOGkjW+6xo+YKj+IqdZYhoFnHjFvvb+WCvm2zr38amTydl\/BlUPaz6y1HSrSPCmvX1yVNXiEsusj3OPC7iSbdlySbd11BtviW6dGnT3QWPh6Fhsvs3NXyhjAQy\/XkscrBz14F3YFOnTc3hFa\/v6VnTcp8eS5v+O09AYfRsgjZFGLMY0NA7gunGKisI+dVqsq03Unxe8kLJrCAIAgCA1XvrpetTS9oew+WVw+ZVK7W9M9b0YqflqQ7mfW5OXWqb\/w3fjH0S0e9ox0nj\/lS7\/kbSV08mEAQEDHsVZR00tTICWxMc8gcTYcB3k2HmgNCV+\/mvcf0VPTxjX2g95HZrmaPggO3YjfHXvrIYqoskilkbGeoGlmdwaHAttoCRcG+iA9CoCHieFw1LQyZge0G9j22Iv8VCcIzWJI329zVt5bdKWGcQYRBHGIWxMEYN8mUEXve9jzvrdFTilspbjM7qtOp7WU3tdfMkwQtYMrGho7GgAegUkkuBplOU3mTyz7sskTlAcOcBxNkMpN8CFU4zTRf2lRCz3pGj5lRc4rizdC1rz9yEn3JlfNtlh7ONXF+67N+G6g69PrRZjpV5LhTfp6ldNvJw5vCVzvdif+YBQdzTLMdAvXxil4r5ZK6fexSD2YZ3eIY0fiJ+Ci7uPJMsx6NXL96UV5v5FbUb3Tr0dJ4F0n0DfqoO7fJFqHRj99TyX8\/IrajetVn2IoW+Ic78wUXdT7C1Do1bL3pSfkvkVtRvFxF\/CZrPdjb9QVB3FR8y1DQbKP6W+9srajayuk9qrm8nZfw2UPazfNlqGm2kOFNeWfUraitlk9uWR\/vPc75lRyyzCjTh7sUu5Ij2CjhG0XTKBMgwueQXZBK4fsxuPyClh9RoncUYe9NLxROp9lK+ThSTfvMLPxWUvZzfJmiepWkONWPnn0yTYNgcSf\/hiO9z4x+a\/wUlQqPkaJa1Yx\/wCZ8H9Cwp911e62Yws8Xk29GlTVtPmVZ9IrSPDafh9WWVPuklPt1TB7rCfiSPkpq0fNlafSemvdpvxePqWMW6WH9apkPg1o+d1JWi6ytLpNV5U15ssqLdhQxkF3SSW5PfYHxDQFJWsOZVq9IbuaxHEe5fUzClpWRNDI2hjW6BrQAB4AKwkksI4s6kqknKby3zO5ZIBAEAQBAEBg+9vD+lo84veJ4d5EWN1WuY5hnqO90er+zuth\/qWDXWwGPihq2uebRPGR\/cDwd5H4XVWjPYnl8D0ur2Turdxj7y3r6ePqb8Y4EXBuDwI5rpnz1rG5nKGAgMb3kUplwutaOP2eR3jkGe38qA8gID7hlLHBzTZzSCD2EG4PqgPVsm83Dw0EPe4kDRsbvzWVd3MEdqnoF5Piku9\/TJAl3s0o9mCY+OQfmKi7uPUy1Ho1X5zj8foVtRvcdfqUgt+1J9A1Qd2+SLMOjC\/VU8l\/JW1O9SscepHCweDnH1zD5KDup8sFqHRu1S\/NKT8l8irn3gYi\/wDxGX3WMH0uoOvUfMtw0Syj+jPe2VtRtJWye1VzH\/mOHyIUHUm+LZahp9rD3acfJFdPUPk1e9zvecT8yolmEIw91JHTosbkT3kmmoZZf7OKR\/uMc75BSSb4I1TrU4e\/JLvaRYU+y1dJ7NJN+9G5vxdZSVOb4Jlaeo2kONSPmn6FjBu+xJ\/+HyjtdJGPhmv8FJUKj5Feet2Mf157k\/oWMG6yud7T4G+LnH5NU1bT54Ks+kdouCk\/BfUnw7pJT7dUwe6wn5kKStJc2V5dJ6f6ab8\/7k6DdJHfr1TyOxrGj4klS\/CLrK8uk8\/0015\/2LKLdZQji6Z374HyCn+Fh2laXSO7fBRXh\/JPpt3mHM16DN773n4XspK2prkV565ez\/XjuSLGn2VoY9W0kNxzLAT8VNUYLgkVZ6ldy41JeZZRUcbPZjY3waB8lNRSK0qs5cZN+J3rJrCAIAgCAIAgCAIAgCAIAgCA66iFr2lrhdrhYg8wVhrO4lCbhJSjxRonbPZCWheXBpMJOjhrludAfhx\/\/ebVpOHcfQNN1Sndxw3ifV1nzs\/txWUTRGxzXxjgyQE5R2NIIIHdwSFacNy4GbvR7a5ltyWJda595aVe9Ktd7DIYx7pcfUn6KbuZvqKlPo5ax95yfwKup2+xGT\/EFvuNY36XUHXqPmW4aLZQ\/RnvbZU1eN1UoIkqZXA6EOkdY+IvZQc5Piy3Cyt4e7Tj5IxJ2zrS42ks2+gtcjuvdWPxe7gcCXRmLqNqeI8lj55LOg2OLrFsM0vPRjiD\/COCw7ipLgjdDRtPoPNSecdbS+G4yun2JxGQAilfr94tZ8HEWWpUanUdGer2UHh1F4ZfoWFNu1xF\/FkbPekH5cymrep1Faev2UeDb7l9cFjTbp6k\/wBpPC0fsh7vmGqStZdZWn0loL3ISfkvqWcG6Nn69W4n9mMD5uKn+E62VZdJ5fpprz\/gs6XdZRN9t0z\/ABcAP5QFNWsOZUqdI7qXuqK8PqWdPu\/w5n+HB9573fNykren1FWet30v1+SS+RMj2RoG8KSHzYD81L2NPqRpeqXj\/wCZLzLCnw2GP2IY2+6xo+QU1GK4Iqzr1Z+9JvxZKAUjUcoAgCAIAgCAIAgCAIAgCAIAgCAIAgCAIAgCAIAgCA65oWvaWuAIIsQeaNZMxk4vKMNxHdlRSuzNzxX4hhFvIEEBV5W0Gdyj0huqaw8S7yNFuopAetLM4dl2j4hqirWPWzbLpJctboxXn9SfT7tcPbxjc\/X9aR3poQpK2givPX72XCSXgvmW9LsrRRezSxA9uUE+p1WxUYLgilU1K7n71R+ZYR0MTeEbB4NCnsrqKzrVJcZPzJACyazlAEAQBAEAQBAEAQBAEAQBAEAQBAEAQBAEAQBAEAQBAEAQBAEAQBAEAQBAEAQBAEAQBAEAQBAEAQBAEAQBAEAQBAEAQBAEAQBAEAQBAEAQBAEAQBAEAQBAEAQBAEAQBAEAQBAEAQBAEAQBAEAQBAEAQBAEAQBAEAQBAEAQBAEAQBAEAQBAEAQBAf\/Z\" alt=\"\"\/><\/figure><\/div>\n\n\n<p class=\"has-text-align-center has-base-3-color has-contrast-background-color has-text-color has-background\"><strong>SOLICITUD DE EQUIVALENCIAS DE MATERIAS<\/strong><\/p>\n\n\n\n<p>Recepci\u00f3n de documentaci\u00f3n (nota dirigida al rector y programas de las asignaturas , firmadas y selladas por la instituci\u00f3n educativa de origen) desde el <strong>20 de abril hasta el 08 de mayo<\/strong>. <\/p>\n\n\n\n<p class=\"has-text-align-center has-base-3-color has-contrast-background-color has-text-color has-background\"><strong>SOLICITUD DE MESAS ESPECIALES \/ TERMINALES <\/strong><\/p>\n\n\n\n<p>Recepci\u00f3n de nota dirigida al rector (debe incluirse DNI, Tel\u00e9fono de contacto y correo electr\u00f3nico del estudiante), mencionando las unidades curriculares adeudadas (hasta 2 (dos) ), desde el <strong>20 de abril hasta el 01 de mayo<\/strong>. <\/p>\n","protected":false},"excerpt":{"rendered":"<p>INSCRIPCIONES A EX\u00c1MENES TURNO FEBRERO MARZO: 23 de febrero TURNO DE EX\u00c1MENES DICIEMBRE: 26 de febrero al 13 de marzo. PRIMER CUATRIMESTRE: 06 de Abril al 17 de Julio SEGUNDO CUATRIMESTRE: 24 de Agosto al 30 de Noviembre &nbsp; READMISI\u00d3N A LA CARRERA Los alumnos que hayan abandonado la carrera por mas de 2 a\u00f1os &#8230; <a title=\"Calendario Acad\u00e9mico 2026\" class=\"read-more\" href=\"https:\/\/ispef-cha.infd.edu.ar\/sitio\/calendario-academico\/\" aria-label=\"More on Calendario Acad\u00e9mico 2026\">[+]<\/a><\/p>\n","protected":false},"author":2184,"featured_media":0,"parent":0,"menu_order":0,"comment_status":"closed","ping_status":"closed","template":"","meta":[],"acf":[],"_links":{"self":[{"href":"https:\/\/ispef-cha.infd.edu.ar\/sitio\/wp-json\/wp\/v2\/pages\/797"}],"collection":[{"href":"https:\/\/ispef-cha.infd.edu.ar\/sitio\/wp-json\/wp\/v2\/pages"}],"about":[{"href":"https:\/\/ispef-cha.infd.edu.ar\/sitio\/wp-json\/wp\/v2\/types\/page"}],"author":[{"embeddable":true,"href":"https:\/\/ispef-cha.infd.edu.ar\/sitio\/wp-json\/wp\/v2\/users\/2184"}],"replies":[{"embeddable":true,"href":"https:\/\/ispef-cha.infd.edu.ar\/sitio\/wp-json\/wp\/v2\/comments?post=797"}],"version-history":[{"count":10,"href":"https:\/\/ispef-cha.infd.edu.ar\/sitio\/wp-json\/wp\/v2\/pages\/797\/revisions"}],"predecessor-version":[{"id":2553,"href":"https:\/\/ispef-cha.infd.edu.ar\/sitio\/wp-json\/wp\/v2\/pages\/797\/revisions\/2553"}],"wp:attachment":[{"href":"https:\/\/ispef-cha.infd.edu.ar\/sitio\/wp-json\/wp\/v2\/media?parent=797"}],"curies":[{"name":"wp","href":"https:\/\/api.w.org\/{rel}","templated":true}]}}