{"id":791,"date":"2018-07-10T12:54:36","date_gmt":"2018-07-10T15:54:36","guid":{"rendered":"https:\/\/ispef-cha.infd.edu.ar\/sitio\/?page_id=791"},"modified":"2022-07-19T18:36:20","modified_gmt":"2022-07-19T21:36:20","slug":"plan-de-estudios","status":"publish","type":"page","link":"https:\/\/ispef-cha.infd.edu.ar\/sitio\/plan-de-estudios\/","title":{"rendered":"GALER\u00cdA DE FOTOS"},"content":{"rendered":"\n<p class=\"has-text-align-left\">Las actividades que el IESEF desempe\u00f1a en el medio exceden lo meramente institucional, encontrando en los vinculos interinstitucionales la posibilidad de ampliar experiencias a los estudiantes, promover innovaciones pedagogicas a los docentes y asi como la iniciativa de extensi\u00f3n en docencia, investigaci\u00f3n y capacitaci\u00f3n para toda la comunidad. <\/p>\n\n\n\n<p class=\"has-text-align-left\">Estas con algunas actividades realizadas durante el primer semestre del 2022.<\/p>\n\n\n\n<p><\/p>\n","protected":false},"excerpt":{"rendered":"<p>Las actividades que el IESEF desempe\u00f1a en el medio exceden lo meramente institucional, encontrando en los vinculos interinstitucionales la posibilidad de ampliar experiencias a los estudiantes, promover innovaciones pedagogicas a los docentes y asi como la iniciativa de extensi\u00f3n en docencia, investigaci\u00f3n y capacitaci\u00f3n para toda la comunidad. Estas con algunas actividades realizadas durante el &#8230; <a title=\"GALER\u00cdA DE FOTOS\" class=\"read-more\" href=\"https:\/\/ispef-cha.infd.edu.ar\/sitio\/plan-de-estudios\/\" aria-label=\"More on GALER\u00cdA DE FOTOS\">[+]<\/a><\/p>\n","protected":false},"author":2184,"featured_media":0,"parent":0,"menu_order":0,"comment_status":"closed","ping_status":"closed","template":"","meta":[],"acf":[],"_links":{"self":[{"href":"https:\/\/ispef-cha.infd.edu.ar\/sitio\/wp-json\/wp\/v2\/pages\/791"}],"collection":[{"href":"https:\/\/ispef-cha.infd.edu.ar\/sitio\/wp-json\/wp\/v2\/pages"}],"about":[{"href":"https:\/\/ispef-cha.infd.edu.ar\/sitio\/wp-json\/wp\/v2\/types\/page"}],"author":[{"embeddable":true,"href":"https:\/\/ispef-cha.infd.edu.ar\/sitio\/wp-json\/wp\/v2\/users\/2184"}],"replies":[{"embeddable":true,"href":"https:\/\/ispef-cha.infd.edu.ar\/sitio\/wp-json\/wp\/v2\/comments?post=791"}],"version-history":[{"count":11,"href":"https:\/\/ispef-cha.infd.edu.ar\/sitio\/wp-json\/wp\/v2\/pages\/791\/revisions"}],"predecessor-version":[{"id":1616,"href":"https:\/\/ispef-cha.infd.edu.ar\/sitio\/wp-json\/wp\/v2\/pages\/791\/revisions\/1616"}],"wp:attachment":[{"href":"https:\/\/ispef-cha.infd.edu.ar\/sitio\/wp-json\/wp\/v2\/media?parent=791"}],"curies":[{"name":"wp","href":"https:\/\/api.w.org\/{rel}","templated":true}]}}