{"id":286,"date":"2016-10-31T13:17:59","date_gmt":"2016-10-31T16:17:59","guid":{"rendered":"https:\/\/ispef-cha.infd.edu.ar\/sitio\/?page_id=286"},"modified":"2025-11-30T17:13:08","modified_gmt":"2025-11-30T20:13:08","slug":"inicio","status":"publish","type":"page","link":"https:\/\/ispef-cha.infd.edu.ar\/sitio\/","title":{"rendered":"INICIO"},"content":{"rendered":"<h2 style=\"text-align: center;\"><strong>INSTITUTO DE EDUCACI\u00d3N SUPERIOR DE EDUCACI\u00d3N F\u00cdSICA<\/strong><\/h2>\n<p><img decoding=\"async\" loading=\"lazy\" class=\"size-full wp-image-1565 alignleft\" src=\"https:\/\/ispef-cha.infd.edu.ar\/sitio\/wp-content\/uploads\/2022\/07\/cef-frente.jpg\" alt=\"\" width=\"400\" height=\"300\" \/><\/p>\n<p>El Instituto Superior del Profesorado de Educaci\u00f3n F\u00edsica fue creado por Resoluci\u00f3n Ministerial N\u00ba 1164 de fecha 30 de octubre de 1980.<\/p>\n<p>El rector organizador fue el <em>Profesor Oscar Osvaldo Malvicino<\/em> que cont\u00f3 con el apoyo t\u00e9cnico del <em>Profesor Juan Leonardo Etchart.<\/em><\/p>\n<p>La formaci\u00f3n docente ofrecida atravesaba dos ciclos. El primero de tres a\u00f1os, y cuya aprobaci\u00f3n otorgaba el t\u00edtulo de Maestro de Educaci\u00f3n F\u00edsica; el segundo ciclo constaba de un a\u00f1o m\u00e1s y otorgaba el t\u00edtulo de Profesor de Educaci\u00f3n F\u00edsica. Ambos t\u00edtulos otorgaban competencia para desempe\u00f1arse en todos los niveles del sistema educativo y los servicios de la educaci\u00f3n no formal.<\/p>\n<p>La misi\u00f3n de la instituci\u00f3n fue la formaci\u00f3n de los docentes que llevar\u00e1n adelante la aplicaci\u00f3n de los nuevos curr\u00edculos de la especialidad en todos los niveles del sistema educativo y la pr\u00e1ctica de las actividades propias del \u00e1rea de recreaci\u00f3n y los deportes.<\/p>\n<p>Inici\u00f3 sus actividades en el a\u00f1o 1981 con una matr\u00edcula de 84 alumnos j\u00f3venes de ambos sexos pertenecientes a diversas localidades de las Provincias del Noroeste Argentino.<\/p>\n<p>El 15 de diciembre de 1984 en las instalaciones del Aula Magna de la Universidad Nacional del Nordeste, se realiza el acto de colaci\u00f3n de la primera promoci\u00f3n de profesores de Educaci\u00f3n F\u00edsica. En este momento su rector era el profesor Cosme Barrionuevo y la cantidad de egresados titulados era de 42 alumnos.<\/p>\n<p>En los \u00faltimos diez a\u00f1os la matricula de alumnos ingresantes se ha incrementado notablemente ascendiendo al a\u00f1o 2009 a un total de\u00a0 2200 alumnos.\u00a0<\/p>\n<p>&nbsp;<\/p>\n<p>&nbsp;<\/p>\n","protected":false},"excerpt":{"rendered":"<p>INSTITUTO DE EDUCACI\u00d3N SUPERIOR DE EDUCACI\u00d3N F\u00cdSICA El Instituto Superior del Profesorado de Educaci\u00f3n F\u00edsica fue creado por Resoluci\u00f3n Ministerial N\u00ba 1164 de fecha 30 de octubre de 1980. El rector organizador fue el Profesor Oscar Osvaldo Malvicino que cont\u00f3 con el apoyo t\u00e9cnico del Profesor Juan Leonardo Etchart. La formaci\u00f3n docente ofrecida atravesaba dos &#8230; <a title=\"INICIO\" class=\"read-more\" href=\"https:\/\/ispef-cha.infd.edu.ar\/sitio\/\" aria-label=\"More on INICIO\">[+]<\/a><\/p>\n","protected":false},"author":72,"featured_media":0,"parent":0,"menu_order":0,"comment_status":"closed","ping_status":"closed","template":"","meta":[],"acf":[],"_links":{"self":[{"href":"https:\/\/ispef-cha.infd.edu.ar\/sitio\/wp-json\/wp\/v2\/pages\/286"}],"collection":[{"href":"https:\/\/ispef-cha.infd.edu.ar\/sitio\/wp-json\/wp\/v2\/pages"}],"about":[{"href":"https:\/\/ispef-cha.infd.edu.ar\/sitio\/wp-json\/wp\/v2\/types\/page"}],"author":[{"embeddable":true,"href":"https:\/\/ispef-cha.infd.edu.ar\/sitio\/wp-json\/wp\/v2\/users\/72"}],"replies":[{"embeddable":true,"href":"https:\/\/ispef-cha.infd.edu.ar\/sitio\/wp-json\/wp\/v2\/comments?post=286"}],"version-history":[{"count":161,"href":"https:\/\/ispef-cha.infd.edu.ar\/sitio\/wp-json\/wp\/v2\/pages\/286\/revisions"}],"predecessor-version":[{"id":2494,"href":"https:\/\/ispef-cha.infd.edu.ar\/sitio\/wp-json\/wp\/v2\/pages\/286\/revisions\/2494"}],"wp:attachment":[{"href":"https:\/\/ispef-cha.infd.edu.ar\/sitio\/wp-json\/wp\/v2\/media?parent=286"}],"curies":[{"name":"wp","href":"https:\/\/api.w.org\/{rel}","templated":true}]}}