{"id":2281,"date":"2024-03-30T07:58:20","date_gmt":"2024-03-30T10:58:20","guid":{"rendered":"https:\/\/ispef-cha.infd.edu.ar\/sitio\/?page_id=2281"},"modified":"2026-03-25T20:47:59","modified_gmt":"2026-03-25T23:47:59","slug":"tecnicatura-en-gestion-deportiva-horarios-2024","status":"publish","type":"page","link":"https:\/\/ispef-cha.infd.edu.ar\/sitio\/tecnicatura-en-gestion-deportiva-horarios-2024\/","title":{"rendered":"TECNICATURA EN GESTI\u00d3N DEPORTIVA- HORARIOS 2026"},"content":{"rendered":"\n<p> <\/p>\n\n\n\n<p class=\"has-text-align-center has-medium-font-size\"><a href=\"https:\/\/ispef-cha.infd.edu.ar\/sitio\/wp-content\/uploads\/2026\/03\/1-PRIMER-ANO-2026-TGD.pdf\" data-type=\"attachment\" data-id=\"2567\">1- PRIMER A\u00d1O 2026- TGD<\/a><\/p>\n\n\n\n<p class=\"has-text-align-center\"><a href=\"https:\/\/ispef-cha.infd.edu.ar\/sitio\/wp-content\/uploads\/2026\/03\/2-SEGUNDO-ANO-2026-TGD.pdf\" data-type=\"attachment\" data-id=\"2569\">2- SEGUNDO A\u00d1O 2026<\/a> TGD<\/p>\n\n\n\n<p class=\"has-text-align-center\">3- <a href=\"https:\/\/ispef-cha.infd.edu.ar\/sitio\/wp-content\/uploads\/2026\/03\/3-TERCER-ANO-2026-TGD.pdf\" data-type=\"attachment\" data-id=\"2568\">TERCER <\/a>A\u00d1O  2026- TGD<\/p>\n\n\n\n<p><\/p>\n\n\n\n<p><\/p>\n","protected":false},"excerpt":{"rendered":"<p>1- PRIMER A\u00d1O 2026- TGD 2- SEGUNDO A\u00d1O 2026 TGD 3- TERCER A\u00d1O 2026- TGD<\/p>\n","protected":false},"author":72,"featured_media":0,"parent":0,"menu_order":0,"comment_status":"closed","ping_status":"closed","template":"","meta":[],"acf":[],"_links":{"self":[{"href":"https:\/\/ispef-cha.infd.edu.ar\/sitio\/wp-json\/wp\/v2\/pages\/2281"}],"collection":[{"href":"https:\/\/ispef-cha.infd.edu.ar\/sitio\/wp-json\/wp\/v2\/pages"}],"about":[{"href":"https:\/\/ispef-cha.infd.edu.ar\/sitio\/wp-json\/wp\/v2\/types\/page"}],"author":[{"embeddable":true,"href":"https:\/\/ispef-cha.infd.edu.ar\/sitio\/wp-json\/wp\/v2\/users\/72"}],"replies":[{"embeddable":true,"href":"https:\/\/ispef-cha.infd.edu.ar\/sitio\/wp-json\/wp\/v2\/comments?post=2281"}],"version-history":[{"count":11,"href":"https:\/\/ispef-cha.infd.edu.ar\/sitio\/wp-json\/wp\/v2\/pages\/2281\/revisions"}],"predecessor-version":[{"id":2581,"href":"https:\/\/ispef-cha.infd.edu.ar\/sitio\/wp-json\/wp\/v2\/pages\/2281\/revisions\/2581"}],"wp:attachment":[{"href":"https:\/\/ispef-cha.infd.edu.ar\/sitio\/wp-json\/wp\/v2\/media?parent=2281"}],"curies":[{"name":"wp","href":"https:\/\/api.w.org\/{rel}","templated":true}]}}