{"id":2176,"date":"2023-12-03T20:09:54","date_gmt":"2023-12-03T23:09:54","guid":{"rendered":"https:\/\/ispef-cha.infd.edu.ar\/sitio\/?page_id=2176"},"modified":"2026-02-22T11:56:37","modified_gmt":"2026-02-22T14:56:37","slug":"noticias","status":"publish","type":"page","link":"https:\/\/ispef-cha.infd.edu.ar\/sitio\/noticias\/","title":{"rendered":"NOTICIAS"},"content":{"rendered":"\n<p><\/p>\n\n\n\n<hr class=\"wp-block-separator has-alpha-channel-opacity\"\/>\n\n\n\n<p class=\"has-text-align-center\">Se recomienda la lectura atenta de la primera p\u00e1gina de cada uno de los archivos.<\/p>\n\n\n<div class=\"wp-block-image is-style-default\">\n<figure class=\"aligncenter is-resized\"><img decoding=\"async\" loading=\"lazy\" src=\"https:\/\/ispef-cha.infd.edu.ar\/sitio\/wp-content\/uploads\/2022\/05\/examen.jpg\" alt=\"\" class=\"wp-image-1185\" width=\"297\" height=\"194\"\/><figcaption class=\"wp-element-caption\"><strong> MESAS DE EXAMENES TURNO FEBRERO MARZO  2026 <\/strong><\/figcaption><\/figure><\/div>\n\n\n<p class=\"has-text-align-center\">Ante dudas o consultas dirigirse al \u00e1rea de bedel\u00eda y\/o secretaria de asuntos estudiantiles en los horarios indicados. <\/p>\n\n\n\n<p class=\"has-text-align-center has-base-color has-accent-background-color has-text-color has-background has-medium-font-size\"><mark style=\"background-color:rgba(0, 0, 0, 0)\" class=\"has-inline-color has-base-2-color\"><strong>Toda consulta o reclamo debe hacerse con anticipaci\u00f3n al d\u00eda de la mesa de examen, NO SE PODR\u00c1N RESOLVER INCONVENIENTES EN EL D\u00cdA DE LA MESA EXAMINADORA.<\/strong> <\/mark><\/p>\n\n\n<div class=\"wp-block-image is-style-default\">\n<figure class=\"alignleft size-large is-resized\"><a href=\"https:\/\/ispef-cha.infd.edu.ar\/sitio\/wp-content\/uploads\/2025\/02\/1-MESAS-DE-EXAMENES-MARZO-2025-PRIMER-TURNO-PROF-EF.pdf\"><img decoding=\"async\" loading=\"lazy\" src=\"data:image\/jpeg;base64,\/9j\/4AAQSkZJRgABAQAAAQABAAD\/2wCEAAkGBxMSEhUTExMVFRUXFxcVGRcYFxsXGBYYGBgXFhcZFxoYHSghGBolGxgWITEhJSkrLi4uFx8zODMtNygtLisBCgoKDg0OGxAQGy0mICUtLS0vLS0tLS0tLS0tLS0tLS0tLS0tLS0tLS0tLS0tLS0tLS0tLS0tLS0tLS0tLS0tLf\/AABEIAKQBMwMBIgACEQEDEQH\/xAAcAAEAAQUBAQAAAAAAAAAAAAAABQMEBgcIAgH\/xABLEAABAwIDBAgCBgYHBQkAAAABAAIDBBEFITEGEkFRBxMiMmFxgaGRsSNCUsHR4TNicpLw8QgUNDVDY7IVFoKz0hckU1RzdJOiwv\/EABoBAAIDAQEAAAAAAAAAAAAAAAAEAgMFAQb\/xAA1EQABAwIDBAkEAQQDAAAAAAABAAIDBBESITFBUWGxBRMiMpGhwdHwFHGB4SNCUnKSJDM0\/9oADAMBAAIRAxEAPwDeKIiEIiIhCIiIQiIiEIiIhCIiIQiIiEIipSztb3iArOTFB9UX8Tkl5qqGH\/scBw2+Gqm1jnaBSKpSStbqQFDS1z3cbeWStyVlTdNsGUbb8Tl5aq9tKdpUvJiTBpc\/JW8mKO4C3urSOnc7Rt1Xbh0h5D1\/BLfV18\/cBA4Cw8T7qfVwt1PmvD6yQ\/WPpkqRlcfrH4q9bhhGZcArGUAHI3HNKVDKuMB0xOe93oCrGGM5N5J1h5n4qRw6qJO6435fgoxXuFw3dvcB81Lo+ab6hoaSbnMX2bfAZoma3ASVMoiL16zkREQhEREIRERCEREQhEREIRERCEREQhEREIRERCEREQhEREIRERCEREQhFb1m9uHd1\/i6uEUXtxtLb2uug2N1j7aZ5Pdd6\/mriPC3HUge6mEWXH0NA3vEny5K81LtisI8MYNST7K5jga3RoCqkqxqMRa3JvaPsmXNpaRuIhrefuq7ySG2ZVjtRtXS4fH1lTKGXvusGb32tcMaMzqM9BcXIVps9tvS10XWUzi4i28xw3XRki9nDS+uhIy1XPXSvjr6vEZruJZEepYM7N3Oy+wOl3h1zx+Cv+hN8n+0C1pduGF5eAciAW7pcPBzhY+Pip1Uj\/p3SMNja+fzVcjaMYBW\/p6lz9T6cFRQBSVJh3F\/w\/FeUihnq35ZnaTs+59AtBz2xhWtJSF55Dn+Cmoow0WGi9NaALDIL0vT0dCymblm7aUjJKXngiIieVSIiIQiIiEIiIhCIiIQiIiEIiIhCIiIQiIiEIiIhCIiIQiIiEIiIhCIiIQiIvEjw0XJsFwmwuUL2rKor2tyHaPsrOrry7JuQ9z+Cslg1nTFuzB\/t7e6bjpr5uVWepc\/U5cuCt5X7rS617Am3OwuvahNtpgzD6txv\/Z5WZc3MLG+5CxLumkGI3JI8z80TWTRkuZqycyPc86uc5xzvm4knPitndANBv1VRKXhoZAGEHU9Y9rrjy6v\/wCy1QtydAlON2qkvneNluFgHuv55r1\/SD2tp3lwuMst+YWdCLvFluuKohj7uZ52z917OKt+yfZRSLzo6VnaMLLAbgE59Ow63P5UzFiDHG2nmr1Yyp2iv1bb8v5LW6Nr5Khxa8DIXuOSXmhDBcK5REWul0REQhUKubcY51r2F7LFn4nKTvb5B8NPh+KyqoiD2uaeII+Kw+pp3RuLXDMfA+IV8OHO60KBrDcEC\/oshwrFOs7LrB\/wDh4eKlVggKmKPHXNsJBvfrDX1HH2Q+E6tXaiiN8UfgsjRWcGJRP0eAeRyPurxUWss9zS02IRERC4iIiEIiIhCIiIQiIiEIiKKxTEd3sM73E\/Z\/NQkkbG3E7RQkkbG3E5X7p2g7pcAeSrLE6aAveANefLmVlipppzKCSLKmmnMwJIsiIiZTKIiozzBguf5qLnBoLnGwCAL5BKiYMFz8OahKioc83PoOAXyonLzc\/Dkqa8rX9IOqDhbkznxPoPFaEMODM6oiIsxXosc6Rv7sq\/\/S\/\/AEFkaxHpXmczC6gtNr9W06aOkaCM\/BMUgvOwcRzUJDZhXOC3l0EQgUc787un3SOFmRsIt49s\/ALRq6E6GYWtwxpAsXySOdrmQQwHw7LWj0Xo+mHWprbyElTjtrOURXtHQF2bsh7n8F5qCCSZ2GMXPL7p57w0XK8UNKXm5yaPfwCmwF5a0AWGi9r1tHSMpmYRmdp+bFnSSF5uUVhiGJNisCLuPAcuZV+sX2gYRLfgQLemRT8bQ51ip00bZJMLlX\/3gdf9GLeZv8lXZtAzixw8rH7wsfRMdS1aZooTs8yssixWF2QeB55fNeq6jbM2x14OHD8liCrwVb4+44jw1HwOSgYbZtKpdQ2OKN2fH3XutoHxHtDLg4afkrVTUOOXG7KwHmR\/0n8V8fh8UucMgB+yf4uPdSDyO8Fa2dzMphbiNFD2VaGskZ3XkDlqPgcl6qaGSPvNNuYzHxCt1Zk4JnsyDYR4qXgx9w77Q7xGRUxR17JB2TnyOqxBGuINwSDzGSrdEDolZaKNw7ORWdIoDD8c+rJ+8PvH3qbjkDhcEEHiEu5pabFZksL4zZwVRERRVSIiIQiIozFK\/c7LT2jqfs\/moSSNjbicoSSNjbicvOKYju9hne4n7P5qE9yilsGo\/wDEd\/wj71jlz6qW3wBYxc+qlt8AV5hlJ1bc+8cz4eCvkVhVYkxmXePIfitbsQs3Ba\/YhZuAV+ix+bF5DpZo+J91aurJCb77vklnV8Y0BPlzSzukIxoCfLmsqUbi0ZIDuA19eK+YRVOeHBxuQpIhWSsbVQFuw+\/unYJgQJGrGV9U2+gjPC3kV4bhrBrc+tvksA9DTg5FvifZaH1TOKhwqxgIzd2fPU+QV1PVtZ2Yxn9q3y5qwcScyblKSxxQm2LGeHdHqfJTa5zuHNfd7l+awvpf\/uqf9qL\/AJrFmSxrpKjDsMqrgG0dxfgQ5pB9FyleTOwn+4c1147BsuZ10n0XRNbhdNYWu17j4kyPuVzYul+jP+66X9h3+t63umv\/ADj\/ACHIpWl76yqKXdzsCfHP2VY4hJz9grVF55lTMxuFjiBwy5ZpsxtJuQruLEXjXtef5KWp5Q9ocOKx5SmEE2dyuFq9FVkrpeqebgg67LJeoiaG4gpJWldQtlFnajQjgrtF6MGyUa4tNwsPrsPfEe0Ljg4aevJWqzdzARYi45FQlfgf1o\/3T9xTLJb95akFaDlJkd+z55fZQaL7I0gkEWI4L4rk\/dFD7SbSQUMYfM43N9xgzc8gXy5DTM5C4UdtntnFQN3bb87hdsYPd1s6Tk2\/DU+60biWIyVEjpZXFz3G5J9gBoAOACqfLbIJOoqxH2W5nktk\/wDbhWtNmwwGOwu2Tfe7xs4Ob8itn7JbSUeKwCRoMMoO69n2X2vkdHNPA5E+a5aAW1+hOmkAqJC20buraCR3nN377p5AOz\/aCoZm5Z9PidKBexO0LcNXg8jM29tvMa\/D8FHkK4pa6SPuuy5HMfBVamuEo7cYDvttNuWo4pkYxrnxWq0zNNnZjeMj4eyslc0Fc6N1wTbi3gVbIpEAixVzmhwsVm0bw4Ag5HNFj9Fi+4wNscr8uZRLdU5YzqOQGwWSIit6upEbS4+g5nkqSQBcpQkAXKo4lWdWLDvHTw8VjpcSSTx4r3NKXuLjqf4yWpum3E5m9TTt3mwvaXuys2RzXZC+p3cjbLvA55Wx3ONVKGjIbFjOc6rlDRkNi27Q0hkcBnYanwU5VVrIxbU8Gj+MlyRs9tXWUJJpp3xgm7m6scbWza64vbK+vwWxdnOlljuzWR7h\/wDFjBc0\/tMzLfS\/4tiF9Ow9ULk6n9ftOCF9PH\/GLk6nll+1tmqxB79TYch9\/NWqt6GtjmYJIpGyMOjmkOHtx8FcELJe57zd+qyXue5xLr34ovq+KpTwF7g0cfYcSohpcbBRDS42ClsBhs1zuZsPIKWVOKMNAaNBkqi9FFH1bA3cvRRR9WwN3IrXEAerdb18uKul8RKzGws3ghWg2N1jQCLR\/TsyWPFB2nBnVRvi7XdFyDu27p32nxyHgoXZrpEraR\/akdPGTd0cri4nTuvN3MNvMeBXnz0HIGXDhfdb1\/QTgqhfRdEqE24hD8Pqwb2\/q8rsubGF49LtC97E7TQYmwmF27I3N8T8ntF7Ajg5viOYvY5Kdx3BWyUlRGX234JWb1sm70bm3tcXte9rjRLQdG1PWA4bWIzPA\/OHFTfMyy4+XVGxsJGHUZOX\/doNeP0beC5YXTuzNU2PC6aR5s1lJE5xJ0a2IE+y1OmcOBgIub5eCopr3Kh+kHpAbhxEMTBJO4b1nXDI2m9i61iST9UEZakZXidielL+tTsp6mJjHyHdY+Pe3S8mzWlriS2+l7nPktRY\/ir6uolqJO9I4utyGjW+QbYeimujLCpKjEacRi\/VvE7uNmxkOPxO63zcFI9GQR0xDm3cBe+29tn5XOvcX5LpBovopH+tx07Q1xJccyBmVXoqLd7Ts3fJYxWOJkeTrvH5qfQ3Rxj\/AJJO8RpuHummNbUOw3yHmp3\/AG\/H9l9vT8VcMxiE\/Wt5grFUW8YWq40EWy6zOOpY7uvafIgqusFuqsNS9ndc4eAJsoGDcVS7o\/c7yWVVlCyUdoZ8HDUeq1L0kbYMw55p4i2Wci9uEQI7Jk\/W0O7yzNri\/wB296UX0bDBBI19Q4EF1g4QcLm2Rk5NN7ankdD1Eznuc97i5ziXOcTcucTckk6knO6rxObldLdZJDdgd6r1WVT5XukkcXvcbuccySrdXVFSPmkbHE1z3uNmtAuSf44rcew\/R\/HSgTVAbJPYENIu2E65fadpnw4czxrC4qEUDpTZvisV2Q6NpJ7S1W9FFqGaSPHjfuDTUXPhqtv0tOyJjY42hrGizWjIABVl9jtcX0TTWBoyWxFA2IZL4ilzge8A6N4IIuLi3lorWTCZh9S\/kQgSNO1DamJ39XorJFXdRSjWN\/7pPyV9Q4K92b+yOXE\/gul7RtXXzxsFyQqmH4YHRtc4G5vx8Tb2RTzQALAWC+JfrSsl1W8m917WNYnV9Y7LujIfipLGqjdbujV2vkoNY1fPn1Y\/PosGvnz6oflFG45gkFXEYp2b7b3HBzTza7UH+M1JIs4EtNxqs4Eg3C0btV0Z1FNd9PeoizNgPpGDhvN+vlxby0CwFwIXWLGFxAAuVB7bdGdJVROkJ6qoOYkY3JxyykaLb\/7Wo9lrUtS54OMZDatelqnvBxjIbfnoufsBx6oo5BJTyFh4jVrhcGzmnIjJbb2W6UIKizKu0MvF5\/ROPmc2H9rLLXgtXbS7JVNC60zDuEkNkbmx1vH6pzGRWPhMSwxztB8CExJDHO2\/gQusgp3DqYRM3n5E8+A5LmfYfpCnw9zWuAmgH+E423dTeN31cze2YPhqt1YPtNDiDOtikDubDYSR3uAHNB7OhsdDbIlI9V9Ld5F924cSkRD9Ld57R2bhxKyisx1jASNACS5x3WgDMnytzssNHSrRvkbG2pALvrbhDB4FzwLaKN6UmuOGz7vDqy7O3Z3238+GS573lfAXztLnOI4DL9q6nL52lznEZ6DL9rsCnxd4I3iCPL3WQrn\/AKHtpi9poZXXcO1CScy2wvEL67tt4a5X4NC3+rKYSNc5jze1rFW0wka5zHm9rWK1Z097MuqaRlVGLupt4vHExOtvEeLSAfLe5WXOVl289oIIOYOt9LLlfpQ2PGH1R6oE00hJidmQ08YiSSSW8zqPIpm4BAJ1TSxnBsWmpJmTwPLJGG4cPcEcWkZEHVdF7L7XjFaUuBa2UNLZIhezHkEA56tOoOfEXuCuYypjZzG5KKojniJBaRvNvYSMuC5jv1Tb0yOoStbTmeItabHUbjwPBWRvDXXKjJ4i1xadWktPmDYra+2+N9VgtDTNID54IS7M3EbGNJ05u3RnwBy4jVVVJvPc61t5xdbW1yT6q8xnE3VBjLhYRQxQNF79mNoF\/U7x9fUzng6ySN2xpJ9lxrrAjeotdEf0fdnBFSvrHsHWTuLWOIzELbact54dfnuNWjNmsGfW1UNNH3pXht\/st1e7yDQ4+i7FoaVsMbImCzI2NY0cmtAaBl4BMKCuVjG0b4GyNBmiZK7Lcc9rHPsLkgEjOyvdsMRdT0NTOzvxwyObpk4NNjmCMjnmOC49nqHPe57yXOeS5znG5c4m5JPEkrrXFpuFOOR0bsTV1E4WyIsixboNrhV0UlPJffpXNDHf5cu85jSb9qzmyDPQboHhmNZRPiPaGXBw0P4eSaZIHfdbEFU2XLQ7vZW6190h7dCnvTUzvpjk94\/wfAf5ny89PnSJt0KcOpqZwM2j3jMRA8Bzf\/p89NNl18zr8\/NQkk2BL1VVbsM\/J9ELiTc5nVSeA4LLWTCGFt3HMk91jeLnHgB+QV1svszPXSbsQswEB8hHZYDn6nkB4aare+z2BRUkQigZkLFzrdp5+088fkNAq2R4vslaemMmZyCj9kdkoaBg3QHTEWfKRmb2u1v2WZDLwzWRIiaAAFgtpjAwYQMkREXVJT+zc12uaTobj119\/mptY5s0Dvu5bufncW+9ZGlJR2isOrAExsiIirSyIiIQsXxKTekcfG3oMlbqpVMLXuB5lU15yVxxm+8rzcpONxO8oqlPA553Wj8lWo6B0h5N5\/hzWQU8DWCzR+aZpqN0mbshzTNNRukzdkPMqjR0rYm+Opd\/HBQlfVGR1+AyA8Ofmr3G6v8Awx5u9iAolSrJgP4maBTrJgP4WaDVUaqmZIwskY17HCxa4BzT5g6rV22XRb3paLxJgJ8z9GfgA0\/Hgtrolop3xG7SlYp3xG7SuVKincxzmOBa5pLXNORaQbEHxurjCsTlppBJDI6N40LfvByI8Ct\/7W7G09e27xuTAWbK3vDWwcNHNudNeRC0ftRsxPQSbkrbtJO5IO48C2nI5i4OnutmCpZMLbdy2YKlkwtt3LaOzO31PXsNLVtEckg6v\/Ll3hbsk9xxzyOWliSbLU+02Cvoql9PJmWEWdawc05tcPMfA3HBRCmarGpJoGwzfSdV+ieXEOjbkHM\/WYQBkcwdDqD2OERuJZodnqFKOERuJZodnsrTBsSkpp454jZ8Tw9t9LjgfA6HwK682Wx2OvpoqqK+7IL2OrXAlr2nxDgRfja4yK41W2egrbEU07qSZ5EU1jHc5NmH1QOG+DbLiG81f91et6YlVfUbpx\/BY3tFgkVbA+CZoIcDuutcxusQ17eRF\/mNCpt9OXXc074udMz6jmqG6eR+C8fVyTmfrHgg7PtwPzzWhD1ZZZpuFy9tPs7NQzmGUeLXjuyN4Ob941Cg11NtPs3FXwGGZp5teB2o3fab944hc8bVbL1FBL1c7MjfckAO5IBxaefMHML0FDXCobhdk4efEe2qVliwHLRY+vqWUns\/hL6uojp49ZHAX4Nb9Zx8ALn0T7iGi5VNltLoIwRzDJXOFr\/RReIveQ+Vw0ejlvwLF9m8HZDHFBGPo4mhufG3E+JNyfMrKVn0Esk5fKe6T2RwG35tV0rQ2zdu1YB05Ve5hE7c7yOijFuH0jXm\/hZhHquW10F\/SPxDdpaaC7gZJXPy7pbE0Ah2et5GkZcD68+rRVK6H\/o4\/wBgqP8A3J\/5Ua+dLnSY2mDqKkcHTkbskgzEIOrW85P9PnprLZzbyXD8Plpqewlmlc8yWN4m7rGdm+W+bHPO3nphUjyTcm5OZJ1JPNCF8c4kknMnMrIdj9l5a+Xdb2Y226yTg0chzceA9V42P2afXziNp3WNG9I+1w1t7WH6x4Dz5LfmE4bFTRNhhbusbw4k8XOPFx5qyOPF9k3TU3Wm57vNfMKw2KmibDC3dY0ZDiTxLjxJ5q\/ikLSHA2I4ryvibsNFsYQBa2SyeidHUM3nMbvDI5accjrZeZcDiOm83yOXuorBKnckA4O7J+4\/H5rK0q+7HWCyJw+B9mEgahQT9nhwkPqL\/eqf+77r\/pBbyz+CyFFzrXb1AVk393L2VrQ0bYm2bxzJPFXSIqybpckk3KIiIXEREQhUJqZj+80FUGYXGDe1\/AkkK+RQMbCbkDwUDGwm5ARUamXcaXcgqyjcd\/Rj9oLkzy1jnbguTPLY3O3BQTnkkk5k6r4iLzuq85cnVEVSnp3SGzR5ngPNWu3OKR4bRumcN91wAL2L3HutHJt8yeQ46K6OnfIMQ058Ar4qd8gLhpz4BVVQrqGOdhjlY2Rh1a4XBzuP5rQuJ9I+ITE2n6pp+rE0Nt5ON3+6h6jaWskIL6qckZD6Rw+RTTejn6lwHimm9Hya4gFle3fR0+kDp6a8kAzc05viBJ\/eYMu1qOPNa8IUpHtDVtIcKmcEEEfSvyI9VHzPLiXE3JJJPMnMlacbXgWcbrSja9os438lSVaKUtIc0kEEEHiCMwVRRTVi6Q6PdqjV0zX71pmWZKBxdwfawFna20BuOC2ZSzb7A7mPfiuP9ltoZaGcTRWOW69h7r2alp5aCx4Eei6W2V2ohngD4XCRpzsCLscRcteNQc9CEkP+NIST2D5FIgfTyG\/cPkVmKxravC4qkdVURtkjIyDhocxdp1a4X1FjmvTsWkve4HhZX9DN17S14zHEZaqqolFUzqo3EO1GozGaYpq2J0lgtMYv0NxuJNNUlnJkjd4a\/bbYgWvwKvejDo1qqWrM8zo90Mc0BhLs3W1uBYAX8b2W32YYwa3P8eCvGtAFhkFGCCrc0sqHDDuGZP5+HinXOjBuwZrzDCGCw\/mqqItNrQ0WGioJuuef6RNfv1kMIv8ARQkkcLyOvcejQD5BaiWw+nSqc\/F5mm1o2RRtsPqmNshvzO9I72WvF1C+qTwHB5auZsEQBc7Uk2DWjVxPIKNuti7NbU0eGQFrGvqKh4u9ws2NpzsxryN4gWByBB3iQV1oBOasja0u7RsFs\/Z7BIqOFsMQFhm53F7uLnePyFgpOy0pifSlWSX6oRwDhZu+4Z31fkeWixup2orZBZ9VKRe\/fIz9Ff1zRoFo\/XRtFmg28F0ei5o\/21U\/+Zm\/+R\/4rdPQ7tWa+R1LVAOlYzrGyAkGQBwDg8DK4uMxZdE43IHSDNoKzOkjLntA1uPnqs1VtT0ccfdaB48fiVcqqR+IpOpn61wsMgiIirSyIiIQiIiEIiIhCIiIQipTwh7d12h\/mqqIIvkUEXyKhn4KOD7DxF\/mVViwZg7xLvb5KURLilhBvh5+qXFLCDfDz9V4jYALDILDulPZR2I0Rjjt10bhJFc2BcMnNPDNtwL8baLNETCYXGGNYJUUkhjqIXxPGdnDUHQg6OFwcwToVGELt2WJrxZzQ4ciAR8CsdxHYHDZzvSUUF7uJLW9WSXZku6u28fO\/HmhC5DRdK1\/Qjhkltw1EJAPckDgTwLusa7TwIWO1fQALjqq4gWz34rm\/huvGSELRiLbM3QRXhx3Z6Qtud0l0rSRfIloiIBtwufMqPm6F8Tbc7sJAvmJdQOIu26ELWyn9ktopaCdsrCSwkCRl8pGXzHgdbHgfVXp6PMSv\/ZT+\/H\/ANaksA6KcRqTnEIW3sXSutbMgkNbcnTlnccM1WHxvyuD+VXjjk7IIP5W78NqBNHHJGCRIxr2gixs9ocLjnYrKMMpOrbnqdfDwVHA8IZSwxxMuerjZHvOtvEMaGi9hbhwUol6akERxHXl+0vT0giOI68h7oiInE4ix7EcacHFsdgAbb2pJHLhZZCsHlvc72t8\/PirYWgnNO0UTXuJcL2WgulKdz8UqHPBv9GM+IETAD6gA+qxFZ70uYa6Ou645sma0tPIxtbG4eOjT\/xBYHZVuFiUtM3C8jiviK+w7CZ6hwbBDJKSbWYxzs\/QLYuz\/QnXTlrqgspmcQTvyW8GtyBtzcuKtasRdK4J0KYdCQ6Uy1DuT3BrNTazWAHS2rjpwWb4ds3R07dyGlhY3LSNtzYWBcbXcbcTcoQuN2ROdoCfIX+S3Z0B7IzxyurpmOjYY9yMOBBk3y1xeAR3bNyPG\/JbsgpmMvuMa2+u60C\/nZV0IRERCEREQhEREIRERCEREQhEREIRERCEREQhEREIRERCEREQhEREIVD+qsvfdb8AqjW20RFywGi5YDRe0RF1dRERCEUPiuHscQ\/ME62tY+yIpNOavpiRILLGJsAp636KojD2Am3Ag8wRmD4hXuG9GOFQOu2kY45H6QultbkHkgfBEU5u8ma\/vBZXSU7I2hrGNY0aNa0NA8gFXRFUs9EREIRERCEREQhEREIRERCEREQhEREIX\/\/Z\" alt=\"\" width=\"307\" height=\"164\"\/><\/a><figcaption class=\"wp-element-caption\">PROFESORADO DE EDUCACI\u00d3N SUPERIOR EN EDUCACI\u00d3N FISICA<br><a href=\"https:\/\/ispef-cha.infd.edu.ar\/sitio\/wp-content\/uploads\/2026\/02\/MESAS-DE-EXAMENES-MARZO-2026-prof-1.pdf\" data-type=\"attachment\" data-id=\"2527\">MESAS DE EXAMEN 2026<\/a><br><br><br><\/figcaption><\/figure><\/div>\n\n<div class=\"wp-block-image is-style-default\">\n<figure class=\"alignright size-large\"><img decoding=\"async\" src=\"data:image\/jpeg;base64,\/9j\/4AAQSkZJRgABAQAAAQABAAD\/2wCEAAkGBxMSEhUTExMVFRUXFxcVGRcYFxsXGBYYGBgXFhcZFxoYHSghGBolGxgWITEhJSkrLi4uFx8zODMtNygtLisBCgoKDg0OGxAQGy0mICUtLS0vLS0tLS0tLS0tLS0tLS0tLS0tLS0tLS0tLS0tLS0tLS0tLS0tLS0tLS0tLS0tLf\/AABEIAKQBMwMBIgACEQEDEQH\/xAAcAAEAAQUBAQAAAAAAAAAAAAAABQMEBgcIAgH\/xABLEAABAwIDBAgCBgYHBQkAAAABAAIDBBEFITEGEkFRBxMiMmFxgaGRsSNCUsHR4TNicpLw8QgUNDVDY7IVFoKz0hckU1RzdJOiwv\/EABoBAAIDAQEAAAAAAAAAAAAAAAAEAgMFAQb\/xAA1EQABAwIDBAkEAQQDAAAAAAABAAIDBBESITFBUWGxBRMiMpGhwdHwFHGB4SNCUnKSJDM0\/9oADAMBAAIRAxEAPwDeKIiEIiIhCIiIQiIiEIiIhCIiIQiIiEIipSztb3iArOTFB9UX8Tkl5qqGH\/scBw2+Gqm1jnaBSKpSStbqQFDS1z3cbeWStyVlTdNsGUbb8Tl5aq9tKdpUvJiTBpc\/JW8mKO4C3urSOnc7Rt1Xbh0h5D1\/BLfV18\/cBA4Cw8T7qfVwt1PmvD6yQ\/WPpkqRlcfrH4q9bhhGZcArGUAHI3HNKVDKuMB0xOe93oCrGGM5N5J1h5n4qRw6qJO6435fgoxXuFw3dvcB81Lo+ab6hoaSbnMX2bfAZoma3ASVMoiL16zkREQhEREIRERCEREQhEREIRERCEREQhEREIRERCEREQhEREIRERCEREQhFb1m9uHd1\/i6uEUXtxtLb2uug2N1j7aZ5Pdd6\/mriPC3HUge6mEWXH0NA3vEny5K81LtisI8MYNST7K5jga3RoCqkqxqMRa3JvaPsmXNpaRuIhrefuq7ySG2ZVjtRtXS4fH1lTKGXvusGb32tcMaMzqM9BcXIVps9tvS10XWUzi4i28xw3XRki9nDS+uhIy1XPXSvjr6vEZruJZEepYM7N3Oy+wOl3h1zx+Cv+hN8n+0C1pduGF5eAciAW7pcPBzhY+Pip1Uj\/p3SMNja+fzVcjaMYBW\/p6lz9T6cFRQBSVJh3F\/w\/FeUihnq35ZnaTs+59AtBz2xhWtJSF55Dn+Cmoow0WGi9NaALDIL0vT0dCymblm7aUjJKXngiIieVSIiIQiIiEIiIhCIiIQiIiEIiIhCIiIQiIiEIiIhCIiIQiIiEIiIhCIiIQiIvEjw0XJsFwmwuUL2rKor2tyHaPsrOrry7JuQ9z+Cslg1nTFuzB\/t7e6bjpr5uVWepc\/U5cuCt5X7rS617Am3OwuvahNtpgzD6txv\/Z5WZc3MLG+5CxLumkGI3JI8z80TWTRkuZqycyPc86uc5xzvm4knPitndANBv1VRKXhoZAGEHU9Y9rrjy6v\/wCy1QtydAlON2qkvneNluFgHuv55r1\/SD2tp3lwuMst+YWdCLvFluuKohj7uZ52z917OKt+yfZRSLzo6VnaMLLAbgE59Ow63P5UzFiDHG2nmr1Yyp2iv1bb8v5LW6Nr5Khxa8DIXuOSXmhDBcK5REWul0REQhUKubcY51r2F7LFn4nKTvb5B8NPh+KyqoiD2uaeII+Kw+pp3RuLXDMfA+IV8OHO60KBrDcEC\/oshwrFOs7LrB\/wDh4eKlVggKmKPHXNsJBvfrDX1HH2Q+E6tXaiiN8UfgsjRWcGJRP0eAeRyPurxUWss9zS02IRERC4iIiEIiIhCIiIQiIiEIiKKxTEd3sM73E\/Z\/NQkkbG3E7RQkkbG3E5X7p2g7pcAeSrLE6aAveANefLmVlipppzKCSLKmmnMwJIsiIiZTKIiozzBguf5qLnBoLnGwCAL5BKiYMFz8OahKioc83PoOAXyonLzc\/Dkqa8rX9IOqDhbkznxPoPFaEMODM6oiIsxXosc6Rv7sq\/\/S\/\/AEFkaxHpXmczC6gtNr9W06aOkaCM\/BMUgvOwcRzUJDZhXOC3l0EQgUc787un3SOFmRsIt49s\/ALRq6E6GYWtwxpAsXySOdrmQQwHw7LWj0Xo+mHWprbyElTjtrOURXtHQF2bsh7n8F5qCCSZ2GMXPL7p57w0XK8UNKXm5yaPfwCmwF5a0AWGi9r1tHSMpmYRmdp+bFnSSF5uUVhiGJNisCLuPAcuZV+sX2gYRLfgQLemRT8bQ51ip00bZJMLlX\/3gdf9GLeZv8lXZtAzixw8rH7wsfRMdS1aZooTs8yssixWF2QeB55fNeq6jbM2x14OHD8liCrwVb4+44jw1HwOSgYbZtKpdQ2OKN2fH3XutoHxHtDLg4afkrVTUOOXG7KwHmR\/0n8V8fh8UucMgB+yf4uPdSDyO8Fa2dzMphbiNFD2VaGskZ3XkDlqPgcl6qaGSPvNNuYzHxCt1Zk4JnsyDYR4qXgx9w77Q7xGRUxR17JB2TnyOqxBGuINwSDzGSrdEDolZaKNw7ORWdIoDD8c+rJ+8PvH3qbjkDhcEEHiEu5pabFZksL4zZwVRERRVSIiIQiIozFK\/c7LT2jqfs\/moSSNjbicoSSNjbicvOKYju9hne4n7P5qE9yilsGo\/wDEd\/wj71jlz6qW3wBYxc+qlt8AV5hlJ1bc+8cz4eCvkVhVYkxmXePIfitbsQs3Ba\/YhZuAV+ix+bF5DpZo+J91aurJCb77vklnV8Y0BPlzSzukIxoCfLmsqUbi0ZIDuA19eK+YRVOeHBxuQpIhWSsbVQFuw+\/unYJgQJGrGV9U2+gjPC3kV4bhrBrc+tvksA9DTg5FvifZaH1TOKhwqxgIzd2fPU+QV1PVtZ2Yxn9q3y5qwcScyblKSxxQm2LGeHdHqfJTa5zuHNfd7l+awvpf\/uqf9qL\/AJrFmSxrpKjDsMqrgG0dxfgQ5pB9FyleTOwn+4c1147BsuZ10n0XRNbhdNYWu17j4kyPuVzYul+jP+66X9h3+t63umv\/ADj\/ACHIpWl76yqKXdzsCfHP2VY4hJz9grVF55lTMxuFjiBwy5ZpsxtJuQruLEXjXtef5KWp5Q9ocOKx5SmEE2dyuFq9FVkrpeqebgg67LJeoiaG4gpJWldQtlFnajQjgrtF6MGyUa4tNwsPrsPfEe0Ljg4aevJWqzdzARYi45FQlfgf1o\/3T9xTLJb95akFaDlJkd+z55fZQaL7I0gkEWI4L4rk\/dFD7SbSQUMYfM43N9xgzc8gXy5DTM5C4UdtntnFQN3bb87hdsYPd1s6Tk2\/DU+60biWIyVEjpZXFz3G5J9gBoAOACqfLbIJOoqxH2W5nktk\/wDbhWtNmwwGOwu2Tfe7xs4Ob8itn7JbSUeKwCRoMMoO69n2X2vkdHNPA5E+a5aAW1+hOmkAqJC20buraCR3nN377p5AOz\/aCoZm5Z9PidKBexO0LcNXg8jM29tvMa\/D8FHkK4pa6SPuuy5HMfBVamuEo7cYDvttNuWo4pkYxrnxWq0zNNnZjeMj4eyslc0Fc6N1wTbi3gVbIpEAixVzmhwsVm0bw4Ag5HNFj9Fi+4wNscr8uZRLdU5YzqOQGwWSIit6upEbS4+g5nkqSQBcpQkAXKo4lWdWLDvHTw8VjpcSSTx4r3NKXuLjqf4yWpum3E5m9TTt3mwvaXuys2RzXZC+p3cjbLvA55Wx3ONVKGjIbFjOc6rlDRkNi27Q0hkcBnYanwU5VVrIxbU8Gj+MlyRs9tXWUJJpp3xgm7m6scbWza64vbK+vwWxdnOlljuzWR7h\/wDFjBc0\/tMzLfS\/4tiF9Ow9ULk6n9ftOCF9PH\/GLk6nll+1tmqxB79TYch9\/NWqt6GtjmYJIpGyMOjmkOHtx8FcELJe57zd+qyXue5xLr34ovq+KpTwF7g0cfYcSohpcbBRDS42ClsBhs1zuZsPIKWVOKMNAaNBkqi9FFH1bA3cvRRR9WwN3IrXEAerdb18uKul8RKzGws3ghWg2N1jQCLR\/TsyWPFB2nBnVRvi7XdFyDu27p32nxyHgoXZrpEraR\/akdPGTd0cri4nTuvN3MNvMeBXnz0HIGXDhfdb1\/QTgqhfRdEqE24hD8Pqwb2\/q8rsubGF49LtC97E7TQYmwmF27I3N8T8ntF7Ajg5viOYvY5Kdx3BWyUlRGX234JWb1sm70bm3tcXte9rjRLQdG1PWA4bWIzPA\/OHFTfMyy4+XVGxsJGHUZOX\/doNeP0beC5YXTuzNU2PC6aR5s1lJE5xJ0a2IE+y1OmcOBgIub5eCopr3Kh+kHpAbhxEMTBJO4b1nXDI2m9i61iST9UEZakZXidielL+tTsp6mJjHyHdY+Pe3S8mzWlriS2+l7nPktRY\/ir6uolqJO9I4utyGjW+QbYeimujLCpKjEacRi\/VvE7uNmxkOPxO63zcFI9GQR0xDm3cBe+29tn5XOvcX5LpBovopH+tx07Q1xJccyBmVXoqLd7Ts3fJYxWOJkeTrvH5qfQ3Rxj\/AJJO8RpuHummNbUOw3yHmp3\/AG\/H9l9vT8VcMxiE\/Wt5grFUW8YWq40EWy6zOOpY7uvafIgqusFuqsNS9ndc4eAJsoGDcVS7o\/c7yWVVlCyUdoZ8HDUeq1L0kbYMw55p4i2Wci9uEQI7Jk\/W0O7yzNri\/wB296UX0bDBBI19Q4EF1g4QcLm2Rk5NN7ankdD1Eznuc97i5ziXOcTcucTckk6knO6rxObldLdZJDdgd6r1WVT5XukkcXvcbuccySrdXVFSPmkbHE1z3uNmtAuSf44rcew\/R\/HSgTVAbJPYENIu2E65fadpnw4czxrC4qEUDpTZvisV2Q6NpJ7S1W9FFqGaSPHjfuDTUXPhqtv0tOyJjY42hrGizWjIABVl9jtcX0TTWBoyWxFA2IZL4ilzge8A6N4IIuLi3lorWTCZh9S\/kQgSNO1DamJ39XorJFXdRSjWN\/7pPyV9Q4K92b+yOXE\/gul7RtXXzxsFyQqmH4YHRtc4G5vx8Tb2RTzQALAWC+JfrSsl1W8m917WNYnV9Y7LujIfipLGqjdbujV2vkoNY1fPn1Y\/PosGvnz6oflFG45gkFXEYp2b7b3HBzTza7UH+M1JIs4EtNxqs4Eg3C0btV0Z1FNd9PeoizNgPpGDhvN+vlxby0CwFwIXWLGFxAAuVB7bdGdJVROkJ6qoOYkY3JxyykaLb\/7Wo9lrUtS54OMZDatelqnvBxjIbfnoufsBx6oo5BJTyFh4jVrhcGzmnIjJbb2W6UIKizKu0MvF5\/ROPmc2H9rLLXgtXbS7JVNC60zDuEkNkbmx1vH6pzGRWPhMSwxztB8CExJDHO2\/gQusgp3DqYRM3n5E8+A5LmfYfpCnw9zWuAmgH+E423dTeN31cze2YPhqt1YPtNDiDOtikDubDYSR3uAHNB7OhsdDbIlI9V9Ld5F924cSkRD9Ld57R2bhxKyisx1jASNACS5x3WgDMnytzssNHSrRvkbG2pALvrbhDB4FzwLaKN6UmuOGz7vDqy7O3Z3238+GS573lfAXztLnOI4DL9q6nL52lznEZ6DL9rsCnxd4I3iCPL3WQrn\/AKHtpi9poZXXcO1CScy2wvEL67tt4a5X4NC3+rKYSNc5jze1rFW0wka5zHm9rWK1Z097MuqaRlVGLupt4vHExOtvEeLSAfLe5WXOVl289oIIOYOt9LLlfpQ2PGH1R6oE00hJidmQ08YiSSSW8zqPIpm4BAJ1TSxnBsWmpJmTwPLJGG4cPcEcWkZEHVdF7L7XjFaUuBa2UNLZIhezHkEA56tOoOfEXuCuYypjZzG5KKojniJBaRvNvYSMuC5jv1Tb0yOoStbTmeItabHUbjwPBWRvDXXKjJ4i1xadWktPmDYra+2+N9VgtDTNID54IS7M3EbGNJ05u3RnwBy4jVVVJvPc61t5xdbW1yT6q8xnE3VBjLhYRQxQNF79mNoF\/U7x9fUzng6ySN2xpJ9lxrrAjeotdEf0fdnBFSvrHsHWTuLWOIzELbact54dfnuNWjNmsGfW1UNNH3pXht\/st1e7yDQ4+i7FoaVsMbImCzI2NY0cmtAaBl4BMKCuVjG0b4GyNBmiZK7Lcc9rHPsLkgEjOyvdsMRdT0NTOzvxwyObpk4NNjmCMjnmOC49nqHPe57yXOeS5znG5c4m5JPEkrrXFpuFOOR0bsTV1E4WyIsixboNrhV0UlPJffpXNDHf5cu85jSb9qzmyDPQboHhmNZRPiPaGXBw0P4eSaZIHfdbEFU2XLQ7vZW6190h7dCnvTUzvpjk94\/wfAf5ny89PnSJt0KcOpqZwM2j3jMRA8Bzf\/p89NNl18zr8\/NQkk2BL1VVbsM\/J9ELiTc5nVSeA4LLWTCGFt3HMk91jeLnHgB+QV1svszPXSbsQswEB8hHZYDn6nkB4aare+z2BRUkQigZkLFzrdp5+088fkNAq2R4vslaemMmZyCj9kdkoaBg3QHTEWfKRmb2u1v2WZDLwzWRIiaAAFgtpjAwYQMkREXVJT+zc12uaTobj119\/mptY5s0Dvu5bufncW+9ZGlJR2isOrAExsiIirSyIiIQsXxKTekcfG3oMlbqpVMLXuB5lU15yVxxm+8rzcpONxO8oqlPA553Wj8lWo6B0h5N5\/hzWQU8DWCzR+aZpqN0mbshzTNNRukzdkPMqjR0rYm+Opd\/HBQlfVGR1+AyA8Ofmr3G6v8Awx5u9iAolSrJgP4maBTrJgP4WaDVUaqmZIwskY17HCxa4BzT5g6rV22XRb3paLxJgJ8z9GfgA0\/Hgtrolop3xG7SlYp3xG7SuVKincxzmOBa5pLXNORaQbEHxurjCsTlppBJDI6N40LfvByI8Ct\/7W7G09e27xuTAWbK3vDWwcNHNudNeRC0ftRsxPQSbkrbtJO5IO48C2nI5i4OnutmCpZMLbdy2YKlkwtt3LaOzO31PXsNLVtEckg6v\/Ll3hbsk9xxzyOWliSbLU+02Cvoql9PJmWEWdawc05tcPMfA3HBRCmarGpJoGwzfSdV+ieXEOjbkHM\/WYQBkcwdDqD2OERuJZodnqFKOERuJZodnsrTBsSkpp454jZ8Tw9t9LjgfA6HwK682Wx2OvpoqqK+7IL2OrXAlr2nxDgRfja4yK41W2egrbEU07qSZ5EU1jHc5NmH1QOG+DbLiG81f91et6YlVfUbpx\/BY3tFgkVbA+CZoIcDuutcxusQ17eRF\/mNCpt9OXXc074udMz6jmqG6eR+C8fVyTmfrHgg7PtwPzzWhD1ZZZpuFy9tPs7NQzmGUeLXjuyN4Ob941Cg11NtPs3FXwGGZp5teB2o3fab944hc8bVbL1FBL1c7MjfckAO5IBxaefMHML0FDXCobhdk4efEe2qVliwHLRY+vqWUns\/hL6uojp49ZHAX4Nb9Zx8ALn0T7iGi5VNltLoIwRzDJXOFr\/RReIveQ+Vw0ejlvwLF9m8HZDHFBGPo4mhufG3E+JNyfMrKVn0Esk5fKe6T2RwG35tV0rQ2zdu1YB05Ve5hE7c7yOijFuH0jXm\/hZhHquW10F\/SPxDdpaaC7gZJXPy7pbE0Ah2et5GkZcD68+rRVK6H\/o4\/wBgqP8A3J\/5Ua+dLnSY2mDqKkcHTkbskgzEIOrW85P9PnprLZzbyXD8Plpqewlmlc8yWN4m7rGdm+W+bHPO3nphUjyTcm5OZJ1JPNCF8c4kknMnMrIdj9l5a+Xdb2Y226yTg0chzceA9V42P2afXziNp3WNG9I+1w1t7WH6x4Dz5LfmE4bFTRNhhbusbw4k8XOPFx5qyOPF9k3TU3Wm57vNfMKw2KmibDC3dY0ZDiTxLjxJ5q\/ikLSHA2I4ryvibsNFsYQBa2SyeidHUM3nMbvDI5accjrZeZcDiOm83yOXuorBKnckA4O7J+4\/H5rK0q+7HWCyJw+B9mEgahQT9nhwkPqL\/eqf+77r\/pBbyz+CyFFzrXb1AVk393L2VrQ0bYm2bxzJPFXSIqybpckk3KIiIXEREQhUJqZj+80FUGYXGDe1\/AkkK+RQMbCbkDwUDGwm5ARUamXcaXcgqyjcd\/Rj9oLkzy1jnbguTPLY3O3BQTnkkk5k6r4iLzuq85cnVEVSnp3SGzR5ngPNWu3OKR4bRumcN91wAL2L3HutHJt8yeQ46K6OnfIMQ058Ar4qd8gLhpz4BVVQrqGOdhjlY2Rh1a4XBzuP5rQuJ9I+ITE2n6pp+rE0Nt5ON3+6h6jaWskIL6qckZD6Rw+RTTejn6lwHimm9Hya4gFle3fR0+kDp6a8kAzc05viBJ\/eYMu1qOPNa8IUpHtDVtIcKmcEEEfSvyI9VHzPLiXE3JJJPMnMlacbXgWcbrSja9os438lSVaKUtIc0kEEEHiCMwVRRTVi6Q6PdqjV0zX71pmWZKBxdwfawFna20BuOC2ZSzb7A7mPfiuP9ltoZaGcTRWOW69h7r2alp5aCx4Eei6W2V2ohngD4XCRpzsCLscRcteNQc9CEkP+NIST2D5FIgfTyG\/cPkVmKxravC4qkdVURtkjIyDhocxdp1a4X1FjmvTsWkve4HhZX9DN17S14zHEZaqqolFUzqo3EO1GozGaYpq2J0lgtMYv0NxuJNNUlnJkjd4a\/bbYgWvwKvejDo1qqWrM8zo90Mc0BhLs3W1uBYAX8b2W32YYwa3P8eCvGtAFhkFGCCrc0sqHDDuGZP5+HinXOjBuwZrzDCGCw\/mqqItNrQ0WGioJuuef6RNfv1kMIv8ARQkkcLyOvcejQD5BaiWw+nSqc\/F5mm1o2RRtsPqmNshvzO9I72WvF1C+qTwHB5auZsEQBc7Uk2DWjVxPIKNuti7NbU0eGQFrGvqKh4u9ws2NpzsxryN4gWByBB3iQV1oBOasja0u7RsFs\/Z7BIqOFsMQFhm53F7uLnePyFgpOy0pifSlWSX6oRwDhZu+4Z31fkeWixup2orZBZ9VKRe\/fIz9Ff1zRoFo\/XRtFmg28F0ei5o\/21U\/+Zm\/+R\/4rdPQ7tWa+R1LVAOlYzrGyAkGQBwDg8DK4uMxZdE43IHSDNoKzOkjLntA1uPnqs1VtT0ccfdaB48fiVcqqR+IpOpn61wsMgiIirSyIiIQiIiEIiIhCIiIQipTwh7d12h\/mqqIIvkUEXyKhn4KOD7DxF\/mVViwZg7xLvb5KURLilhBvh5+qXFLCDfDz9V4jYALDILDulPZR2I0Rjjt10bhJFc2BcMnNPDNtwL8baLNETCYXGGNYJUUkhjqIXxPGdnDUHQg6OFwcwToVGELt2WJrxZzQ4ciAR8CsdxHYHDZzvSUUF7uJLW9WSXZku6u28fO\/HmhC5DRdK1\/Qjhkltw1EJAPckDgTwLusa7TwIWO1fQALjqq4gWz34rm\/huvGSELRiLbM3QRXhx3Z6Qtud0l0rSRfIloiIBtwufMqPm6F8Tbc7sJAvmJdQOIu26ELWyn9ktopaCdsrCSwkCRl8pGXzHgdbHgfVXp6PMSv\/ZT+\/H\/ANaksA6KcRqTnEIW3sXSutbMgkNbcnTlnccM1WHxvyuD+VXjjk7IIP5W78NqBNHHJGCRIxr2gixs9ocLjnYrKMMpOrbnqdfDwVHA8IZSwxxMuerjZHvOtvEMaGi9hbhwUol6akERxHXl+0vT0giOI68h7oiInE4ix7EcacHFsdgAbb2pJHLhZZCsHlvc72t8\/PirYWgnNO0UTXuJcL2WgulKdz8UqHPBv9GM+IETAD6gA+qxFZ70uYa6Ou645sma0tPIxtbG4eOjT\/xBYHZVuFiUtM3C8jiviK+w7CZ6hwbBDJKSbWYxzs\/QLYuz\/QnXTlrqgspmcQTvyW8GtyBtzcuKtasRdK4J0KYdCQ6Uy1DuT3BrNTazWAHS2rjpwWb4ds3R07dyGlhY3LSNtzYWBcbXcbcTcoQuN2ROdoCfIX+S3Z0B7IzxyurpmOjYY9yMOBBk3y1xeAR3bNyPG\/JbsgpmMvuMa2+u60C\/nZV0IRERCEREQhEREIRERCEREQhEREIRERCEREQhEREIRERCEREQhEREIVD+qsvfdb8AqjW20RFywGi5YDRe0RF1dRERCEUPiuHscQ\/ME62tY+yIpNOavpiRILLGJsAp636KojD2Am3Ag8wRmD4hXuG9GOFQOu2kY45H6QultbkHkgfBEU5u8ma\/vBZXSU7I2hrGNY0aNa0NA8gFXRFUs9EREIRERCEREQhEREIRERCEREQhEREIX\/\/Z\" alt=\"\"\/><figcaption class=\"wp-element-caption\"><strong>TECNICATURA SUPERIOR EN GESTI\u00d3N  DEPORTIVA<\/strong><br><a href=\"https:\/\/ispef-cha.infd.edu.ar\/sitio\/wp-content\/uploads\/2026\/02\/MESAS-DE-EXAMEN-FEBRERO-MARZO-2026-tecnicatura.pdf\" data-type=\"attachment\" data-id=\"2528\">MESAS DE EXAMEN 2026<\/a><br>     <\/figcaption><\/figure><\/div>\n\n\n<p><\/p>\n\n\n\n<p><\/p>\n\n\n\n<p><\/p>\n\n\n\n<p><\/p>\n\n\n\n<p><\/p>\n\n\n\n<p><\/p>\n\n\n\n<p><\/p>\n\n\n\n<p><\/p>\n\n\n\n<p><\/p>\n\n\n\n<p><\/p>\n\n\n\n<p><\/p>\n\n\n\n<p><\/p>\n\n\n\n<p><\/p>\n\n\n\n<p><\/p>\n\n\n<p><\/p>\n<p style=\"text-align: right;\"><\/p>","protected":false},"excerpt":{"rendered":"<p>Se recomienda la lectura atenta de la primera p\u00e1gina de cada uno de los archivos. Ante dudas o consultas dirigirse al \u00e1rea de bedel\u00eda y\/o secretaria de asuntos estudiantiles en los horarios indicados. Toda consulta o reclamo debe hacerse con anticipaci\u00f3n al d\u00eda de la mesa de examen, NO SE PODR\u00c1N RESOLVER INCONVENIENTES EN EL &#8230; <a title=\"NOTICIAS\" class=\"read-more\" href=\"https:\/\/ispef-cha.infd.edu.ar\/sitio\/noticias\/\" aria-label=\"More on NOTICIAS\">[+]<\/a><\/p>\n","protected":false},"author":72,"featured_media":0,"parent":0,"menu_order":0,"comment_status":"closed","ping_status":"closed","template":"","meta":[],"acf":[],"_links":{"self":[{"href":"https:\/\/ispef-cha.infd.edu.ar\/sitio\/wp-json\/wp\/v2\/pages\/2176"}],"collection":[{"href":"https:\/\/ispef-cha.infd.edu.ar\/sitio\/wp-json\/wp\/v2\/pages"}],"about":[{"href":"https:\/\/ispef-cha.infd.edu.ar\/sitio\/wp-json\/wp\/v2\/types\/page"}],"author":[{"embeddable":true,"href":"https:\/\/ispef-cha.infd.edu.ar\/sitio\/wp-json\/wp\/v2\/users\/72"}],"replies":[{"embeddable":true,"href":"https:\/\/ispef-cha.infd.edu.ar\/sitio\/wp-json\/wp\/v2\/comments?post=2176"}],"version-history":[{"count":51,"href":"https:\/\/ispef-cha.infd.edu.ar\/sitio\/wp-json\/wp\/v2\/pages\/2176\/revisions"}],"predecessor-version":[{"id":2550,"href":"https:\/\/ispef-cha.infd.edu.ar\/sitio\/wp-json\/wp\/v2\/pages\/2176\/revisions\/2550"}],"wp:attachment":[{"href":"https:\/\/ispef-cha.infd.edu.ar\/sitio\/wp-json\/wp\/v2\/media?parent=2176"}],"curies":[{"name":"wp","href":"https:\/\/api.w.org\/{rel}","templated":true}]}}