{"id":1831,"date":"2022-10-29T20:39:17","date_gmt":"2022-10-29T23:39:17","guid":{"rendered":"https:\/\/ispef-cha.infd.edu.ar\/sitio\/?page_id=1831"},"modified":"2022-10-29T21:27:02","modified_gmt":"2022-10-30T00:27:02","slug":"jornada-de-juegos-recreativos-aprendemos-jugando-jugamos-para-aprender","status":"publish","type":"page","link":"https:\/\/ispef-cha.infd.edu.ar\/sitio\/jornada-de-juegos-recreativos-aprendemos-jugando-jugamos-para-aprender\/","title":{"rendered":"JORNADA DE JUEGOS RECREATIVOS  APRENDEMOS JUGANDO, JUGAMOS PARA APRENDER"},"content":{"rendered":"\n<p>En el IESEF las actividades curriculares fortalecen la vivencia de los saberes. Este ciclo 2022 contamos con el proyecto <strong><em>\u00abAprendemos jugando , jugamos para aprender\u00bb<\/em><\/strong> en el cual los alumnos de la unidad <strong>Los juegos y su ense\u00f1anza II <\/strong>prepararon una serie de propuestas pedagogicas para los estudiantes de la unidad curricular <strong>Los juegos y su ense\u00f1anza I<\/strong>. Durante el dise\u00f1o, organizaci\u00f3ny desarrollo,  quienes estuvieron acompa\u00f1ados por los docentes <em>Jorge Villalba, Jorge Fernandez, Elizabeth Perez, Noelia Arg\u00fcello, Monica Ledesma, Miriam Cristaldo,  Rosana Garc\u00eda<\/em> y el Equipo Directivo. <\/p>\n\n\n\n<p>Todas las actividades se llevaron a cabo en el Polideportivo Jaime Zapata de la Ciudad de Resistencia. <\/p>\n\n\n\n<figure class=\"wp-block-gallery columns-1 is-cropped wp-block-gallery-1 is-layout-flex\"><ul class=\"blocks-gallery-grid\"><li class=\"blocks-gallery-item\"><figure><img decoding=\"async\" loading=\"lazy\" width=\"721\" height=\"1280\" src=\"https:\/\/ispef-cha.infd.edu.ar\/sitio\/wp-content\/uploads\/2022\/10\/IMG-20220930-WA0017.jpg\" alt=\"\" data-id=\"1836\" data-full-url=\"https:\/\/ispef-cha.infd.edu.ar\/sitio\/wp-content\/uploads\/2022\/10\/IMG-20220930-WA0017.jpg\" data-link=\"https:\/\/ispef-cha.infd.edu.ar\/sitio\/?attachment_id=1836#main\" class=\"wp-image-1836\" srcset=\"https:\/\/ispef-cha.infd.edu.ar\/sitio\/wp-content\/uploads\/2022\/10\/IMG-20220930-WA0017.jpg 721w, https:\/\/ispef-cha.infd.edu.ar\/sitio\/wp-content\/uploads\/2022\/10\/IMG-20220930-WA0017-563x1000.jpg 563w\" sizes=\"(max-width: 721px) 100vw, 721px\" \/><\/figure><\/li><\/ul><\/figure>\n\n\n\n<figure class=\"wp-block-gallery columns-3 is-cropped wp-block-gallery-3 is-layout-flex\"><ul class=\"blocks-gallery-grid\"><li class=\"blocks-gallery-item\"><figure><img decoding=\"async\" loading=\"lazy\" width=\"1900\" height=\"1069\" src=\"https:\/\/ispef-cha.infd.edu.ar\/sitio\/wp-content\/uploads\/2022\/10\/SAM_8915-1900x1069.jpg\" alt=\"\" data-id=\"1832\" data-full-url=\"https:\/\/ispef-cha.infd.edu.ar\/sitio\/wp-content\/uploads\/2022\/10\/SAM_8915-scaled.jpg\" data-link=\"https:\/\/ispef-cha.infd.edu.ar\/sitio\/?attachment_id=1832#main\" class=\"wp-image-1832\" srcset=\"https:\/\/ispef-cha.infd.edu.ar\/sitio\/wp-content\/uploads\/2022\/10\/SAM_8915-1900x1069.jpg 1900w, https:\/\/ispef-cha.infd.edu.ar\/sitio\/wp-content\/uploads\/2022\/10\/SAM_8915-1000x563.jpg 1000w, https:\/\/ispef-cha.infd.edu.ar\/sitio\/wp-content\/uploads\/2022\/10\/SAM_8915-768x432.jpg 768w, https:\/\/ispef-cha.infd.edu.ar\/sitio\/wp-content\/uploads\/2022\/10\/SAM_8915-1536x864.jpg 1536w, https:\/\/ispef-cha.infd.edu.ar\/sitio\/wp-content\/uploads\/2022\/10\/SAM_8915-2048x1152.jpg 2048w\" sizes=\"(max-width: 1900px) 100vw, 1900px\" \/><\/figure><\/li><li class=\"blocks-gallery-item\"><figure><img decoding=\"async\" loading=\"lazy\" width=\"1900\" height=\"1069\" src=\"https:\/\/ispef-cha.infd.edu.ar\/sitio\/wp-content\/uploads\/2022\/10\/SAM_8916-1900x1069.jpg\" alt=\"\" data-id=\"1833\" data-full-url=\"https:\/\/ispef-cha.infd.edu.ar\/sitio\/wp-content\/uploads\/2022\/10\/SAM_8916-scaled.jpg\" data-link=\"https:\/\/ispef-cha.infd.edu.ar\/sitio\/?attachment_id=1833#main\" class=\"wp-image-1833\" srcset=\"https:\/\/ispef-cha.infd.edu.ar\/sitio\/wp-content\/uploads\/2022\/10\/SAM_8916-1900x1069.jpg 1900w, https:\/\/ispef-cha.infd.edu.ar\/sitio\/wp-content\/uploads\/2022\/10\/SAM_8916-1000x563.jpg 1000w, https:\/\/ispef-cha.infd.edu.ar\/sitio\/wp-content\/uploads\/2022\/10\/SAM_8916-768x432.jpg 768w, https:\/\/ispef-cha.infd.edu.ar\/sitio\/wp-content\/uploads\/2022\/10\/SAM_8916-1536x864.jpg 1536w, https:\/\/ispef-cha.infd.edu.ar\/sitio\/wp-content\/uploads\/2022\/10\/SAM_8916-2048x1152.jpg 2048w\" sizes=\"(max-width: 1900px) 100vw, 1900px\" \/><\/figure><\/li><li class=\"blocks-gallery-item\"><figure><img decoding=\"async\" loading=\"lazy\" width=\"1900\" height=\"1069\" src=\"https:\/\/ispef-cha.infd.edu.ar\/sitio\/wp-content\/uploads\/2022\/10\/SAM_8917-1900x1069.jpg\" alt=\"\" data-id=\"1834\" data-full-url=\"https:\/\/ispef-cha.infd.edu.ar\/sitio\/wp-content\/uploads\/2022\/10\/SAM_8917-scaled.jpg\" data-link=\"https:\/\/ispef-cha.infd.edu.ar\/sitio\/?attachment_id=1834#main\" class=\"wp-image-1834\" srcset=\"https:\/\/ispef-cha.infd.edu.ar\/sitio\/wp-content\/uploads\/2022\/10\/SAM_8917-1900x1069.jpg 1900w, https:\/\/ispef-cha.infd.edu.ar\/sitio\/wp-content\/uploads\/2022\/10\/SAM_8917-1000x563.jpg 1000w, https:\/\/ispef-cha.infd.edu.ar\/sitio\/wp-content\/uploads\/2022\/10\/SAM_8917-768x432.jpg 768w, https:\/\/ispef-cha.infd.edu.ar\/sitio\/wp-content\/uploads\/2022\/10\/SAM_8917-1536x864.jpg 1536w, https:\/\/ispef-cha.infd.edu.ar\/sitio\/wp-content\/uploads\/2022\/10\/SAM_8917-2048x1152.jpg 2048w\" sizes=\"(max-width: 1900px) 100vw, 1900px\" \/><\/figure><\/li><li class=\"blocks-gallery-item\"><figure><img decoding=\"async\" loading=\"lazy\" width=\"1900\" height=\"1069\" src=\"https:\/\/ispef-cha.infd.edu.ar\/sitio\/wp-content\/uploads\/2022\/10\/SAM_8911-1900x1069.jpg\" alt=\"\" data-id=\"1835\" data-full-url=\"https:\/\/ispef-cha.infd.edu.ar\/sitio\/wp-content\/uploads\/2022\/10\/SAM_8911-scaled.jpg\" data-link=\"https:\/\/ispef-cha.infd.edu.ar\/sitio\/?attachment_id=1835#main\" class=\"wp-image-1835\" srcset=\"https:\/\/ispef-cha.infd.edu.ar\/sitio\/wp-content\/uploads\/2022\/10\/SAM_8911-1900x1069.jpg 1900w, https:\/\/ispef-cha.infd.edu.ar\/sitio\/wp-content\/uploads\/2022\/10\/SAM_8911-1000x563.jpg 1000w, https:\/\/ispef-cha.infd.edu.ar\/sitio\/wp-content\/uploads\/2022\/10\/SAM_8911-768x432.jpg 768w, https:\/\/ispef-cha.infd.edu.ar\/sitio\/wp-content\/uploads\/2022\/10\/SAM_8911-1536x864.jpg 1536w, https:\/\/ispef-cha.infd.edu.ar\/sitio\/wp-content\/uploads\/2022\/10\/SAM_8911-2048x1152.jpg 2048w\" sizes=\"(max-width: 1900px) 100vw, 1900px\" \/><\/figure><\/li><li class=\"blocks-gallery-item\"><figure><img decoding=\"async\" loading=\"lazy\" width=\"1900\" height=\"1069\" src=\"https:\/\/ispef-cha.infd.edu.ar\/sitio\/wp-content\/uploads\/2022\/10\/SAM_8912-1900x1069.jpg\" alt=\"\" data-id=\"1837\" data-full-url=\"https:\/\/ispef-cha.infd.edu.ar\/sitio\/wp-content\/uploads\/2022\/10\/SAM_8912-scaled.jpg\" data-link=\"https:\/\/ispef-cha.infd.edu.ar\/sitio\/?attachment_id=1837#main\" class=\"wp-image-1837\" srcset=\"https:\/\/ispef-cha.infd.edu.ar\/sitio\/wp-content\/uploads\/2022\/10\/SAM_8912-1900x1069.jpg 1900w, https:\/\/ispef-cha.infd.edu.ar\/sitio\/wp-content\/uploads\/2022\/10\/SAM_8912-1000x563.jpg 1000w, https:\/\/ispef-cha.infd.edu.ar\/sitio\/wp-content\/uploads\/2022\/10\/SAM_8912-768x432.jpg 768w, https:\/\/ispef-cha.infd.edu.ar\/sitio\/wp-content\/uploads\/2022\/10\/SAM_8912-1536x864.jpg 1536w, https:\/\/ispef-cha.infd.edu.ar\/sitio\/wp-content\/uploads\/2022\/10\/SAM_8912-2048x1152.jpg 2048w\" sizes=\"(max-width: 1900px) 100vw, 1900px\" \/><\/figure><\/li><li class=\"blocks-gallery-item\"><figure><img decoding=\"async\" loading=\"lazy\" width=\"1900\" height=\"1069\" src=\"https:\/\/ispef-cha.infd.edu.ar\/sitio\/wp-content\/uploads\/2022\/10\/SAM_8913-1900x1069.jpg\" alt=\"\" data-id=\"1838\" data-full-url=\"https:\/\/ispef-cha.infd.edu.ar\/sitio\/wp-content\/uploads\/2022\/10\/SAM_8913-scaled.jpg\" data-link=\"https:\/\/ispef-cha.infd.edu.ar\/sitio\/?attachment_id=1838#main\" class=\"wp-image-1838\" srcset=\"https:\/\/ispef-cha.infd.edu.ar\/sitio\/wp-content\/uploads\/2022\/10\/SAM_8913-1900x1069.jpg 1900w, https:\/\/ispef-cha.infd.edu.ar\/sitio\/wp-content\/uploads\/2022\/10\/SAM_8913-1000x563.jpg 1000w, https:\/\/ispef-cha.infd.edu.ar\/sitio\/wp-content\/uploads\/2022\/10\/SAM_8913-768x432.jpg 768w, https:\/\/ispef-cha.infd.edu.ar\/sitio\/wp-content\/uploads\/2022\/10\/SAM_8913-1536x864.jpg 1536w, https:\/\/ispef-cha.infd.edu.ar\/sitio\/wp-content\/uploads\/2022\/10\/SAM_8913-2048x1152.jpg 2048w\" sizes=\"(max-width: 1900px) 100vw, 1900px\" \/><\/figure><\/li><li class=\"blocks-gallery-item\"><figure><img decoding=\"async\" loading=\"lazy\" width=\"1900\" height=\"1069\" src=\"https:\/\/ispef-cha.infd.edu.ar\/sitio\/wp-content\/uploads\/2022\/10\/SAM_8914-1900x1069.jpg\" alt=\"\" data-id=\"1839\" data-full-url=\"https:\/\/ispef-cha.infd.edu.ar\/sitio\/wp-content\/uploads\/2022\/10\/SAM_8914-scaled.jpg\" data-link=\"https:\/\/ispef-cha.infd.edu.ar\/sitio\/?attachment_id=1839#main\" class=\"wp-image-1839\" srcset=\"https:\/\/ispef-cha.infd.edu.ar\/sitio\/wp-content\/uploads\/2022\/10\/SAM_8914-1900x1069.jpg 1900w, https:\/\/ispef-cha.infd.edu.ar\/sitio\/wp-content\/uploads\/2022\/10\/SAM_8914-1000x563.jpg 1000w, https:\/\/ispef-cha.infd.edu.ar\/sitio\/wp-content\/uploads\/2022\/10\/SAM_8914-768x432.jpg 768w, https:\/\/ispef-cha.infd.edu.ar\/sitio\/wp-content\/uploads\/2022\/10\/SAM_8914-1536x864.jpg 1536w, https:\/\/ispef-cha.infd.edu.ar\/sitio\/wp-content\/uploads\/2022\/10\/SAM_8914-2048x1152.jpg 2048w\" sizes=\"(max-width: 1900px) 100vw, 1900px\" \/><\/figure><\/li><\/ul><\/figure>\n\n\n\n<p><\/p>\n","protected":false},"excerpt":{"rendered":"<p>En el IESEF las actividades curriculares fortalecen la vivencia de los saberes. Este ciclo 2022 contamos con el proyecto \u00abAprendemos jugando , jugamos para aprender\u00bb en el cual los alumnos de la unidad Los juegos y su ense\u00f1anza II prepararon una serie de propuestas pedagogicas para los estudiantes de la unidad curricular Los juegos y &#8230; <a title=\"JORNADA DE JUEGOS RECREATIVOS  APRENDEMOS JUGANDO, JUGAMOS PARA APRENDER\" class=\"read-more\" href=\"https:\/\/ispef-cha.infd.edu.ar\/sitio\/jornada-de-juegos-recreativos-aprendemos-jugando-jugamos-para-aprender\/\" aria-label=\"More on JORNADA DE JUEGOS RECREATIVOS  APRENDEMOS JUGANDO, JUGAMOS PARA APRENDER\">[+]<\/a><\/p>\n","protected":false},"author":72,"featured_media":0,"parent":0,"menu_order":0,"comment_status":"closed","ping_status":"closed","template":"","meta":[],"acf":[],"_links":{"self":[{"href":"https:\/\/ispef-cha.infd.edu.ar\/sitio\/wp-json\/wp\/v2\/pages\/1831"}],"collection":[{"href":"https:\/\/ispef-cha.infd.edu.ar\/sitio\/wp-json\/wp\/v2\/pages"}],"about":[{"href":"https:\/\/ispef-cha.infd.edu.ar\/sitio\/wp-json\/wp\/v2\/types\/page"}],"author":[{"embeddable":true,"href":"https:\/\/ispef-cha.infd.edu.ar\/sitio\/wp-json\/wp\/v2\/users\/72"}],"replies":[{"embeddable":true,"href":"https:\/\/ispef-cha.infd.edu.ar\/sitio\/wp-json\/wp\/v2\/comments?post=1831"}],"version-history":[{"count":2,"href":"https:\/\/ispef-cha.infd.edu.ar\/sitio\/wp-json\/wp\/v2\/pages\/1831\/revisions"}],"predecessor-version":[{"id":1922,"href":"https:\/\/ispef-cha.infd.edu.ar\/sitio\/wp-json\/wp\/v2\/pages\/1831\/revisions\/1922"}],"wp:attachment":[{"href":"https:\/\/ispef-cha.infd.edu.ar\/sitio\/wp-json\/wp\/v2\/media?parent=1831"}],"curies":[{"name":"wp","href":"https:\/\/api.w.org\/{rel}","templated":true}]}}