{"id":1757,"date":"2022-10-29T19:02:55","date_gmt":"2022-10-29T22:02:55","guid":{"rendered":"https:\/\/ispef-cha.infd.edu.ar\/sitio\/?page_id=1757"},"modified":"2022-11-08T16:19:14","modified_gmt":"2022-11-08T19:19:14","slug":"campamento-educativo-2022","status":"publish","type":"page","link":"https:\/\/ispef-cha.infd.edu.ar\/sitio\/campamento-educativo-2022\/","title":{"rendered":"CAMPAMENTO EDUCATIVO 2022"},"content":{"rendered":"\n<p>La unidad curricular <strong>Pr\u00e1cticas Corporales en el Medio Ambiente <\/strong>correspondiente al cuarto a\u00f1o de la carrera, llev\u00f3 a cabo el proyecto Campamento 2022 , en localidad de Jardin Am\u00e9rica, Misiones.<\/p>\n\n\n\n<p>El proyecto tiene por finalidad constituirse en un espacio de integraci\u00f3n de todos los contenidos trabajados a lo largo del ciclo lectivo. <\/p>\n\n\n\n<p>La delegaci\u00f3n de 90 estudiantes estuvo a cargo de los profesores <strong><em>Julio Yurca y Denis Montesinos,<\/em><\/strong> quienes fueron acompa\u00f1ados en esta oportunidad por el profesor Jorge Villalba, coordinador de carrera, Vanesa Quintana y Gabriela Insaurralde. <\/p>\n\n\n\n<p>Las actividades se desarrollaron entre los d\u00edas 02 al 09 de septiembre. Los estudiantes autofinanciaron el proyecto y tuvieron la posibilidad de visitar ademas  <strong>Los Saltos del Tabay,<\/strong> el <strong>Salto Encantado<\/strong> y el <strong>Parque Nacional Cataratas del Iguaz\u00fa<\/strong>, poniendo en pr\u00e1ctica t\u00e9cnicas de conducci\u00f3n y coordinaci\u00f3n de grupos numerosos. <\/p>\n\n\n\n<p><\/p>\n\n\n\n<figure class=\"wp-block-image size-large\"><img decoding=\"async\" loading=\"lazy\" width=\"1280\" height=\"724\" src=\"https:\/\/ispef-cha.infd.edu.ar\/sitio\/wp-content\/uploads\/2022\/10\/IMG-20220906-WA0068.jpg\" alt=\"\" class=\"wp-image-1758\" srcset=\"https:\/\/ispef-cha.infd.edu.ar\/sitio\/wp-content\/uploads\/2022\/10\/IMG-20220906-WA0068.jpg 1280w, https:\/\/ispef-cha.infd.edu.ar\/sitio\/wp-content\/uploads\/2022\/10\/IMG-20220906-WA0068-1000x566.jpg 1000w, https:\/\/ispef-cha.infd.edu.ar\/sitio\/wp-content\/uploads\/2022\/10\/IMG-20220906-WA0068-768x434.jpg 768w\" sizes=\"(max-width: 1280px) 100vw, 1280px\" \/><\/figure>\n\n\n\n<figure class=\"wp-block-gallery columns-3 is-cropped wp-block-gallery-1 is-layout-flex\"><ul class=\"blocks-gallery-grid\"><li class=\"blocks-gallery-item\"><figure><img decoding=\"async\" loading=\"lazy\" width=\"1900\" height=\"1069\" src=\"https:\/\/ispef-cha.infd.edu.ar\/sitio\/wp-content\/uploads\/2022\/10\/SAM_1639-1-1900x1069.jpg\" alt=\"\" data-id=\"1761\" data-link=\"https:\/\/ispef-cha.infd.edu.ar\/sitio\/?attachment_id=1761#main\" class=\"wp-image-1761\" srcset=\"https:\/\/ispef-cha.infd.edu.ar\/sitio\/wp-content\/uploads\/2022\/10\/SAM_1639-1-1900x1069.jpg 1900w, https:\/\/ispef-cha.infd.edu.ar\/sitio\/wp-content\/uploads\/2022\/10\/SAM_1639-1-1000x563.jpg 1000w, https:\/\/ispef-cha.infd.edu.ar\/sitio\/wp-content\/uploads\/2022\/10\/SAM_1639-1-768x432.jpg 768w, https:\/\/ispef-cha.infd.edu.ar\/sitio\/wp-content\/uploads\/2022\/10\/SAM_1639-1-1536x864.jpg 1536w, https:\/\/ispef-cha.infd.edu.ar\/sitio\/wp-content\/uploads\/2022\/10\/SAM_1639-1-2048x1152.jpg 2048w\" sizes=\"(max-width: 1900px) 100vw, 1900px\" \/><\/figure><\/li><li class=\"blocks-gallery-item\"><figure><img decoding=\"async\" loading=\"lazy\" width=\"1900\" height=\"1069\" src=\"https:\/\/ispef-cha.infd.edu.ar\/sitio\/wp-content\/uploads\/2022\/10\/SAM_1642-1900x1069.jpg\" alt=\"\" data-id=\"1762\" data-link=\"https:\/\/ispef-cha.infd.edu.ar\/sitio\/?attachment_id=1762#main\" class=\"wp-image-1762\" srcset=\"https:\/\/ispef-cha.infd.edu.ar\/sitio\/wp-content\/uploads\/2022\/10\/SAM_1642-1900x1069.jpg 1900w, https:\/\/ispef-cha.infd.edu.ar\/sitio\/wp-content\/uploads\/2022\/10\/SAM_1642-1000x563.jpg 1000w, https:\/\/ispef-cha.infd.edu.ar\/sitio\/wp-content\/uploads\/2022\/10\/SAM_1642-768x432.jpg 768w, https:\/\/ispef-cha.infd.edu.ar\/sitio\/wp-content\/uploads\/2022\/10\/SAM_1642-1536x864.jpg 1536w, https:\/\/ispef-cha.infd.edu.ar\/sitio\/wp-content\/uploads\/2022\/10\/SAM_1642-2048x1152.jpg 2048w\" sizes=\"(max-width: 1900px) 100vw, 1900px\" \/><\/figure><\/li><li class=\"blocks-gallery-item\"><figure><img decoding=\"async\" loading=\"lazy\" width=\"1900\" height=\"1069\" src=\"https:\/\/ispef-cha.infd.edu.ar\/sitio\/wp-content\/uploads\/2022\/10\/SAM_1653-1900x1069.jpg\" alt=\"\" data-id=\"1763\" data-link=\"https:\/\/ispef-cha.infd.edu.ar\/sitio\/?attachment_id=1763#main\" class=\"wp-image-1763\" srcset=\"https:\/\/ispef-cha.infd.edu.ar\/sitio\/wp-content\/uploads\/2022\/10\/SAM_1653-1900x1069.jpg 1900w, https:\/\/ispef-cha.infd.edu.ar\/sitio\/wp-content\/uploads\/2022\/10\/SAM_1653-1000x563.jpg 1000w, https:\/\/ispef-cha.infd.edu.ar\/sitio\/wp-content\/uploads\/2022\/10\/SAM_1653-768x432.jpg 768w, https:\/\/ispef-cha.infd.edu.ar\/sitio\/wp-content\/uploads\/2022\/10\/SAM_1653-1536x864.jpg 1536w, https:\/\/ispef-cha.infd.edu.ar\/sitio\/wp-content\/uploads\/2022\/10\/SAM_1653-2048x1152.jpg 2048w\" sizes=\"(max-width: 1900px) 100vw, 1900px\" \/><\/figure><\/li><li class=\"blocks-gallery-item\"><figure><img decoding=\"async\" loading=\"lazy\" width=\"1900\" height=\"1069\" src=\"https:\/\/ispef-cha.infd.edu.ar\/sitio\/wp-content\/uploads\/2022\/10\/SAM_8824-1900x1069.jpg\" alt=\"\" data-id=\"1764\" data-link=\"https:\/\/ispef-cha.infd.edu.ar\/sitio\/?attachment_id=1764#main\" class=\"wp-image-1764\" srcset=\"https:\/\/ispef-cha.infd.edu.ar\/sitio\/wp-content\/uploads\/2022\/10\/SAM_8824-1900x1069.jpg 1900w, https:\/\/ispef-cha.infd.edu.ar\/sitio\/wp-content\/uploads\/2022\/10\/SAM_8824-1000x563.jpg 1000w, https:\/\/ispef-cha.infd.edu.ar\/sitio\/wp-content\/uploads\/2022\/10\/SAM_8824-768x432.jpg 768w, https:\/\/ispef-cha.infd.edu.ar\/sitio\/wp-content\/uploads\/2022\/10\/SAM_8824-1536x864.jpg 1536w, https:\/\/ispef-cha.infd.edu.ar\/sitio\/wp-content\/uploads\/2022\/10\/SAM_8824-2048x1152.jpg 2048w\" sizes=\"(max-width: 1900px) 100vw, 1900px\" \/><\/figure><\/li><li class=\"blocks-gallery-item\"><figure><img decoding=\"async\" loading=\"lazy\" width=\"1900\" height=\"1069\" src=\"https:\/\/ispef-cha.infd.edu.ar\/sitio\/wp-content\/uploads\/2022\/10\/SAM_8832-1900x1069.jpg\" alt=\"\" data-id=\"1765\" data-link=\"https:\/\/ispef-cha.infd.edu.ar\/sitio\/?attachment_id=1765#main\" class=\"wp-image-1765\" srcset=\"https:\/\/ispef-cha.infd.edu.ar\/sitio\/wp-content\/uploads\/2022\/10\/SAM_8832-1900x1069.jpg 1900w, https:\/\/ispef-cha.infd.edu.ar\/sitio\/wp-content\/uploads\/2022\/10\/SAM_8832-1000x563.jpg 1000w, https:\/\/ispef-cha.infd.edu.ar\/sitio\/wp-content\/uploads\/2022\/10\/SAM_8832-768x432.jpg 768w, https:\/\/ispef-cha.infd.edu.ar\/sitio\/wp-content\/uploads\/2022\/10\/SAM_8832-1536x864.jpg 1536w, https:\/\/ispef-cha.infd.edu.ar\/sitio\/wp-content\/uploads\/2022\/10\/SAM_8832-2048x1152.jpg 2048w\" sizes=\"(max-width: 1900px) 100vw, 1900px\" \/><\/figure><\/li><li class=\"blocks-gallery-item\"><figure><img decoding=\"async\" loading=\"lazy\" width=\"1900\" height=\"1069\" src=\"https:\/\/ispef-cha.infd.edu.ar\/sitio\/wp-content\/uploads\/2022\/10\/SAM_8837-1900x1069.jpg\" alt=\"\" data-id=\"1766\" data-link=\"https:\/\/ispef-cha.infd.edu.ar\/sitio\/?attachment_id=1766#main\" class=\"wp-image-1766\" srcset=\"https:\/\/ispef-cha.infd.edu.ar\/sitio\/wp-content\/uploads\/2022\/10\/SAM_8837-1900x1069.jpg 1900w, https:\/\/ispef-cha.infd.edu.ar\/sitio\/wp-content\/uploads\/2022\/10\/SAM_8837-1000x563.jpg 1000w, https:\/\/ispef-cha.infd.edu.ar\/sitio\/wp-content\/uploads\/2022\/10\/SAM_8837-768x432.jpg 768w, https:\/\/ispef-cha.infd.edu.ar\/sitio\/wp-content\/uploads\/2022\/10\/SAM_8837-1536x864.jpg 1536w, https:\/\/ispef-cha.infd.edu.ar\/sitio\/wp-content\/uploads\/2022\/10\/SAM_8837-2048x1152.jpg 2048w\" sizes=\"(max-width: 1900px) 100vw, 1900px\" \/><\/figure><\/li><li class=\"blocks-gallery-item\"><figure><img decoding=\"async\" loading=\"lazy\" width=\"1900\" height=\"1069\" src=\"https:\/\/ispef-cha.infd.edu.ar\/sitio\/wp-content\/uploads\/2022\/10\/SAM_8840-1900x1069.jpg\" alt=\"\" data-id=\"1767\" data-link=\"https:\/\/ispef-cha.infd.edu.ar\/sitio\/?attachment_id=1767#main\" class=\"wp-image-1767\" srcset=\"https:\/\/ispef-cha.infd.edu.ar\/sitio\/wp-content\/uploads\/2022\/10\/SAM_8840-1900x1069.jpg 1900w, https:\/\/ispef-cha.infd.edu.ar\/sitio\/wp-content\/uploads\/2022\/10\/SAM_8840-1000x563.jpg 1000w, https:\/\/ispef-cha.infd.edu.ar\/sitio\/wp-content\/uploads\/2022\/10\/SAM_8840-768x432.jpg 768w, https:\/\/ispef-cha.infd.edu.ar\/sitio\/wp-content\/uploads\/2022\/10\/SAM_8840-1536x864.jpg 1536w, https:\/\/ispef-cha.infd.edu.ar\/sitio\/wp-content\/uploads\/2022\/10\/SAM_8840-2048x1152.jpg 2048w\" sizes=\"(max-width: 1900px) 100vw, 1900px\" \/><\/figure><\/li><li class=\"blocks-gallery-item\"><figure><img decoding=\"async\" loading=\"lazy\" width=\"1900\" height=\"1069\" src=\"https:\/\/ispef-cha.infd.edu.ar\/sitio\/wp-content\/uploads\/2022\/10\/SAM_8846-1900x1069.jpg\" alt=\"\" data-id=\"1768\" data-link=\"https:\/\/ispef-cha.infd.edu.ar\/sitio\/?attachment_id=1768#main\" class=\"wp-image-1768\" srcset=\"https:\/\/ispef-cha.infd.edu.ar\/sitio\/wp-content\/uploads\/2022\/10\/SAM_8846-1900x1069.jpg 1900w, https:\/\/ispef-cha.infd.edu.ar\/sitio\/wp-content\/uploads\/2022\/10\/SAM_8846-1000x563.jpg 1000w, https:\/\/ispef-cha.infd.edu.ar\/sitio\/wp-content\/uploads\/2022\/10\/SAM_8846-768x432.jpg 768w, https:\/\/ispef-cha.infd.edu.ar\/sitio\/wp-content\/uploads\/2022\/10\/SAM_8846-1536x864.jpg 1536w, https:\/\/ispef-cha.infd.edu.ar\/sitio\/wp-content\/uploads\/2022\/10\/SAM_8846-2048x1152.jpg 2048w\" sizes=\"(max-width: 1900px) 100vw, 1900px\" \/><\/figure><\/li><li class=\"blocks-gallery-item\"><figure><img decoding=\"async\" loading=\"lazy\" width=\"1900\" height=\"1069\" src=\"https:\/\/ispef-cha.infd.edu.ar\/sitio\/wp-content\/uploads\/2022\/10\/SAM_8853-1900x1069.jpg\" alt=\"\" data-id=\"1769\" data-full-url=\"https:\/\/ispef-cha.infd.edu.ar\/sitio\/wp-content\/uploads\/2022\/10\/SAM_8853-scaled.jpg\" data-link=\"https:\/\/ispef-cha.infd.edu.ar\/sitio\/?attachment_id=1769#main\" class=\"wp-image-1769\" srcset=\"https:\/\/ispef-cha.infd.edu.ar\/sitio\/wp-content\/uploads\/2022\/10\/SAM_8853-1900x1069.jpg 1900w, https:\/\/ispef-cha.infd.edu.ar\/sitio\/wp-content\/uploads\/2022\/10\/SAM_8853-1000x563.jpg 1000w, https:\/\/ispef-cha.infd.edu.ar\/sitio\/wp-content\/uploads\/2022\/10\/SAM_8853-768x432.jpg 768w, https:\/\/ispef-cha.infd.edu.ar\/sitio\/wp-content\/uploads\/2022\/10\/SAM_8853-1536x864.jpg 1536w, https:\/\/ispef-cha.infd.edu.ar\/sitio\/wp-content\/uploads\/2022\/10\/SAM_8853-2048x1152.jpg 2048w\" sizes=\"(max-width: 1900px) 100vw, 1900px\" \/><\/figure><\/li><li class=\"blocks-gallery-item\"><figure><img decoding=\"async\" loading=\"lazy\" width=\"1900\" height=\"1069\" src=\"https:\/\/ispef-cha.infd.edu.ar\/sitio\/wp-content\/uploads\/2022\/10\/SAM_8888-1900x1069.jpg\" alt=\"\" data-id=\"1770\" data-full-url=\"https:\/\/ispef-cha.infd.edu.ar\/sitio\/wp-content\/uploads\/2022\/10\/SAM_8888-scaled.jpg\" data-link=\"https:\/\/ispef-cha.infd.edu.ar\/sitio\/?attachment_id=1770#main\" class=\"wp-image-1770\" srcset=\"https:\/\/ispef-cha.infd.edu.ar\/sitio\/wp-content\/uploads\/2022\/10\/SAM_8888-1900x1069.jpg 1900w, https:\/\/ispef-cha.infd.edu.ar\/sitio\/wp-content\/uploads\/2022\/10\/SAM_8888-1000x563.jpg 1000w, https:\/\/ispef-cha.infd.edu.ar\/sitio\/wp-content\/uploads\/2022\/10\/SAM_8888-768x432.jpg 768w, https:\/\/ispef-cha.infd.edu.ar\/sitio\/wp-content\/uploads\/2022\/10\/SAM_8888-1536x864.jpg 1536w, https:\/\/ispef-cha.infd.edu.ar\/sitio\/wp-content\/uploads\/2022\/10\/SAM_8888-2048x1152.jpg 2048w\" sizes=\"(max-width: 1900px) 100vw, 1900px\" \/><\/figure><\/li><li class=\"blocks-gallery-item\"><figure><img decoding=\"async\" loading=\"lazy\" width=\"1900\" height=\"1069\" src=\"https:\/\/ispef-cha.infd.edu.ar\/sitio\/wp-content\/uploads\/2022\/10\/SAM_8896-1900x1069.jpg\" alt=\"\" data-id=\"1771\" data-full-url=\"https:\/\/ispef-cha.infd.edu.ar\/sitio\/wp-content\/uploads\/2022\/10\/SAM_8896-scaled.jpg\" data-link=\"https:\/\/ispef-cha.infd.edu.ar\/sitio\/?attachment_id=1771#main\" class=\"wp-image-1771\" srcset=\"https:\/\/ispef-cha.infd.edu.ar\/sitio\/wp-content\/uploads\/2022\/10\/SAM_8896-1900x1069.jpg 1900w, https:\/\/ispef-cha.infd.edu.ar\/sitio\/wp-content\/uploads\/2022\/10\/SAM_8896-1000x563.jpg 1000w, https:\/\/ispef-cha.infd.edu.ar\/sitio\/wp-content\/uploads\/2022\/10\/SAM_8896-768x432.jpg 768w, https:\/\/ispef-cha.infd.edu.ar\/sitio\/wp-content\/uploads\/2022\/10\/SAM_8896-1536x864.jpg 1536w, https:\/\/ispef-cha.infd.edu.ar\/sitio\/wp-content\/uploads\/2022\/10\/SAM_8896-2048x1152.jpg 2048w\" sizes=\"(max-width: 1900px) 100vw, 1900px\" \/><\/figure><\/li><li class=\"blocks-gallery-item\"><figure><img decoding=\"async\" loading=\"lazy\" width=\"1900\" height=\"1069\" src=\"https:\/\/ispef-cha.infd.edu.ar\/sitio\/wp-content\/uploads\/2022\/10\/SAM_8906-1900x1069.jpg\" alt=\"\" data-id=\"1772\" data-full-url=\"https:\/\/ispef-cha.infd.edu.ar\/sitio\/wp-content\/uploads\/2022\/10\/SAM_8906-scaled.jpg\" data-link=\"https:\/\/ispef-cha.infd.edu.ar\/sitio\/?attachment_id=1772#main\" class=\"wp-image-1772\" srcset=\"https:\/\/ispef-cha.infd.edu.ar\/sitio\/wp-content\/uploads\/2022\/10\/SAM_8906-1900x1069.jpg 1900w, https:\/\/ispef-cha.infd.edu.ar\/sitio\/wp-content\/uploads\/2022\/10\/SAM_8906-1000x563.jpg 1000w, https:\/\/ispef-cha.infd.edu.ar\/sitio\/wp-content\/uploads\/2022\/10\/SAM_8906-768x432.jpg 768w, https:\/\/ispef-cha.infd.edu.ar\/sitio\/wp-content\/uploads\/2022\/10\/SAM_8906-1536x864.jpg 1536w, https:\/\/ispef-cha.infd.edu.ar\/sitio\/wp-content\/uploads\/2022\/10\/SAM_8906-2048x1152.jpg 2048w\" sizes=\"(max-width: 1900px) 100vw, 1900px\" \/><\/figure><\/li><\/ul><\/figure>\n\n\n\n<figure class=\"wp-block-image size-large\"><img decoding=\"async\" loading=\"lazy\" width=\"1600\" height=\"720\" src=\"https:\/\/ispef-cha.infd.edu.ar\/sitio\/wp-content\/uploads\/2022\/11\/WhatsApp-Image-2022-11-07-at-15.36.55.jpeg\" alt=\"\" class=\"wp-image-1926\" srcset=\"https:\/\/ispef-cha.infd.edu.ar\/sitio\/wp-content\/uploads\/2022\/11\/WhatsApp-Image-2022-11-07-at-15.36.55.jpeg 1600w, https:\/\/ispef-cha.infd.edu.ar\/sitio\/wp-content\/uploads\/2022\/11\/WhatsApp-Image-2022-11-07-at-15.36.55-1000x450.jpeg 1000w, https:\/\/ispef-cha.infd.edu.ar\/sitio\/wp-content\/uploads\/2022\/11\/WhatsApp-Image-2022-11-07-at-15.36.55-768x346.jpeg 768w, https:\/\/ispef-cha.infd.edu.ar\/sitio\/wp-content\/uploads\/2022\/11\/WhatsApp-Image-2022-11-07-at-15.36.55-1536x691.jpeg 1536w\" sizes=\"(max-width: 1600px) 100vw, 1600px\" \/><\/figure>\n\n\n\n<figure class=\"wp-block-image size-large\"><img decoding=\"async\" loading=\"lazy\" width=\"720\" height=\"1600\" src=\"https:\/\/ispef-cha.infd.edu.ar\/sitio\/wp-content\/uploads\/2022\/11\/WhatsApp-Image-2022-11-07-at-15.36.57.jpeg\" alt=\"\" class=\"wp-image-1927\" srcset=\"https:\/\/ispef-cha.infd.edu.ar\/sitio\/wp-content\/uploads\/2022\/11\/WhatsApp-Image-2022-11-07-at-15.36.57.jpeg 720w, https:\/\/ispef-cha.infd.edu.ar\/sitio\/wp-content\/uploads\/2022\/11\/WhatsApp-Image-2022-11-07-at-15.36.57-450x1000.jpeg 450w, https:\/\/ispef-cha.infd.edu.ar\/sitio\/wp-content\/uploads\/2022\/11\/WhatsApp-Image-2022-11-07-at-15.36.57-691x1536.jpeg 691w\" sizes=\"(max-width: 720px) 100vw, 720px\" \/><\/figure>\n\n\n\n<figure class=\"wp-block-image size-large\"><img decoding=\"async\" loading=\"lazy\" width=\"1600\" height=\"720\" src=\"https:\/\/ispef-cha.infd.edu.ar\/sitio\/wp-content\/uploads\/2022\/11\/WhatsApp-Image-2022-11-07-at-15.37.00.jpeg\" alt=\"\" class=\"wp-image-1928\" srcset=\"https:\/\/ispef-cha.infd.edu.ar\/sitio\/wp-content\/uploads\/2022\/11\/WhatsApp-Image-2022-11-07-at-15.37.00.jpeg 1600w, https:\/\/ispef-cha.infd.edu.ar\/sitio\/wp-content\/uploads\/2022\/11\/WhatsApp-Image-2022-11-07-at-15.37.00-1000x450.jpeg 1000w, https:\/\/ispef-cha.infd.edu.ar\/sitio\/wp-content\/uploads\/2022\/11\/WhatsApp-Image-2022-11-07-at-15.37.00-768x346.jpeg 768w, https:\/\/ispef-cha.infd.edu.ar\/sitio\/wp-content\/uploads\/2022\/11\/WhatsApp-Image-2022-11-07-at-15.37.00-1536x691.jpeg 1536w\" sizes=\"(max-width: 1600px) 100vw, 1600px\" \/><\/figure>\n\n\n\n<figure class=\"wp-block-image size-large\"><img decoding=\"async\" loading=\"lazy\" width=\"720\" height=\"1600\" src=\"https:\/\/ispef-cha.infd.edu.ar\/sitio\/wp-content\/uploads\/2022\/11\/WhatsApp-Image-2022-11-07-at-15.37.28.jpeg\" alt=\"\" class=\"wp-image-1929\" srcset=\"https:\/\/ispef-cha.infd.edu.ar\/sitio\/wp-content\/uploads\/2022\/11\/WhatsApp-Image-2022-11-07-at-15.37.28.jpeg 720w, https:\/\/ispef-cha.infd.edu.ar\/sitio\/wp-content\/uploads\/2022\/11\/WhatsApp-Image-2022-11-07-at-15.37.28-450x1000.jpeg 450w, https:\/\/ispef-cha.infd.edu.ar\/sitio\/wp-content\/uploads\/2022\/11\/WhatsApp-Image-2022-11-07-at-15.37.28-691x1536.jpeg 691w\" sizes=\"(max-width: 720px) 100vw, 720px\" \/><\/figure>\n\n\n\n<figure class=\"wp-block-image size-large\"><img decoding=\"async\" loading=\"lazy\" width=\"1600\" height=\"720\" src=\"https:\/\/ispef-cha.infd.edu.ar\/sitio\/wp-content\/uploads\/2022\/11\/WhatsApp-Image-2022-11-07-at-15.37.33.jpeg\" alt=\"\" class=\"wp-image-1930\" srcset=\"https:\/\/ispef-cha.infd.edu.ar\/sitio\/wp-content\/uploads\/2022\/11\/WhatsApp-Image-2022-11-07-at-15.37.33.jpeg 1600w, https:\/\/ispef-cha.infd.edu.ar\/sitio\/wp-content\/uploads\/2022\/11\/WhatsApp-Image-2022-11-07-at-15.37.33-1000x450.jpeg 1000w, https:\/\/ispef-cha.infd.edu.ar\/sitio\/wp-content\/uploads\/2022\/11\/WhatsApp-Image-2022-11-07-at-15.37.33-768x346.jpeg 768w, https:\/\/ispef-cha.infd.edu.ar\/sitio\/wp-content\/uploads\/2022\/11\/WhatsApp-Image-2022-11-07-at-15.37.33-1536x691.jpeg 1536w\" sizes=\"(max-width: 1600px) 100vw, 1600px\" \/><\/figure>\n\n\n\n<figure class=\"wp-block-image size-large\"><img decoding=\"async\" loading=\"lazy\" width=\"1600\" height=\"720\" src=\"https:\/\/ispef-cha.infd.edu.ar\/sitio\/wp-content\/uploads\/2022\/11\/WhatsApp-Image-2022-11-07-at-15.37.38.jpeg\" alt=\"\" class=\"wp-image-1931\" srcset=\"https:\/\/ispef-cha.infd.edu.ar\/sitio\/wp-content\/uploads\/2022\/11\/WhatsApp-Image-2022-11-07-at-15.37.38.jpeg 1600w, https:\/\/ispef-cha.infd.edu.ar\/sitio\/wp-content\/uploads\/2022\/11\/WhatsApp-Image-2022-11-07-at-15.37.38-1000x450.jpeg 1000w, https:\/\/ispef-cha.infd.edu.ar\/sitio\/wp-content\/uploads\/2022\/11\/WhatsApp-Image-2022-11-07-at-15.37.38-768x346.jpeg 768w, https:\/\/ispef-cha.infd.edu.ar\/sitio\/wp-content\/uploads\/2022\/11\/WhatsApp-Image-2022-11-07-at-15.37.38-1536x691.jpeg 1536w\" sizes=\"(max-width: 1600px) 100vw, 1600px\" \/><\/figure>\n\n\n\n<figure class=\"wp-block-image size-large\"><img decoding=\"async\" loading=\"lazy\" width=\"1600\" height=\"720\" src=\"https:\/\/ispef-cha.infd.edu.ar\/sitio\/wp-content\/uploads\/2022\/11\/WhatsApp-Image-2022-11-07-at-15.37.41.jpeg\" alt=\"\" class=\"wp-image-1932\" srcset=\"https:\/\/ispef-cha.infd.edu.ar\/sitio\/wp-content\/uploads\/2022\/11\/WhatsApp-Image-2022-11-07-at-15.37.41.jpeg 1600w, https:\/\/ispef-cha.infd.edu.ar\/sitio\/wp-content\/uploads\/2022\/11\/WhatsApp-Image-2022-11-07-at-15.37.41-1000x450.jpeg 1000w, https:\/\/ispef-cha.infd.edu.ar\/sitio\/wp-content\/uploads\/2022\/11\/WhatsApp-Image-2022-11-07-at-15.37.41-768x346.jpeg 768w, https:\/\/ispef-cha.infd.edu.ar\/sitio\/wp-content\/uploads\/2022\/11\/WhatsApp-Image-2022-11-07-at-15.37.41-1536x691.jpeg 1536w\" sizes=\"(max-width: 1600px) 100vw, 1600px\" \/><\/figure>\n\n\n\n<figure class=\"wp-block-image size-large\"><img decoding=\"async\" loading=\"lazy\" width=\"1280\" height=\"576\" src=\"https:\/\/ispef-cha.infd.edu.ar\/sitio\/wp-content\/uploads\/2022\/11\/WhatsApp-Image-2022-11-07-at-15.37.49.jpeg\" alt=\"\" class=\"wp-image-1933\" srcset=\"https:\/\/ispef-cha.infd.edu.ar\/sitio\/wp-content\/uploads\/2022\/11\/WhatsApp-Image-2022-11-07-at-15.37.49.jpeg 1280w, https:\/\/ispef-cha.infd.edu.ar\/sitio\/wp-content\/uploads\/2022\/11\/WhatsApp-Image-2022-11-07-at-15.37.49-1000x450.jpeg 1000w, https:\/\/ispef-cha.infd.edu.ar\/sitio\/wp-content\/uploads\/2022\/11\/WhatsApp-Image-2022-11-07-at-15.37.49-768x346.jpeg 768w\" sizes=\"(max-width: 1280px) 100vw, 1280px\" \/><\/figure>\n\n\n\n<figure class=\"wp-block-image size-large\"><img decoding=\"async\" loading=\"lazy\" width=\"1280\" height=\"576\" src=\"https:\/\/ispef-cha.infd.edu.ar\/sitio\/wp-content\/uploads\/2022\/11\/WhatsApp-Image-2022-11-03-at-08.21.39-1.jpeg\" alt=\"\" class=\"wp-image-1934\" srcset=\"https:\/\/ispef-cha.infd.edu.ar\/sitio\/wp-content\/uploads\/2022\/11\/WhatsApp-Image-2022-11-03-at-08.21.39-1.jpeg 1280w, https:\/\/ispef-cha.infd.edu.ar\/sitio\/wp-content\/uploads\/2022\/11\/WhatsApp-Image-2022-11-03-at-08.21.39-1-1000x450.jpeg 1000w, https:\/\/ispef-cha.infd.edu.ar\/sitio\/wp-content\/uploads\/2022\/11\/WhatsApp-Image-2022-11-03-at-08.21.39-1-768x346.jpeg 768w\" sizes=\"(max-width: 1280px) 100vw, 1280px\" \/><\/figure>\n\n\n\n<figure class=\"wp-block-image size-large\"><img decoding=\"async\" loading=\"lazy\" width=\"1280\" height=\"720\" src=\"https:\/\/ispef-cha.infd.edu.ar\/sitio\/wp-content\/uploads\/2022\/11\/WhatsApp-Image-2022-11-03-at-08.21.42-2.jpeg\" alt=\"\" class=\"wp-image-1935\" srcset=\"https:\/\/ispef-cha.infd.edu.ar\/sitio\/wp-content\/uploads\/2022\/11\/WhatsApp-Image-2022-11-03-at-08.21.42-2.jpeg 1280w, https:\/\/ispef-cha.infd.edu.ar\/sitio\/wp-content\/uploads\/2022\/11\/WhatsApp-Image-2022-11-03-at-08.21.42-2-1000x563.jpeg 1000w, https:\/\/ispef-cha.infd.edu.ar\/sitio\/wp-content\/uploads\/2022\/11\/WhatsApp-Image-2022-11-03-at-08.21.42-2-768x432.jpeg 768w\" sizes=\"(max-width: 1280px) 100vw, 1280px\" \/><\/figure>\n\n\n\n<figure class=\"wp-block-image size-large\"><img decoding=\"async\" loading=\"lazy\" width=\"1600\" height=\"720\" src=\"https:\/\/ispef-cha.infd.edu.ar\/sitio\/wp-content\/uploads\/2022\/11\/WhatsApp-Image-2022-11-07-at-15.36.07.jpeg\" alt=\"\" class=\"wp-image-1936\" srcset=\"https:\/\/ispef-cha.infd.edu.ar\/sitio\/wp-content\/uploads\/2022\/11\/WhatsApp-Image-2022-11-07-at-15.36.07.jpeg 1600w, https:\/\/ispef-cha.infd.edu.ar\/sitio\/wp-content\/uploads\/2022\/11\/WhatsApp-Image-2022-11-07-at-15.36.07-1000x450.jpeg 1000w, https:\/\/ispef-cha.infd.edu.ar\/sitio\/wp-content\/uploads\/2022\/11\/WhatsApp-Image-2022-11-07-at-15.36.07-768x346.jpeg 768w, https:\/\/ispef-cha.infd.edu.ar\/sitio\/wp-content\/uploads\/2022\/11\/WhatsApp-Image-2022-11-07-at-15.36.07-1536x691.jpeg 1536w\" sizes=\"(max-width: 1600px) 100vw, 1600px\" \/><\/figure>\n\n\n\n<figure class=\"wp-block-image size-large\"><img decoding=\"async\" loading=\"lazy\" width=\"1600\" height=\"720\" src=\"https:\/\/ispef-cha.infd.edu.ar\/sitio\/wp-content\/uploads\/2022\/11\/WhatsApp-Image-2022-11-07-at-15.36.37.jpeg\" alt=\"\" class=\"wp-image-1937\" srcset=\"https:\/\/ispef-cha.infd.edu.ar\/sitio\/wp-content\/uploads\/2022\/11\/WhatsApp-Image-2022-11-07-at-15.36.37.jpeg 1600w, https:\/\/ispef-cha.infd.edu.ar\/sitio\/wp-content\/uploads\/2022\/11\/WhatsApp-Image-2022-11-07-at-15.36.37-1000x450.jpeg 1000w, https:\/\/ispef-cha.infd.edu.ar\/sitio\/wp-content\/uploads\/2022\/11\/WhatsApp-Image-2022-11-07-at-15.36.37-768x346.jpeg 768w, https:\/\/ispef-cha.infd.edu.ar\/sitio\/wp-content\/uploads\/2022\/11\/WhatsApp-Image-2022-11-07-at-15.36.37-1536x691.jpeg 1536w\" sizes=\"(max-width: 1600px) 100vw, 1600px\" \/><\/figure>\n","protected":false},"excerpt":{"rendered":"<p>La unidad curricular Pr\u00e1cticas Corporales en el Medio Ambiente correspondiente al cuarto a\u00f1o de la carrera, llev\u00f3 a cabo el proyecto Campamento 2022 , en localidad de Jardin Am\u00e9rica, Misiones. El proyecto tiene por finalidad constituirse en un espacio de integraci\u00f3n de todos los contenidos trabajados a lo largo del ciclo lectivo. La delegaci\u00f3n de &#8230; <a title=\"CAMPAMENTO EDUCATIVO 2022\" class=\"read-more\" href=\"https:\/\/ispef-cha.infd.edu.ar\/sitio\/campamento-educativo-2022\/\" aria-label=\"More on CAMPAMENTO EDUCATIVO 2022\">[+]<\/a><\/p>\n","protected":false},"author":72,"featured_media":0,"parent":0,"menu_order":0,"comment_status":"closed","ping_status":"closed","template":"","meta":[],"acf":[],"_links":{"self":[{"href":"https:\/\/ispef-cha.infd.edu.ar\/sitio\/wp-json\/wp\/v2\/pages\/1757"}],"collection":[{"href":"https:\/\/ispef-cha.infd.edu.ar\/sitio\/wp-json\/wp\/v2\/pages"}],"about":[{"href":"https:\/\/ispef-cha.infd.edu.ar\/sitio\/wp-json\/wp\/v2\/types\/page"}],"author":[{"embeddable":true,"href":"https:\/\/ispef-cha.infd.edu.ar\/sitio\/wp-json\/wp\/v2\/users\/72"}],"replies":[{"embeddable":true,"href":"https:\/\/ispef-cha.infd.edu.ar\/sitio\/wp-json\/wp\/v2\/comments?post=1757"}],"version-history":[{"count":5,"href":"https:\/\/ispef-cha.infd.edu.ar\/sitio\/wp-json\/wp\/v2\/pages\/1757\/revisions"}],"predecessor-version":[{"id":1940,"href":"https:\/\/ispef-cha.infd.edu.ar\/sitio\/wp-json\/wp\/v2\/pages\/1757\/revisions\/1940"}],"wp:attachment":[{"href":"https:\/\/ispef-cha.infd.edu.ar\/sitio\/wp-json\/wp\/v2\/media?parent=1757"}],"curies":[{"name":"wp","href":"https:\/\/api.w.org\/{rel}","templated":true}]}}