{"id":1440,"date":"2022-07-19T16:28:41","date_gmt":"2022-07-19T19:28:41","guid":{"rendered":"https:\/\/ispef-cha.infd.edu.ar\/sitio\/?page_id=1440"},"modified":"2022-10-29T07:38:12","modified_gmt":"2022-10-29T10:38:12","slug":"actividades-de-frotalecimiento-en-la-ensenanza","status":"publish","type":"page","link":"https:\/\/ispef-cha.infd.edu.ar\/sitio\/actividades-de-frotalecimiento-en-la-ensenanza\/","title":{"rendered":"ACTIVIDADES DE FORTALECIMIENTO EN LA ENSE\u00d1ANZA"},"content":{"rendered":"\n<p><strong>DISERTACI\u00d3N EN ARBITRAJE DE BASKETBALL Y MESA DE CONTROL. ACTIVIDAD ENMARCADA EN LA PROPUESTA PEDAG\u00d3GICA DE LA UNIDAD CURRICULAR BASKETBALL<\/strong><\/p>\n\n\n\n<figure class=\"wp-block-gallery columns-3 is-cropped wp-block-gallery-1 is-layout-flex\"><ul class=\"blocks-gallery-grid\"><li class=\"blocks-gallery-item\"><figure><img decoding=\"async\" loading=\"lazy\" width=\"1600\" height=\"1200\" src=\"https:\/\/ispef-cha.infd.edu.ar\/sitio\/wp-content\/uploads\/2022\/07\/1df6d2e1-28e4-4361-8136-49330cb298f0.jpg\" alt=\"\" data-id=\"1442\" data-full-url=\"https:\/\/ispef-cha.infd.edu.ar\/sitio\/wp-content\/uploads\/2022\/07\/1df6d2e1-28e4-4361-8136-49330cb298f0.jpg\" data-link=\"https:\/\/ispef-cha.infd.edu.ar\/sitio\/?attachment_id=1442#main\" class=\"wp-image-1442\" srcset=\"https:\/\/ispef-cha.infd.edu.ar\/sitio\/wp-content\/uploads\/2022\/07\/1df6d2e1-28e4-4361-8136-49330cb298f0.jpg 1600w, https:\/\/ispef-cha.infd.edu.ar\/sitio\/wp-content\/uploads\/2022\/07\/1df6d2e1-28e4-4361-8136-49330cb298f0-1000x750.jpg 1000w, https:\/\/ispef-cha.infd.edu.ar\/sitio\/wp-content\/uploads\/2022\/07\/1df6d2e1-28e4-4361-8136-49330cb298f0-768x576.jpg 768w, https:\/\/ispef-cha.infd.edu.ar\/sitio\/wp-content\/uploads\/2022\/07\/1df6d2e1-28e4-4361-8136-49330cb298f0-1536x1152.jpg 1536w\" sizes=\"(max-width: 1600px) 100vw, 1600px\" \/><\/figure><\/li><li class=\"blocks-gallery-item\"><figure><img decoding=\"async\" loading=\"lazy\" width=\"1600\" height=\"1200\" src=\"https:\/\/ispef-cha.infd.edu.ar\/sitio\/wp-content\/uploads\/2022\/07\/40a615eb-81e3-4597-a703-a65857c8d1ed.jpg\" alt=\"\" data-id=\"1443\" data-full-url=\"https:\/\/ispef-cha.infd.edu.ar\/sitio\/wp-content\/uploads\/2022\/07\/40a615eb-81e3-4597-a703-a65857c8d1ed.jpg\" data-link=\"https:\/\/ispef-cha.infd.edu.ar\/sitio\/?attachment_id=1443#main\" class=\"wp-image-1443\" srcset=\"https:\/\/ispef-cha.infd.edu.ar\/sitio\/wp-content\/uploads\/2022\/07\/40a615eb-81e3-4597-a703-a65857c8d1ed.jpg 1600w, https:\/\/ispef-cha.infd.edu.ar\/sitio\/wp-content\/uploads\/2022\/07\/40a615eb-81e3-4597-a703-a65857c8d1ed-1000x750.jpg 1000w, https:\/\/ispef-cha.infd.edu.ar\/sitio\/wp-content\/uploads\/2022\/07\/40a615eb-81e3-4597-a703-a65857c8d1ed-768x576.jpg 768w, https:\/\/ispef-cha.infd.edu.ar\/sitio\/wp-content\/uploads\/2022\/07\/40a615eb-81e3-4597-a703-a65857c8d1ed-1536x1152.jpg 1536w\" sizes=\"(max-width: 1600px) 100vw, 1600px\" \/><\/figure><\/li><li class=\"blocks-gallery-item\"><figure><img decoding=\"async\" loading=\"lazy\" width=\"1600\" height=\"1200\" src=\"https:\/\/ispef-cha.infd.edu.ar\/sitio\/wp-content\/uploads\/2022\/07\/820d1b65-946a-4d76-9599-64563d9eacc3.jpg\" alt=\"\" data-id=\"1444\" data-full-url=\"https:\/\/ispef-cha.infd.edu.ar\/sitio\/wp-content\/uploads\/2022\/07\/820d1b65-946a-4d76-9599-64563d9eacc3.jpg\" data-link=\"https:\/\/ispef-cha.infd.edu.ar\/sitio\/?attachment_id=1444#main\" class=\"wp-image-1444\" srcset=\"https:\/\/ispef-cha.infd.edu.ar\/sitio\/wp-content\/uploads\/2022\/07\/820d1b65-946a-4d76-9599-64563d9eacc3.jpg 1600w, https:\/\/ispef-cha.infd.edu.ar\/sitio\/wp-content\/uploads\/2022\/07\/820d1b65-946a-4d76-9599-64563d9eacc3-1000x750.jpg 1000w, https:\/\/ispef-cha.infd.edu.ar\/sitio\/wp-content\/uploads\/2022\/07\/820d1b65-946a-4d76-9599-64563d9eacc3-768x576.jpg 768w, https:\/\/ispef-cha.infd.edu.ar\/sitio\/wp-content\/uploads\/2022\/07\/820d1b65-946a-4d76-9599-64563d9eacc3-1536x1152.jpg 1536w\" sizes=\"(max-width: 1600px) 100vw, 1600px\" \/><\/figure><\/li><li class=\"blocks-gallery-item\"><figure><img decoding=\"async\" loading=\"lazy\" width=\"1600\" height=\"1200\" src=\"https:\/\/ispef-cha.infd.edu.ar\/sitio\/wp-content\/uploads\/2022\/07\/ca65aa7e-5eb8-4489-bea8-bf65ceb6f9ff.jpg\" alt=\"\" data-id=\"1445\" data-full-url=\"https:\/\/ispef-cha.infd.edu.ar\/sitio\/wp-content\/uploads\/2022\/07\/ca65aa7e-5eb8-4489-bea8-bf65ceb6f9ff.jpg\" data-link=\"https:\/\/ispef-cha.infd.edu.ar\/sitio\/?attachment_id=1445#main\" class=\"wp-image-1445\" srcset=\"https:\/\/ispef-cha.infd.edu.ar\/sitio\/wp-content\/uploads\/2022\/07\/ca65aa7e-5eb8-4489-bea8-bf65ceb6f9ff.jpg 1600w, https:\/\/ispef-cha.infd.edu.ar\/sitio\/wp-content\/uploads\/2022\/07\/ca65aa7e-5eb8-4489-bea8-bf65ceb6f9ff-1000x750.jpg 1000w, https:\/\/ispef-cha.infd.edu.ar\/sitio\/wp-content\/uploads\/2022\/07\/ca65aa7e-5eb8-4489-bea8-bf65ceb6f9ff-768x576.jpg 768w, https:\/\/ispef-cha.infd.edu.ar\/sitio\/wp-content\/uploads\/2022\/07\/ca65aa7e-5eb8-4489-bea8-bf65ceb6f9ff-1536x1152.jpg 1536w\" sizes=\"(max-width: 1600px) 100vw, 1600px\" \/><\/figure><\/li><li class=\"blocks-gallery-item\"><figure><img decoding=\"async\" loading=\"lazy\" width=\"1600\" height=\"1200\" src=\"https:\/\/ispef-cha.infd.edu.ar\/sitio\/wp-content\/uploads\/2022\/07\/e3152c06-ef8f-419f-a0ff-ebb4e6a446e4.jpg\" alt=\"\" data-id=\"1446\" data-full-url=\"https:\/\/ispef-cha.infd.edu.ar\/sitio\/wp-content\/uploads\/2022\/07\/e3152c06-ef8f-419f-a0ff-ebb4e6a446e4.jpg\" data-link=\"https:\/\/ispef-cha.infd.edu.ar\/sitio\/?attachment_id=1446#main\" class=\"wp-image-1446\" srcset=\"https:\/\/ispef-cha.infd.edu.ar\/sitio\/wp-content\/uploads\/2022\/07\/e3152c06-ef8f-419f-a0ff-ebb4e6a446e4.jpg 1600w, https:\/\/ispef-cha.infd.edu.ar\/sitio\/wp-content\/uploads\/2022\/07\/e3152c06-ef8f-419f-a0ff-ebb4e6a446e4-1000x750.jpg 1000w, https:\/\/ispef-cha.infd.edu.ar\/sitio\/wp-content\/uploads\/2022\/07\/e3152c06-ef8f-419f-a0ff-ebb4e6a446e4-768x576.jpg 768w, https:\/\/ispef-cha.infd.edu.ar\/sitio\/wp-content\/uploads\/2022\/07\/e3152c06-ef8f-419f-a0ff-ebb4e6a446e4-1536x1152.jpg 1536w\" sizes=\"(max-width: 1600px) 100vw, 1600px\" \/><\/figure><\/li><li class=\"blocks-gallery-item\"><figure><img decoding=\"async\" loading=\"lazy\" width=\"1600\" height=\"1200\" src=\"https:\/\/ispef-cha.infd.edu.ar\/sitio\/wp-content\/uploads\/2022\/07\/f5511dd4-325e-4a5f-8f3e-9f1008820096.jpg\" alt=\"\" data-id=\"1447\" data-full-url=\"https:\/\/ispef-cha.infd.edu.ar\/sitio\/wp-content\/uploads\/2022\/07\/f5511dd4-325e-4a5f-8f3e-9f1008820096.jpg\" data-link=\"https:\/\/ispef-cha.infd.edu.ar\/sitio\/?attachment_id=1447#main\" class=\"wp-image-1447\" srcset=\"https:\/\/ispef-cha.infd.edu.ar\/sitio\/wp-content\/uploads\/2022\/07\/f5511dd4-325e-4a5f-8f3e-9f1008820096.jpg 1600w, https:\/\/ispef-cha.infd.edu.ar\/sitio\/wp-content\/uploads\/2022\/07\/f5511dd4-325e-4a5f-8f3e-9f1008820096-1000x750.jpg 1000w, https:\/\/ispef-cha.infd.edu.ar\/sitio\/wp-content\/uploads\/2022\/07\/f5511dd4-325e-4a5f-8f3e-9f1008820096-768x576.jpg 768w, https:\/\/ispef-cha.infd.edu.ar\/sitio\/wp-content\/uploads\/2022\/07\/f5511dd4-325e-4a5f-8f3e-9f1008820096-1536x1152.jpg 1536w\" sizes=\"(max-width: 1600px) 100vw, 1600px\" \/><\/figure><\/li><li class=\"blocks-gallery-item\"><figure><img decoding=\"async\" loading=\"lazy\" width=\"721\" height=\"1280\" src=\"https:\/\/ispef-cha.infd.edu.ar\/sitio\/wp-content\/uploads\/2022\/07\/PUBLICACION-1.jpeg\" alt=\"\" data-id=\"1448\" data-full-url=\"https:\/\/ispef-cha.infd.edu.ar\/sitio\/wp-content\/uploads\/2022\/07\/PUBLICACION-1.jpeg\" data-link=\"https:\/\/ispef-cha.infd.edu.ar\/sitio\/?attachment_id=1448#main\" class=\"wp-image-1448\" srcset=\"https:\/\/ispef-cha.infd.edu.ar\/sitio\/wp-content\/uploads\/2022\/07\/PUBLICACION-1.jpeg 721w, https:\/\/ispef-cha.infd.edu.ar\/sitio\/wp-content\/uploads\/2022\/07\/PUBLICACION-1-563x1000.jpeg 563w\" sizes=\"(max-width: 721px) 100vw, 721px\" \/><\/figure><\/li><\/ul><\/figure>\n\n\n\n<p><strong>INVITACI\u00d3N DE ESPECIALISTAS EN NUTRICI\u00d3N EN LA UNIDAD CURRICULAR DE PROPUESTA VARIABLE EDUCACI\u00d3N F\u00cdSICA Y PR\u00c1CTICAS SALUDABLES<\/strong><\/p>\n\n\n\n<figure class=\"wp-block-gallery columns-3 is-cropped wp-block-gallery-3 is-layout-flex\"><ul class=\"blocks-gallery-grid\"><li class=\"blocks-gallery-item\"><figure><img decoding=\"async\" loading=\"lazy\" width=\"1600\" height=\"901\" src=\"https:\/\/ispef-cha.infd.edu.ar\/sitio\/wp-content\/uploads\/2022\/07\/IMG-20220613-WA0032.jpg\" alt=\"\" data-id=\"1449\" data-full-url=\"https:\/\/ispef-cha.infd.edu.ar\/sitio\/wp-content\/uploads\/2022\/07\/IMG-20220613-WA0032.jpg\" data-link=\"https:\/\/ispef-cha.infd.edu.ar\/sitio\/?attachment_id=1449#main\" class=\"wp-image-1449\" srcset=\"https:\/\/ispef-cha.infd.edu.ar\/sitio\/wp-content\/uploads\/2022\/07\/IMG-20220613-WA0032.jpg 1600w, https:\/\/ispef-cha.infd.edu.ar\/sitio\/wp-content\/uploads\/2022\/07\/IMG-20220613-WA0032-1000x563.jpg 1000w, https:\/\/ispef-cha.infd.edu.ar\/sitio\/wp-content\/uploads\/2022\/07\/IMG-20220613-WA0032-768x432.jpg 768w, https:\/\/ispef-cha.infd.edu.ar\/sitio\/wp-content\/uploads\/2022\/07\/IMG-20220613-WA0032-1536x865.jpg 1536w\" sizes=\"(max-width: 1600px) 100vw, 1600px\" \/><\/figure><\/li><li class=\"blocks-gallery-item\"><figure><img decoding=\"async\" loading=\"lazy\" width=\"1280\" height=\"720\" src=\"https:\/\/ispef-cha.infd.edu.ar\/sitio\/wp-content\/uploads\/2022\/07\/IMG-20220613-WA0033.jpg\" alt=\"\" data-id=\"1450\" data-full-url=\"https:\/\/ispef-cha.infd.edu.ar\/sitio\/wp-content\/uploads\/2022\/07\/IMG-20220613-WA0033.jpg\" data-link=\"https:\/\/ispef-cha.infd.edu.ar\/sitio\/?attachment_id=1450#main\" class=\"wp-image-1450\" srcset=\"https:\/\/ispef-cha.infd.edu.ar\/sitio\/wp-content\/uploads\/2022\/07\/IMG-20220613-WA0033.jpg 1280w, https:\/\/ispef-cha.infd.edu.ar\/sitio\/wp-content\/uploads\/2022\/07\/IMG-20220613-WA0033-1000x563.jpg 1000w, https:\/\/ispef-cha.infd.edu.ar\/sitio\/wp-content\/uploads\/2022\/07\/IMG-20220613-WA0033-768x432.jpg 768w\" sizes=\"(max-width: 1280px) 100vw, 1280px\" \/><\/figure><\/li><li class=\"blocks-gallery-item\"><figure><img decoding=\"async\" loading=\"lazy\" width=\"977\" height=\"597\" src=\"https:\/\/ispef-cha.infd.edu.ar\/sitio\/wp-content\/uploads\/2022\/07\/IMG-20220613-WA0034.jpg\" alt=\"\" data-id=\"1451\" data-full-url=\"https:\/\/ispef-cha.infd.edu.ar\/sitio\/wp-content\/uploads\/2022\/07\/IMG-20220613-WA0034.jpg\" data-link=\"https:\/\/ispef-cha.infd.edu.ar\/sitio\/?attachment_id=1451#main\" class=\"wp-image-1451\" srcset=\"https:\/\/ispef-cha.infd.edu.ar\/sitio\/wp-content\/uploads\/2022\/07\/IMG-20220613-WA0034.jpg 977w, https:\/\/ispef-cha.infd.edu.ar\/sitio\/wp-content\/uploads\/2022\/07\/IMG-20220613-WA0034-768x469.jpg 768w\" sizes=\"(max-width: 977px) 100vw, 977px\" \/><\/figure><\/li><li class=\"blocks-gallery-item\"><figure><img decoding=\"async\" loading=\"lazy\" width=\"1600\" height=\"901\" src=\"https:\/\/ispef-cha.infd.edu.ar\/sitio\/wp-content\/uploads\/2022\/07\/IMG-20220613-WA0035.jpg\" alt=\"\" data-id=\"1452\" data-full-url=\"https:\/\/ispef-cha.infd.edu.ar\/sitio\/wp-content\/uploads\/2022\/07\/IMG-20220613-WA0035.jpg\" data-link=\"https:\/\/ispef-cha.infd.edu.ar\/sitio\/?attachment_id=1452#main\" class=\"wp-image-1452\" srcset=\"https:\/\/ispef-cha.infd.edu.ar\/sitio\/wp-content\/uploads\/2022\/07\/IMG-20220613-WA0035.jpg 1600w, https:\/\/ispef-cha.infd.edu.ar\/sitio\/wp-content\/uploads\/2022\/07\/IMG-20220613-WA0035-1000x563.jpg 1000w, https:\/\/ispef-cha.infd.edu.ar\/sitio\/wp-content\/uploads\/2022\/07\/IMG-20220613-WA0035-768x432.jpg 768w, https:\/\/ispef-cha.infd.edu.ar\/sitio\/wp-content\/uploads\/2022\/07\/IMG-20220613-WA0035-1536x865.jpg 1536w\" sizes=\"(max-width: 1600px) 100vw, 1600px\" \/><\/figure><\/li><li class=\"blocks-gallery-item\"><figure><img decoding=\"async\" loading=\"lazy\" width=\"1280\" height=\"720\" src=\"https:\/\/ispef-cha.infd.edu.ar\/sitio\/wp-content\/uploads\/2022\/07\/IMG-20220625-WA0001.jpg\" alt=\"\" data-id=\"1453\" data-full-url=\"https:\/\/ispef-cha.infd.edu.ar\/sitio\/wp-content\/uploads\/2022\/07\/IMG-20220625-WA0001.jpg\" data-link=\"https:\/\/ispef-cha.infd.edu.ar\/sitio\/?attachment_id=1453#main\" class=\"wp-image-1453\" srcset=\"https:\/\/ispef-cha.infd.edu.ar\/sitio\/wp-content\/uploads\/2022\/07\/IMG-20220625-WA0001.jpg 1280w, https:\/\/ispef-cha.infd.edu.ar\/sitio\/wp-content\/uploads\/2022\/07\/IMG-20220625-WA0001-1000x563.jpg 1000w, https:\/\/ispef-cha.infd.edu.ar\/sitio\/wp-content\/uploads\/2022\/07\/IMG-20220625-WA0001-768x432.jpg 768w\" sizes=\"(max-width: 1280px) 100vw, 1280px\" \/><\/figure><\/li><li class=\"blocks-gallery-item\"><figure><img decoding=\"async\" loading=\"lazy\" width=\"1280\" height=\"720\" src=\"https:\/\/ispef-cha.infd.edu.ar\/sitio\/wp-content\/uploads\/2022\/07\/IMG-20220625-WA0002.jpg\" alt=\"\" data-id=\"1454\" data-full-url=\"https:\/\/ispef-cha.infd.edu.ar\/sitio\/wp-content\/uploads\/2022\/07\/IMG-20220625-WA0002.jpg\" data-link=\"https:\/\/ispef-cha.infd.edu.ar\/sitio\/?attachment_id=1454#main\" class=\"wp-image-1454\" srcset=\"https:\/\/ispef-cha.infd.edu.ar\/sitio\/wp-content\/uploads\/2022\/07\/IMG-20220625-WA0002.jpg 1280w, https:\/\/ispef-cha.infd.edu.ar\/sitio\/wp-content\/uploads\/2022\/07\/IMG-20220625-WA0002-1000x563.jpg 1000w, https:\/\/ispef-cha.infd.edu.ar\/sitio\/wp-content\/uploads\/2022\/07\/IMG-20220625-WA0002-768x432.jpg 768w\" sizes=\"(max-width: 1280px) 100vw, 1280px\" \/><\/figure><\/li><li class=\"blocks-gallery-item\"><figure><img decoding=\"async\" loading=\"lazy\" width=\"1280\" height=\"720\" src=\"https:\/\/ispef-cha.infd.edu.ar\/sitio\/wp-content\/uploads\/2022\/07\/IMG-20220625-WA0003.jpg\" alt=\"\" data-id=\"1455\" data-full-url=\"https:\/\/ispef-cha.infd.edu.ar\/sitio\/wp-content\/uploads\/2022\/07\/IMG-20220625-WA0003.jpg\" data-link=\"https:\/\/ispef-cha.infd.edu.ar\/sitio\/?attachment_id=1455#main\" class=\"wp-image-1455\" srcset=\"https:\/\/ispef-cha.infd.edu.ar\/sitio\/wp-content\/uploads\/2022\/07\/IMG-20220625-WA0003.jpg 1280w, https:\/\/ispef-cha.infd.edu.ar\/sitio\/wp-content\/uploads\/2022\/07\/IMG-20220625-WA0003-1000x563.jpg 1000w, https:\/\/ispef-cha.infd.edu.ar\/sitio\/wp-content\/uploads\/2022\/07\/IMG-20220625-WA0003-768x432.jpg 768w\" sizes=\"(max-width: 1280px) 100vw, 1280px\" \/><\/figure><\/li><\/ul><\/figure>\n","protected":false},"excerpt":{"rendered":"<p>DISERTACI\u00d3N EN ARBITRAJE DE BASKETBALL Y MESA DE CONTROL. ACTIVIDAD ENMARCADA EN LA PROPUESTA PEDAG\u00d3GICA DE LA UNIDAD CURRICULAR BASKETBALL INVITACI\u00d3N DE ESPECIALISTAS EN NUTRICI\u00d3N EN LA UNIDAD CURRICULAR DE PROPUESTA VARIABLE EDUCACI\u00d3N F\u00cdSICA Y PR\u00c1CTICAS SALUDABLES<\/p>\n","protected":false},"author":72,"featured_media":0,"parent":0,"menu_order":0,"comment_status":"closed","ping_status":"closed","template":"","meta":[],"acf":[],"_links":{"self":[{"href":"https:\/\/ispef-cha.infd.edu.ar\/sitio\/wp-json\/wp\/v2\/pages\/1440"}],"collection":[{"href":"https:\/\/ispef-cha.infd.edu.ar\/sitio\/wp-json\/wp\/v2\/pages"}],"about":[{"href":"https:\/\/ispef-cha.infd.edu.ar\/sitio\/wp-json\/wp\/v2\/types\/page"}],"author":[{"embeddable":true,"href":"https:\/\/ispef-cha.infd.edu.ar\/sitio\/wp-json\/wp\/v2\/users\/72"}],"replies":[{"embeddable":true,"href":"https:\/\/ispef-cha.infd.edu.ar\/sitio\/wp-json\/wp\/v2\/comments?post=1440"}],"version-history":[{"count":2,"href":"https:\/\/ispef-cha.infd.edu.ar\/sitio\/wp-json\/wp\/v2\/pages\/1440\/revisions"}],"predecessor-version":[{"id":1755,"href":"https:\/\/ispef-cha.infd.edu.ar\/sitio\/wp-json\/wp\/v2\/pages\/1440\/revisions\/1755"}],"wp:attachment":[{"href":"https:\/\/ispef-cha.infd.edu.ar\/sitio\/wp-json\/wp\/v2\/media?parent=1440"}],"curies":[{"name":"wp","href":"https:\/\/api.w.org\/{rel}","templated":true}]}}