{"id":1054,"date":"2021-12-30T09:16:19","date_gmt":"2021-12-30T12:16:19","guid":{"rendered":"https:\/\/ispef-cha.infd.edu.ar\/sitio\/?page_id=1054"},"modified":"2026-03-15T20:56:29","modified_gmt":"2026-03-15T23:56:29","slug":"documentos","status":"publish","type":"page","link":"https:\/\/ispef-cha.infd.edu.ar\/sitio\/documentos\/","title":{"rendered":"MODELO DE NOTAS"},"content":{"rendered":"\n<p>Descargar los documentos completarlos y presentarlo por duplicado en secretar\u00eda administrativa o secretar\u00eda acad\u00e9mica. <\/p>\n\n\n\n<div class=\"wp-block-columns is-layout-flex wp-container-3\">\n<div class=\"wp-block-column is-layout-flow\" style=\"flex-basis:100%\">\n<div class=\"wp-block-group alignwide is-layout-constrained\"><div class=\"wp-block-group__inner-container\">\n<p class=\"has-medium-font-size\"><a href=\"https:\/\/ispef-cha.infd.edu.ar\/sitio\/wp-content\/uploads\/2026\/03\/MODELO-solicitud-de-analitico.docx\" data-type=\"attachment\" data-id=\"2539\">SOLICITUD DE CERTIFICADO ANAL\u00cdTICO<\/a><\/p>\n\n\n\n<p class=\"has-medium-font-size\"><a href=\"https:\/\/ispef-cha.infd.edu.ar\/sitio\/wp-content\/uploads\/2026\/03\/MODELO-READMISION-.docx\" data-type=\"attachment\" data-id=\"2541\">SOLCITUD DE READMISI\u00d3N A LA CARRERA <\/a><\/p>\n\n\n\n<p class=\"has-medium-font-size\"><a href=\"https:\/\/ispef-cha.infd.edu.ar\/sitio\/wp-content\/uploads\/2026\/03\/MODELO-cambio-de-plan.docx\" data-type=\"attachment\" data-id=\"2540\">SOLICITUD DE CAMBIO DE PLAN DE ESTUDIOS<\/a><\/p>\n\n\n\n<p class=\"has-medium-font-size\"><a href=\"https:\/\/ispef-cha.infd.edu.ar\/sitio\/wp-content\/uploads\/2026\/03\/modelo-solicitud-mesa-de-examenfinal.docx\" data-type=\"attachment\" data-id=\"2538\">SOLCITUD DE MESA DE EXAMEN ESPECIAL <\/a><\/p>\n<\/div><\/div>\n<\/div>\n<\/div>\n","protected":false},"excerpt":{"rendered":"<p>Descargar los documentos completarlos y presentarlo por duplicado en secretar\u00eda administrativa o secretar\u00eda acad\u00e9mica. SOLICITUD DE CERTIFICADO ANAL\u00cdTICO SOLCITUD DE READMISI\u00d3N A LA CARRERA SOLICITUD DE CAMBIO DE PLAN DE ESTUDIOS SOLCITUD DE MESA DE EXAMEN ESPECIAL<\/p>\n","protected":false},"author":2184,"featured_media":0,"parent":0,"menu_order":0,"comment_status":"closed","ping_status":"closed","template":"","meta":[],"acf":[],"_links":{"self":[{"href":"https:\/\/ispef-cha.infd.edu.ar\/sitio\/wp-json\/wp\/v2\/pages\/1054"}],"collection":[{"href":"https:\/\/ispef-cha.infd.edu.ar\/sitio\/wp-json\/wp\/v2\/pages"}],"about":[{"href":"https:\/\/ispef-cha.infd.edu.ar\/sitio\/wp-json\/wp\/v2\/types\/page"}],"author":[{"embeddable":true,"href":"https:\/\/ispef-cha.infd.edu.ar\/sitio\/wp-json\/wp\/v2\/users\/2184"}],"replies":[{"embeddable":true,"href":"https:\/\/ispef-cha.infd.edu.ar\/sitio\/wp-json\/wp\/v2\/comments?post=1054"}],"version-history":[{"count":18,"href":"https:\/\/ispef-cha.infd.edu.ar\/sitio\/wp-json\/wp\/v2\/pages\/1054\/revisions"}],"predecessor-version":[{"id":2544,"href":"https:\/\/ispef-cha.infd.edu.ar\/sitio\/wp-json\/wp\/v2\/pages\/1054\/revisions\/2544"}],"wp:attachment":[{"href":"https:\/\/ispef-cha.infd.edu.ar\/sitio\/wp-json\/wp\/v2\/media?parent=1054"}],"curies":[{"name":"wp","href":"https:\/\/api.w.org\/{rel}","templated":true}]}}